{"id":612,"date":"2021-03-26T10:04:13","date_gmt":"2021-03-26T10:04:13","guid":{"rendered":"http:\/\/localhost\/nuss\/?page_id=612"},"modified":"2025-12-06T07:55:09","modified_gmt":"2025-12-06T07:55:09","slug":"ristorante","status":"publish","type":"page","link":"https:\/\/intercityhotelbeijing.com\/it\/ristorante\/","title":{"rendered":"Ristorante"},"content":{"rendered":"<div data-elementor-type=\"wp-page\" data-elementor-id=\"612\" class=\"elementor elementor-612\">\n\t\t\t\t\t\t<section class=\"elementor-section elementor-top-section elementor-element elementor-element-e2effe8 elementor-section-boxed elementor-section-gap-beside-yes elementor-section-height-default elementor-section-height-default elementor-section-column-vertical-align-stretch\" data-id=\"e2effe8\" data-element_type=\"section\" data-e-type=\"section\">\n\t\t\t\t\t\t<div class=\"elementor-container elementor-column-gap-extended\">\n\t\t\t\t\t<div class=\"elementor-column elementor-col-100 elementor-top-column elementor-element elementor-element-e18f688\" data-id=\"e18f688\" data-element_type=\"column\" data-e-type=\"column\">\n\t\t\t<div class=\"elementor-widget-wrap elementor-element-populated\">\n\t\t\t\t\t\t<div class=\"elementor-element elementor-element-6db146d elementor-widget__width-initial elementor-invisible elementor-widget elementor-widget-text-editor\" data-id=\"6db146d\" data-element_type=\"widget\" data-e-type=\"widget\" data-settings=\"{&quot;_animation&quot;:&quot;nussFadeInUp&quot;}\" data-widget_type=\"text-editor.default\">\n\t\t\t\t\t\t\t\t\t<p><strong data-spm-anchor-id=\"a2ty_o01.29997173.0.i57.5e52c92120wETC\">Benvenuti al ristorante Hao Wei presso l&#039;hotel interurbano dell&#039;aeroporto internazionale di Pechino Daxing<\/strong><\/p>\t\t\t\t\t\t\t\t<\/div>\n\t\t\t\t\t<\/div>\n\t\t<\/div>\n\t\t\t\t\t<\/div>\n\t\t<\/section>\n\t\t<div class=\"elementor-element elementor-element-ab86fcb e-flex e-con-boxed e-con e-parent\" data-id=\"ab86fcb\" data-element_type=\"container\" data-e-type=\"container\">\n\t\t\t\t\t<div class=\"e-con-inner\">\n\t\t\t\t<div class=\"elementor-element elementor-element-313ecee elementor-widget elementor-widget-text-editor\" data-id=\"313ecee\" data-element_type=\"widget\" data-e-type=\"widget\" data-widget_type=\"text-editor.default\">\n\t\t\t\t\t\t\t\t\t<p data-spm-anchor-id=\"a2ty_o01.29997173.0.i59.5e52c92120wETC\">Al <strong>Hotel interurbano dell&#039;aeroporto internazionale di Pechino Daxing<\/strong>, la ristorazione non \u00e8 solo una necessit\u00e0, \u00e8 una destinazione in s\u00e9. Immerso nel nostro elegante hotel a 4 stelle di ispirazione tedesca, <strong>Ristorante Hao Wei<\/strong> offre un&#039;esperienza culinaria che si fonde perfettamente <strong>autentici sapori cinesi con l&#039;eleganza europea stagionale<\/strong>, creando un viaggio culinario memorabile per i viaggiatori di tutto il mondo.<\/p><p>Situato appena <strong>1,8 km dall&#039;aeroporto internazionale di Pechino Daxing (PKX)<\/strong>Hao Wei \u00e8 pi\u00f9 di un semplice ristorante d&#039;albergo: \u00e8 una celebrazione di cultura, comfort e qualit\u00e0. Progettato con un&#039;estetica moderna e un impegno per l&#039;eccellenza, il ristorante \u00e8 il cuore della nostra filosofia di ospitalit\u00e0: dove un servizio attento incontra una cucina innovativa. Che stiate facendo il pieno di energie per un volo mattutino, rilassandovi dopo un lungo viaggio o semplicemente cercando un pasto ben preparato in un ambiente sereno, Hao Wei offre un&#039;esperienza culinaria che supera le aspettative anche del viaggiatore pi\u00f9 esigente.<\/p><div class=\"my-2\">\u00a0<\/div><h3>Un&#039;esperienza di colazione pensata per il viaggiatore moderno<\/h3><p>Il ristorante Hao Wei \u00e8 specializzato in un <strong>colazione a buffet giornaliera<\/strong> servito da <strong>dalle 06:30 alle 10:00<\/strong>, offrendo un&#039;ampia finestra temporale adatta sia a chi si alza presto che a chi dorme fino a tardi. Questo orario di servizio esteso garantisce un&#039;atmosfera rilassata e tranquilla: niente fretta, niente code, solo un inizio di giornata sereno.<\/p><p>Il nostro men\u00f9 per la colazione \u00e8 una fusione attentamente curata di <strong>Tradizioni culinarie occidentali e cinesi<\/strong>Gli ospiti possono usufruire di un&#039;ampia gamma di opzioni, tra cui:<\/p><ul><li>Appena cotto a vapore <strong>dim sum, baozi e congee<\/strong> per assaporare l&#039;autentica Pechino.<\/li><li>Una selezione di <strong>salumi, formaggi e pane tedeschi importati<\/strong> che riflettono l&#039;etica del design di ispirazione tedesca del nostro hotel.<\/li><li>Piatti caldi come uova strapazzate, salsicce e verdure grigliate.<\/li><li>Frutta di stagione, yogurt di prima qualit\u00e0 e una variet\u00e0 di dolci e prodotti da forno.<\/li><\/ul><p>Ogni ingrediente \u00e8 selezionato per freschezza e qualit\u00e0, garantendo un inizio di viaggio nutriente e appagante. I viaggiatori lodano costantemente il <strong>variet\u00e0, pulizia e comfort<\/strong> della sala da pranzo, e molti sottolineano che la colazione all&#039;Hao Wei \u00e8 uno dei momenti salienti del loro soggiorno.<\/p><div class=\"my-2\">\u00a0<\/div><h3>Artigianato culinario di ispirazione tedesca<\/h3><p>Disegno da <strong>Tradizioni tedesche di precisione e sapore<\/strong>Hao Wei integra temi stagionali e presentazioni in stile europeo nella sua offerta. Il design del ristorante riflette questa fusione: linee pulite, luci calde e un ambiente aperto che invita al relax. \u00c8 uno spazio dove i viaggiatori d&#039;affari possono consultare documenti sorseggiando una tazza di caff\u00e8 forte e le famiglie possono riunirsi per un pasto abbondante prima di imbarcarsi sul volo.<\/p><p>Sebbene la cena non venga servita al ristorante, nelle vicinanze si trovano ristoranti locali e punti barbecue. <strong>1 km di distanza a piedi<\/strong>, offrendo opzioni di ristorazione fino a tarda notte per gli ospiti che arrivano dopo l&#039;orario di chiusura.<\/p><div class=\"my-2\">\u00a0<\/div><h3>Pi\u00f9 di un semplice pasto: un&#039;esperienza culinaria completa<\/h3><p>A completare Hao Wei c&#039;\u00e8 il <strong>Bar della hall &quot;Hao Wu&quot;<\/strong>, uno spazio tranquillo dove gli ospiti possono godere <strong>caff\u00e8, t\u00e8 e rinfreschi leggeri di prima qualit\u00e0<\/strong> durante tutta la giornata. Che vogliate recuperare il lavoro, incontrare un collega o semplicemente godervi un momento di tranquillit\u00e0, il bar della hall offre un&#039;atmosfera accogliente, impreziosita da musica soft e da un design elegante.<\/p><p>Per gli ospiti business, l&#039;adiacente <strong>Lounge executive \u201cHao Ju\u201d<\/strong> offre un ambiente raffinato per riunioni o conversazioni tranquille, con musica di sottofondo rilassante e servizio personalizzato: perfetto per concludere un affare o prepararsi per una presentazione.<\/p><p>\u00a0<\/p><h3>Inizia e termina il tuo viaggio con il sapore<\/h3><p>A <strong>Ristorante Hao Wei<\/strong>Crediamo che ogni viaggio meriti un pasto delizioso. Che tu stia iniziando la tua avventura a Pechino o concludendo una spedizione globale, lascia che ti offriamo un momento di calma, comfort e delizie culinarie.<\/p><p>Prova la miscela perfetta di <strong>Calore cinese e precisione tedesca<\/strong>\u2014un boccone, una tazza, un viaggiatore alla volta.<\/p><p data-spm-anchor-id=\"a2ty_o01.29997173.0.i60.5e52c92120wETC\"><strong>Ristorante Hao Wei: dove il mondo si incontra a tavola, a pochi minuti dal cielo.<\/strong><\/p>\t\t\t\t\t\t\t\t<\/div>\n\t\t\t\t\t<\/div>\n\t\t\t\t<\/div>\n\t\t<div class=\"elementor-element elementor-element-b225ac7 e-flex e-con-boxed e-con e-parent\" data-id=\"b225ac7\" data-element_type=\"container\" data-e-type=\"container\">\n\t\t\t\t\t<div class=\"e-con-inner\">\n\t\t\t\t<div class=\"elementor-element elementor-element-e62b919 elementor-widget elementor-widget-nuss-image-gallery\" data-id=\"e62b919\" data-element_type=\"widget\" data-e-type=\"widget\" data-widget_type=\"nuss-image-gallery.default\">\n\t\t\t\t<div class=\"elementor-widget-container\">\n\t\t\t\t\t\t\t<div class=\"nuss-grid-wrapper\" data-grid=\"{&quot;type&quot;:&quot;grid&quot;,&quot;ratio&quot;:null,&quot;columns&quot;:3,&quot;gutter&quot;:30}\">\r\n\t\t\t<div class=\"nuss-grid lazy-grid\">\r\n\t\t\t\t<div class=\"grid-sizer\"><\/div>\r\n\r\n\t\t\t\t\t\t\t\t\t\t\t\t<div class=\"grid-item\">\r\n\t\t\t\t\t\t<div class=\"nuss-box\">\t\t<div class=\"nuss-image image\">\r\n\t\t\t<img decoding=\"async\"  src=\"https:\/\/intercityhotelbeijing.com\/wp-content\/uploads\/2025\/08\/IntercityHotel-Beijing-Daxing-International-Airport-Hotel-19.webp\" alt=\"IntercityHotel Beijing Daxing International Airport Hotel (19)\" \/>\t\t<\/div>\r\n\t\t\t\t<\/div>\t\t\t\t\t<\/div>\r\n\t\t\t\t\t\t<div class=\"grid-item\">\r\n\t\t\t\t\t\t<div class=\"nuss-box\">\t\t<div class=\"nuss-image image\">\r\n\t\t\t<img decoding=\"async\"  src=\"https:\/\/intercityhotelbeijing.com\/wp-content\/uploads\/2025\/08\/IntercityHotel-Beijing-Daxing-International-Airport-Hotel-9.webp\" alt=\"IntercityHotel Beijing Daxing International Airport Hotel (9)\" \/>\t\t<\/div>\r\n\t\t\t\t<\/div>\t\t\t\t\t<\/div>\r\n\t\t\t\t\t\t<div class=\"grid-item\">\r\n\t\t\t\t\t\t<div class=\"nuss-box\">\t\t<div class=\"nuss-image image\">\r\n\t\t\t<img decoding=\"async\"  src=\"https:\/\/intercityhotelbeijing.com\/wp-content\/uploads\/2025\/08\/IntercityHotel-Beijing-Daxing-International-Airport-Hotel-41.webp\" alt=\"IntercityHotel Beijing Daxing International Airport Hotel (41)\" \/>\t\t<\/div>\r\n\t\t\t\t<\/div>\t\t\t\t\t<\/div>\r\n\t\t\t\t\t\t<div class=\"grid-item\">\r\n\t\t\t\t\t\t<div class=\"nuss-box\">\t\t<div class=\"nuss-image image\">\r\n\t\t\t<img decoding=\"async\"  src=\"https:\/\/intercityhotelbeijing.com\/wp-content\/uploads\/2025\/08\/IntercityHotel-Beijing-Daxing-International-Airport-Hotel-36.webp\" alt=\"IntercityHotel Beijing Daxing International Airport Hotel (36)\" \/>\t\t<\/div>\r\n\t\t\t\t<\/div>\t\t\t\t\t<\/div>\r\n\t\t\t\t\t\t<div class=\"grid-item\">\r\n\t\t\t\t\t\t<div class=\"nuss-box\">\t\t<div class=\"nuss-image image\">\r\n\t\t\t<img decoding=\"async\"  src=\"https:\/\/intercityhotelbeijing.com\/wp-content\/uploads\/2025\/08\/IntercityHotel-Beijing-Daxing-International-Airport-Hotel-74.webp\" alt=\"IntercityHotel Beijing Daxing International Airport Hotel (74)\" \/>\t\t<\/div>\r\n\t\t\t\t<\/div>\t\t\t\t\t<\/div>\r\n\t\t\t\t\t\t<div class=\"grid-item\">\r\n\t\t\t\t\t\t<div class=\"nuss-box\">\t\t<div class=\"nuss-image image\">\r\n\t\t\t<img decoding=\"async\"  src=\"https:\/\/intercityhotelbeijing.com\/wp-content\/uploads\/2025\/08\/IntercityHotel-Beijing-Daxing-International-Airport-Hotel-49.webp\" alt=\"IntercityHotel Beijing Daxing International Airport Hotel (49)\" \/>\t\t<\/div>\r\n\t\t\t\t<\/div>\t\t\t\t\t<\/div>\r\n\t\t\t\t\t\t\t\r\n\t\t\t<\/div>\r\n\t\t<\/div>\r\n\t\t\t\t\t\t<\/div>\n\t\t\t\t<\/div>\n\t\t\t\t\t<\/div>\n\t\t\t\t<\/div>\n\t\t<div class=\"elementor-element elementor-element-8cc0c6d e-flex e-con-boxed e-con e-parent\" data-id=\"8cc0c6d\" data-element_type=\"container\" data-e-type=\"container\">\n\t\t\t\t\t<div class=\"e-con-inner\">\n\t\t\t\t<div class=\"elementor-element elementor-element-431a24b elementor-widget elementor-widget-text-editor\" data-id=\"431a24b\" data-element_type=\"widget\" data-e-type=\"widget\" data-widget_type=\"text-editor.default\">\n\t\t\t\t\t\t\t\t\t<h3>Sostenibilit\u00e0, igiene e innovazione nel piatto<\/h3><p>Proprio come l&#039;hotel integra tecnologie intelligenti e sostenibilit\u00e0 nelle sue attivit\u00e0, Hao Wei segue gli stessi elevati standard. Il ristorante aderisce a rigorosi protocolli igienici e tutte le aree comuni vengono regolarmente sanificate. Il concetto di cucina a vista permette agli ospiti di vedere la cura e la precisione che mettono in ogni piatto.<\/p><p>Inoltre, l&#039;impegno dell&#039;hotel per il benessere degli ospiti si estende ai suoi <strong>lavanderia self-service e strutture per il fitness<\/strong>, garantendo ai viaggiatori la possibilit\u00e0 di mantenere le proprie abitudini anche in viaggio, rendendo Hao Wei non solo un posto dove mangiare, ma parte di un&#039;esperienza di viaggio olistica.<\/p><div class=\"my-2\">\u00a0<\/div><h3>Posizione perfetta per viaggi senza intoppi<\/h3><p>Che tu stia arrivando a <strong>02:00 AM<\/strong> o in partenza alle <strong>05:30<\/strong>, la vicinanza dell&#039;Hao Wei all&#039;aeroporto e all&#039;hotel <strong>Servizio navetta gratuito 24 ore su 24, 7 giorni su 7<\/strong> Lo rendono una delle destinazioni pi\u00f9 comode per mangiare vicino all&#039;aeroporto internazionale di Pechino Daxing. Non dovrai pi\u00f9 preoccuparti di perdere il volo: il nostro efficiente sistema di check-out e navetta ti assicurer\u00e0 di tornare al PKX in pochi minuti.<\/p>\t\t\t\t\t\t\t\t<\/div>\n\t\t\t\t\t<\/div>\n\t\t\t\t<\/div>\n\t\t<div class=\"elementor-element elementor-element-d805c77 e-flex e-con-boxed e-con e-parent\" data-id=\"d805c77\" data-element_type=\"container\" data-e-type=\"container\">\n\t\t\t\t\t<div class=\"e-con-inner\">\n\t\t\t\t<div class=\"elementor-element elementor-element-6a9e5b8 elementor-widget elementor-widget-nuss-image-gallery\" data-id=\"6a9e5b8\" data-element_type=\"widget\" data-e-type=\"widget\" data-widget_type=\"nuss-image-gallery.default\">\n\t\t\t\t<div class=\"elementor-widget-container\">\n\t\t\t\t\t\t\t<div class=\"nuss-grid-wrapper\" data-grid=\"{&quot;type&quot;:&quot;grid&quot;,&quot;ratio&quot;:null,&quot;columns&quot;:3,&quot;gutter&quot;:30}\">\r\n\t\t\t<div class=\"nuss-grid lazy-grid\">\r\n\t\t\t\t<div class=\"grid-sizer\"><\/div>\r\n\r\n\t\t\t\t\t\t\t\t\t\t\t\t<div class=\"grid-item\">\r\n\t\t\t\t\t\t<div class=\"nuss-box\">\t\t<div class=\"nuss-image image\">\r\n\t\t\t<img decoding=\"async\"  src=\"https:\/\/intercityhotelbeijing.com\/wp-content\/uploads\/2025\/08\/IntercityHotel-Beijing-Daxing-International-Airport-Hotel-75.webp\" alt=\"IntercityHotel Beijing Daxing International Airport Hotel (75)\" \/>\t\t<\/div>\r\n\t\t\t\t<\/div>\t\t\t\t\t<\/div>\r\n\t\t\t\t\t\t<div class=\"grid-item\">\r\n\t\t\t\t\t\t<div class=\"nuss-box\">\t\t<div class=\"nuss-image image\">\r\n\t\t\t<img decoding=\"async\"  src=\"https:\/\/intercityhotelbeijing.com\/wp-content\/uploads\/2025\/08\/IntercityHotel-Beijing-Daxing-International-Airport-Hotel-68.webp\" alt=\"IntercityHotel Beijing Daxing International Airport Hotel (68)\" \/>\t\t<\/div>\r\n\t\t\t\t<\/div>\t\t\t\t\t<\/div>\r\n\t\t\t\t\t\t<div class=\"grid-item\">\r\n\t\t\t\t\t\t<div class=\"nuss-box\">\t\t<div class=\"nuss-image image\">\r\n\t\t\t<img decoding=\"async\"  src=\"https:\/\/intercityhotelbeijing.com\/wp-content\/uploads\/2025\/08\/IntercityHotel-Beijing-Daxing-International-Airport-Hotel-21.webp\" alt=\"IntercityHotel Beijing Daxing International Airport Hotel (21)\" \/>\t\t<\/div>\r\n\t\t\t\t<\/div>\t\t\t\t\t<\/div>\r\n\t\t\t\t\t\t<div class=\"grid-item\">\r\n\t\t\t\t\t\t<div class=\"nuss-box\">\t\t<div class=\"nuss-image image\">\r\n\t\t\t<img decoding=\"async\"  src=\"https:\/\/intercityhotelbeijing.com\/wp-content\/uploads\/2025\/08\/IntercityHotel-Beijing-Daxing-International-Airport-Hotel-18.webp\" alt=\"IntercityHotel Beijing Daxing International Airport Hotel (18)\" \/>\t\t<\/div>\r\n\t\t\t\t<\/div>\t\t\t\t\t<\/div>\r\n\t\t\t\t\t\t<div class=\"grid-item\">\r\n\t\t\t\t\t\t<div class=\"nuss-box\">\t\t<div class=\"nuss-image image\">\r\n\t\t\t<img decoding=\"async\"  src=\"https:\/\/intercityhotelbeijing.com\/wp-content\/uploads\/2025\/08\/IntercityHotel-Beijing-Daxing-International-Airport-Hotel-42.webp\" alt=\"IntercityHotel Beijing Daxing International Airport Hotel (42)\" \/>\t\t<\/div>\r\n\t\t\t\t<\/div>\t\t\t\t\t<\/div>\r\n\t\t\t\t\t\t<div class=\"grid-item\">\r\n\t\t\t\t\t\t<div class=\"nuss-box\">\t\t<div class=\"nuss-image image\">\r\n\t\t\t<img decoding=\"async\"  src=\"https:\/\/intercityhotelbeijing.com\/wp-content\/uploads\/2025\/08\/IntercityHotel-Beijing-Daxing-International-Airport-Hotel-3.webp\" alt=\"IntercityHotel Beijing Daxing International Airport Hotel (3)\" \/>\t\t<\/div>\r\n\t\t\t\t<\/div>\t\t\t\t\t<\/div>\r\n\t\t\t\t\t\t\t\r\n\t\t\t<\/div>\r\n\t\t<\/div>\r\n\t\t\t\t\t\t<\/div>\n\t\t\t\t<\/div>\n\t\t\t\t\t<\/div>\n\t\t\t\t<\/div>\n\t\t<div class=\"elementor-element elementor-element-91b08b1 e-flex e-con-boxed e-con e-parent\" data-id=\"91b08b1\" data-element_type=\"container\" data-e-type=\"container\">\n\t\t\t\t\t<div class=\"e-con-inner\">\n\t\t\t\t<div class=\"elementor-element elementor-element-2028c19 elementor-widget elementor-widget-text-editor\" data-id=\"2028c19\" data-element_type=\"widget\" data-e-type=\"widget\" data-widget_type=\"text-editor.default\">\n\t\t\t\t\t\t\t\t\t<h3>Amato dai viaggiatori, valutato eccezionalmente<\/h3><p>Con un <strong>Valutazione degli ospiti di 9,8\/10 su Trip.com<\/strong> basato su oltre <strong>3.455 recensioni<\/strong>, Il ristorante Hao Wei ha ottenuto consensi per il suo <strong>\u201ccolazione varia\u201d, ambiente \u201cpulito e scintillante\u201d<\/strong>, E <strong>\u201cbevande importate di alta qualit\u00e0\u201d<\/strong> nel bar. Gli ospiti sottolineano spesso il <strong>personale cordiale, men\u00f9 curato nei minimi dettagli e ambiente tranquillo e moderno<\/strong> che lo distingue dai tipici ristoranti degli hotel aeroportuali.<\/p><p>Un recensore recente ha condiviso: <em>\u201cLa colazione era buona e i posti a sedere erano comodi, il locale non era sovraffollato nemmeno nelle ore di punta, dato che c&#039;\u00e8 una lunga finestra dalle 6:30 alle 10:00 per far accomodare tutti comodamente!\u201d<\/em><\/p>\t\t\t\t\t\t\t\t<\/div>\n\t\t\t\t\t<\/div>\n\t\t\t\t<\/div>\n\t\t\t\t<\/div>","protected":false},"excerpt":{"rendered":"<p>Welcome to Hao Wei Restaurant at Beijing Daxing International Airport Intercity Hotel At the Beijing Daxing International Airport Intercity Hotel, dining is not just a necessity\u2014it\u2019s a destination in itself. Nestled within our sleek, German-inspired 4-star hotel, Hao Wei Restaurant offers a culinary experience that seamlessly blends authentic Chinese flavors with seasonal European elegance, creating [&hellip;]<\/p>\n","protected":false},"author":1,"featured_media":0,"parent":0,"menu_order":0,"comment_status":"closed","ping_status":"closed","template":"","meta":{"footnotes":""},"class_list":["post-612","page","type-page","status-publish","hentry","post-no-thumbnail"],"_links":{"self":[{"href":"https:\/\/intercityhotelbeijing.com\/it\/wp-json\/wp\/v2\/pages\/612","targetHints":{"allow":["GET"]}}],"collection":[{"href":"https:\/\/intercityhotelbeijing.com\/it\/wp-json\/wp\/v2\/pages"}],"about":[{"href":"https:\/\/intercityhotelbeijing.com\/it\/wp-json\/wp\/v2\/types\/page"}],"author":[{"embeddable":true,"href":"https:\/\/intercityhotelbeijing.com\/it\/wp-json\/wp\/v2\/users\/1"}],"replies":[{"embeddable":true,"href":"https:\/\/intercityhotelbeijing.com\/it\/wp-json\/wp\/v2\/comments?post=612"}],"version-history":[{"count":0,"href":"https:\/\/intercityhotelbeijing.com\/it\/wp-json\/wp\/v2\/pages\/612\/revisions"}],"wp:attachment":[{"href":"https:\/\/intercityhotelbeijing.com\/it\/wp-json\/wp\/v2\/media?parent=612"}],"curies":[{"name":"parola chiave","href":"https:\/\/api.w.org\/{rel}","templated":true}]}}