{"id":5266,"date":"2021-07-18T08:03:35","date_gmt":"2021-07-18T08:03:35","guid":{"rendered":"https:\/\/nuss.uxper.co\/luxury-resort\/?page_id=5266"},"modified":"2025-12-06T07:54:13","modified_gmt":"2025-12-06T07:54:13","slug":"chi-siamo","status":"publish","type":"page","link":"https:\/\/intercityhotelbeijing.com\/it\/chi-siamo\/","title":{"rendered":"Chi siamo"},"content":{"rendered":"<div data-elementor-type=\"wp-page\" data-elementor-id=\"5266\" class=\"elementor elementor-5266\">\n\t\t\t\t\t\t<section class=\"elementor-section elementor-top-section elementor-element elementor-element-10416953 elementor-section-boxed elementor-section-gap-beside-yes elementor-section-height-default elementor-section-height-default elementor-section-column-vertical-align-stretch\" data-id=\"10416953\" data-element_type=\"section\" data-e-type=\"section\">\n\t\t\t\t\t\t<div class=\"elementor-container elementor-column-gap-extended\">\n\t\t\t\t\t<div class=\"elementor-column elementor-col-100 elementor-top-column elementor-element elementor-element-29c6aa8\" data-id=\"29c6aa8\" data-element_type=\"column\" data-e-type=\"column\">\n\t\t\t<div class=\"elementor-widget-wrap elementor-element-populated\">\n\t\t\t\t\t\t<div class=\"elementor-element elementor-element-7be18fe7 elementor-widget__width-initial elementor-invisible elementor-widget elementor-widget-text-editor\" data-id=\"7be18fe7\" data-element_type=\"widget\" data-e-type=\"widget\" data-settings=\"{&quot;_animation&quot;:&quot;nussFadeInUp&quot;}\" data-widget_type=\"text-editor.default\">\n\t\t\t\t\t\t\t\t\t<p><strong data-spm-anchor-id=\"a2ty_o01.29997173.0.i24.5e52c92120wETC\">La tua porta d&#039;accesso per viaggiare senza sforzo<\/strong><\/p>\t\t\t\t\t\t\t\t<\/div>\n\t\t\t\t\t<\/div>\n\t\t<\/div>\n\t\t\t\t\t<\/div>\n\t\t<\/section>\n\t\t\t\t<section class=\"elementor-section elementor-top-section elementor-element elementor-element-7d18327f elementor-section-boxed elementor-section-gap-beside-yes elementor-section-height-default elementor-section-height-default elementor-section-column-vertical-align-stretch\" data-id=\"7d18327f\" data-element_type=\"section\" data-e-type=\"section\">\n\t\t\t\t\t\t<div class=\"elementor-container elementor-column-gap-extended\">\n\t\t\t\t\t<div class=\"elementor-column elementor-col-50 elementor-top-column elementor-element elementor-element-56533670\" data-id=\"56533670\" data-element_type=\"column\" data-e-type=\"column\">\n\t\t\t<div class=\"elementor-widget-wrap elementor-element-populated\">\n\t\t\t\t\t\t<div class=\"elementor-element elementor-element-19c3f543 elementor-invisible elementor-widget elementor-widget-text-editor\" data-id=\"19c3f543\" data-element_type=\"widget\" data-e-type=\"widget\" data-settings=\"{&quot;_animation&quot;:&quot;nussFadeInUp&quot;}\" data-widget_type=\"text-editor.default\">\n\t\t\t\t\t\t\t\t\t<p data-spm-anchor-id=\"a2ty_o01.29997173.0.i27.5e52c92120wETC\">Situato in posizione strategica a pochi minuti da uno degli hub aeronautici pi\u00f9 avanzati del mondo, il <strong>Hotel interurbano dell&#039;aeroporto internazionale di Pechino Daxing<\/strong> offre ai viaggiatori una perfetta combinazione di comfort moderno, posizione strategica e servizio eccezionale. Situato a <strong data-spm-anchor-id=\"a2ty_o01.29997173.0.i26.5e52c92120wETC\">Yuanjing West 2nd Road, n. 101, 1\u00b0 piano, edificio 2, cortile 1, distretto di Daxing, Pechino, Cina<\/strong>Questo hotel contemporaneo \u00e8 stato progettato con cura per professionisti, turisti internazionali e passeggeri in transito che cercano un rifugio rilassante senza rinunciare alla comodit\u00e0.<\/p>\t\t\t\t\t\t\t\t<\/div>\n\t\t\t\t\t<\/div>\n\t\t<\/div>\n\t\t\t\t<div class=\"elementor-column elementor-col-50 elementor-top-column elementor-element elementor-element-30f14127\" data-id=\"30f14127\" data-element_type=\"column\" data-e-type=\"column\">\n\t\t\t<div class=\"elementor-widget-wrap elementor-element-populated\">\n\t\t\t\t\t\t<div class=\"elementor-element elementor-element-6a41fc6 elementor-widget elementor-widget-image\" data-id=\"6a41fc6\" data-element_type=\"widget\" data-e-type=\"widget\" data-widget_type=\"image.default\">\n\t\t\t\t\t\t\t\t\t\t\t\t\t\t\t<img fetchpriority=\"high\" decoding=\"async\" width=\"1024\" height=\"682\" src=\"https:\/\/intercityhotelbeijing.com\/wp-content\/uploads\/2025\/08\/IntercityHotel-Beijing-Daxing-International-Airport-Hotel-25-1024x682.webp\" class=\"attachment-large size-large wp-image-5633\" alt=\"\" srcset=\"https:\/\/intercityhotelbeijing.com\/wp-content\/uploads\/2025\/08\/IntercityHotel-Beijing-Daxing-International-Airport-Hotel-25-1024x682.webp 1024w, https:\/\/intercityhotelbeijing.com\/wp-content\/uploads\/2025\/08\/IntercityHotel-Beijing-Daxing-International-Airport-Hotel-25-300x200.webp 300w, https:\/\/intercityhotelbeijing.com\/wp-content\/uploads\/2025\/08\/IntercityHotel-Beijing-Daxing-International-Airport-Hotel-25-768x512.webp 768w, https:\/\/intercityhotelbeijing.com\/wp-content\/uploads\/2025\/08\/IntercityHotel-Beijing-Daxing-International-Airport-Hotel-25-18x12.webp 18w, https:\/\/intercityhotelbeijing.com\/wp-content\/uploads\/2025\/08\/IntercityHotel-Beijing-Daxing-International-Airport-Hotel-25.webp 1280w\" sizes=\"(max-width: 1024px) 100vw, 1024px\" \/>\t\t\t\t\t\t\t\t\t\t\t\t\t\t\t<\/div>\n\t\t\t\t\t<\/div>\n\t\t<\/div>\n\t\t\t\t\t<\/div>\n\t\t<\/section>\n\t\t\t\t<section class=\"elementor-section elementor-top-section elementor-element elementor-element-29fb8578 elementor-section-height-min-height elementor-section-stretched elementor-section-full_width elementor-section-items-stretch elementor-section-height-default elementor-section-column-vertical-align-stretch\" data-id=\"29fb8578\" data-element_type=\"section\" data-e-type=\"section\" data-settings=\"{&quot;stretch_section&quot;:&quot;section-stretched&quot;}\">\n\t\t\t\t\t\t<div class=\"elementor-container elementor-column-gap-no\">\n\t\t\t\t\t<div class=\"elementor-column elementor-col-50 elementor-top-column elementor-element elementor-element-40ac270b\" data-id=\"40ac270b\" data-element_type=\"column\" data-e-type=\"column\">\n\t\t\t<div class=\"elementor-widget-wrap elementor-element-populated\">\n\t\t\t\t\t\t<div class=\"elementor-element elementor-element-20872773 elementor-widget__width-initial elementor-widget-mobile__width-inherit elementor-invisible nuss-elementor-loading nuss-slide-in-right elementor-widget elementor-widget-image\" data-id=\"20872773\" data-element_type=\"widget\" data-e-type=\"widget\" data-settings=\"{&quot;_animation&quot;:&quot;nussSlideInRight&quot;}\" data-widget_type=\"image.default\">\n\t\t\t\t\t\t\t\t\t\t\t\t\t\t\t<img decoding=\"async\" width=\"1280\" height=\"853\" src=\"https:\/\/intercityhotelbeijing.com\/wp-content\/uploads\/2025\/08\/IntercityHotel-Beijing-Daxing-International-Airport-Hotel-21.webp\" class=\"attachment-full size-full wp-image-5643\" alt=\"\" srcset=\"https:\/\/intercityhotelbeijing.com\/wp-content\/uploads\/2025\/08\/IntercityHotel-Beijing-Daxing-International-Airport-Hotel-21.webp 1280w, https:\/\/intercityhotelbeijing.com\/wp-content\/uploads\/2025\/08\/IntercityHotel-Beijing-Daxing-International-Airport-Hotel-21-300x200.webp 300w, https:\/\/intercityhotelbeijing.com\/wp-content\/uploads\/2025\/08\/IntercityHotel-Beijing-Daxing-International-Airport-Hotel-21-1024x682.webp 1024w, https:\/\/intercityhotelbeijing.com\/wp-content\/uploads\/2025\/08\/IntercityHotel-Beijing-Daxing-International-Airport-Hotel-21-768x512.webp 768w, https:\/\/intercityhotelbeijing.com\/wp-content\/uploads\/2025\/08\/IntercityHotel-Beijing-Daxing-International-Airport-Hotel-21-18x12.webp 18w\" sizes=\"(max-width: 1280px) 100vw, 1280px\" \/>\t\t\t\t\t\t\t\t\t\t\t\t\t\t\t<\/div>\n\t\t\t\t\t<\/div>\n\t\t<\/div>\n\t\t\t\t<div class=\"elementor-column elementor-col-50 elementor-top-column elementor-element elementor-element-2dac103\" data-id=\"2dac103\" data-element_type=\"column\" data-e-type=\"column\">\n\t\t\t<div class=\"elementor-widget-wrap elementor-element-populated\">\n\t\t\t\t\t\t<div class=\"elementor-element elementor-element-6f1b8966 elementor-invisible elementor-widget elementor-widget-text-editor\" data-id=\"6f1b8966\" data-element_type=\"widget\" data-e-type=\"widget\" data-settings=\"{&quot;_animation&quot;:&quot;nussFadeInUp&quot;}\" data-widget_type=\"text-editor.default\">\n\t\t\t\t\t\t\t\t\t<p>Essendo una delle strutture pi\u00f9 vicine all&#039;Aeroporto Internazionale di Pechino Daxing (PKX), l&#039;hotel \u00e8 la base ideale per chi parte presto, arriva tardi o ha scali brevi. Che arriviate da tutto il mondo o che stiate intraprendendo un nuovo viaggio attraverso la Cina, il nostro hotel elimina lo stress dei lunghi spostamenti grazie al rapido accesso ai terminal aeroportuali, garantendovi di ottimizzare il tempo a disposizione, sia per il riposo, il lavoro o l&#039;esplorazione.<\/p><p>Il Beijing Daxing International Airport Intercity Hotel coniuga un design elegante e minimalista con un lusso pratico. Ogni camera \u00e8 insonorizzata per garantire un sonno tranquillo nel dinamico ambiente aeroportuale, ed \u00e8 dotata di biancheria da letto di lusso, climatizzazione intelligente, Wi-Fi ad alta velocit\u00e0 e comfort moderni pensati per il viaggiatore esigente di oggi. Dettagli premurosi come postazioni di ricarica USB, postazioni di lavoro ergonomiche e articoli da toeletta di alta qualit\u00e0 trasformano il vostro soggiorno da ordinario a eccezionale.<\/p>\t\t\t\t\t\t\t\t<\/div>\n\t\t\t\t\t<\/div>\n\t\t<\/div>\n\t\t\t\t\t<\/div>\n\t\t<\/section>\n\t\t\t\t<section class=\"elementor-section elementor-top-section elementor-element elementor-element-3c7468e elementor-section-height-min-height elementor-section-stretched elementor-section-full_width elementor-section-items-stretch elementor-section-height-default elementor-section-column-vertical-align-stretch\" data-id=\"3c7468e\" data-element_type=\"section\" data-e-type=\"section\" data-settings=\"{&quot;stretch_section&quot;:&quot;section-stretched&quot;}\">\n\t\t\t\t\t\t<div class=\"elementor-container elementor-column-gap-no\">\n\t\t\t\t\t<div class=\"elementor-column elementor-col-50 elementor-top-column elementor-element elementor-element-880be69\" data-id=\"880be69\" data-element_type=\"column\" data-e-type=\"column\">\n\t\t\t<div class=\"elementor-widget-wrap elementor-element-populated\">\n\t\t\t\t\t\t<div class=\"elementor-element elementor-element-75a624c elementor-invisible elementor-widget elementor-widget-text-editor\" data-id=\"75a624c\" data-element_type=\"widget\" data-e-type=\"widget\" data-settings=\"{&quot;_animation&quot;:&quot;nussFadeInUp&quot;}\" data-widget_type=\"text-editor.default\">\n\t\t\t\t\t\t\t\t\t<p>Oltre al comfort, l&#039;hotel \u00e8 un centro di comodit\u00e0. Gli ospiti possono usufruire di una reception aperta 24 ore su 24, check-in e check-out express, deposito bagagli e servizio navetta programmato da e per i terminal aeroportuali, rendendo gli spostamenti fluidi ed efficienti. Per quanto riguarda la ristorazione, <strong>Ristorante SkyBite<\/strong> offre un men\u00f9 curato che fonde gli autentici sapori di Pechino con la cucina internazionale, perfetto per una colazione abbondante prima della partenza o un pasto soddisfacente dopo l&#039;atterraggio.<\/p><p>I viaggiatori possono anche mantenere la loro routine di benessere grazie all&#039;accesso a un&#039;area fitness compatta ma ben attrezzata, ideale per un allenamento veloce o per lo stretching per combattere il jet lag. Che il vostro soggiorno sia di poche ore o di pi\u00f9 notti, i nostri servizi sono pensati per supportare i vostri ritmi: rapidi, flessibili e sempre incentrati sul cliente.<\/p>\t\t\t\t\t\t\t\t<\/div>\n\t\t\t\t\t<\/div>\n\t\t<\/div>\n\t\t\t\t<div class=\"elementor-column elementor-col-50 elementor-top-column elementor-element elementor-element-ff54667\" data-id=\"ff54667\" data-element_type=\"column\" data-e-type=\"column\">\n\t\t\t<div class=\"elementor-widget-wrap elementor-element-populated\">\n\t\t\t\t\t\t<div class=\"elementor-element elementor-element-4a0fe57 elementor-widget__width-initial elementor-widget-mobile__width-inherit elementor-invisible nuss-elementor-loading nuss-slide-in-right elementor-widget elementor-widget-image\" data-id=\"4a0fe57\" data-element_type=\"widget\" data-e-type=\"widget\" data-settings=\"{&quot;_animation&quot;:&quot;nussSlideInRight&quot;}\" data-widget_type=\"image.default\">\n\t\t\t\t\t\t\t\t\t\t\t\t\t\t\t<img decoding=\"async\" width=\"1280\" height=\"853\" src=\"https:\/\/intercityhotelbeijing.com\/wp-content\/uploads\/2025\/08\/IntercityHotel-Beijing-Daxing-International-Airport-Hotel-72.webp\" class=\"attachment-full size-full wp-image-5589\" alt=\"\" srcset=\"https:\/\/intercityhotelbeijing.com\/wp-content\/uploads\/2025\/08\/IntercityHotel-Beijing-Daxing-International-Airport-Hotel-72.webp 1280w, https:\/\/intercityhotelbeijing.com\/wp-content\/uploads\/2025\/08\/IntercityHotel-Beijing-Daxing-International-Airport-Hotel-72-300x200.webp 300w, https:\/\/intercityhotelbeijing.com\/wp-content\/uploads\/2025\/08\/IntercityHotel-Beijing-Daxing-International-Airport-Hotel-72-1024x682.webp 1024w, https:\/\/intercityhotelbeijing.com\/wp-content\/uploads\/2025\/08\/IntercityHotel-Beijing-Daxing-International-Airport-Hotel-72-768x512.webp 768w, https:\/\/intercityhotelbeijing.com\/wp-content\/uploads\/2025\/08\/IntercityHotel-Beijing-Daxing-International-Airport-Hotel-72-18x12.webp 18w\" sizes=\"(max-width: 1280px) 100vw, 1280px\" \/>\t\t\t\t\t\t\t\t\t\t\t\t\t\t\t<\/div>\n\t\t\t\t\t<\/div>\n\t\t<\/div>\n\t\t\t\t\t<\/div>\n\t\t<\/section>\n\t\t\t\t<section class=\"elementor-section elementor-top-section elementor-element elementor-element-d7154ff elementor-section-height-min-height elementor-section-stretched elementor-section-full_width elementor-section-items-stretch elementor-section-height-default elementor-section-column-vertical-align-stretch\" data-id=\"d7154ff\" data-element_type=\"section\" data-e-type=\"section\" data-settings=\"{&quot;stretch_section&quot;:&quot;section-stretched&quot;}\">\n\t\t\t\t\t\t<div class=\"elementor-container elementor-column-gap-no\">\n\t\t\t\t\t<div class=\"elementor-column elementor-col-50 elementor-top-column elementor-element elementor-element-c826358\" data-id=\"c826358\" data-element_type=\"column\" data-e-type=\"column\">\n\t\t\t<div class=\"elementor-widget-wrap elementor-element-populated\">\n\t\t\t\t\t\t<div class=\"elementor-element elementor-element-f52ade0 elementor-widget__width-initial elementor-widget-mobile__width-inherit elementor-invisible nuss-elementor-loading nuss-slide-in-right elementor-widget elementor-widget-image\" data-id=\"f52ade0\" data-element_type=\"widget\" data-e-type=\"widget\" data-settings=\"{&quot;_animation&quot;:&quot;nussSlideInRight&quot;}\" data-widget_type=\"image.default\">\n\t\t\t\t\t\t\t\t\t\t\t\t\t\t\t<img loading=\"lazy\" decoding=\"async\" width=\"1280\" height=\"853\" src=\"https:\/\/intercityhotelbeijing.com\/wp-content\/uploads\/2025\/08\/IntercityHotel-Beijing-Daxing-International-Airport-Hotel-38.webp\" class=\"attachment-full size-full wp-image-5647\" alt=\"\" srcset=\"https:\/\/intercityhotelbeijing.com\/wp-content\/uploads\/2025\/08\/IntercityHotel-Beijing-Daxing-International-Airport-Hotel-38.webp 1280w, https:\/\/intercityhotelbeijing.com\/wp-content\/uploads\/2025\/08\/IntercityHotel-Beijing-Daxing-International-Airport-Hotel-38-300x200.webp 300w, https:\/\/intercityhotelbeijing.com\/wp-content\/uploads\/2025\/08\/IntercityHotel-Beijing-Daxing-International-Airport-Hotel-38-1024x682.webp 1024w, https:\/\/intercityhotelbeijing.com\/wp-content\/uploads\/2025\/08\/IntercityHotel-Beijing-Daxing-International-Airport-Hotel-38-768x512.webp 768w, https:\/\/intercityhotelbeijing.com\/wp-content\/uploads\/2025\/08\/IntercityHotel-Beijing-Daxing-International-Airport-Hotel-38-18x12.webp 18w\" sizes=\"(max-width: 1280px) 100vw, 1280px\" \/>\t\t\t\t\t\t\t\t\t\t\t\t\t\t\t<\/div>\n\t\t\t\t\t<\/div>\n\t\t<\/div>\n\t\t\t\t<div class=\"elementor-column elementor-col-50 elementor-top-column elementor-element elementor-element-6c1b574\" data-id=\"6c1b574\" data-element_type=\"column\" data-e-type=\"column\">\n\t\t\t<div class=\"elementor-widget-wrap elementor-element-populated\">\n\t\t\t\t\t\t<div class=\"elementor-element elementor-element-7a7afdd elementor-invisible elementor-widget elementor-widget-text-editor\" data-id=\"7a7afdd\" data-element_type=\"widget\" data-e-type=\"widget\" data-settings=\"{&quot;_animation&quot;:&quot;nussFadeInUp&quot;}\" data-widget_type=\"text-editor.default\">\n\t\t\t\t\t\t\t\t\t<p data-spm-anchor-id=\"a2ty_o01.29997173.0.i29.5e52c92120wETC\">Situato nel quartiere in rapido sviluppo di Daxing, l&#039;hotel offre anche un facile accesso alle principali zone commerciali, ai centri espositivi e alle reti di trasporto, il che lo rende una scelta intelligente non solo per i viaggiatori aerei, ma anche per gli ospiti aziendali che partecipano a riunioni o conferenze nelle vicinanze.<\/p><p>Grazie alla sua imbattibile vicinanza all&#039;aeroporto di Pechino Daxing, all&#039;impegno per il comfort degli ospiti e all&#039;attenzione ai dettagli in ogni servizio, l&#039; <strong>Hotel interurbano dell&#039;aeroporto internazionale di Pechino Daxing<\/strong> Ridefinisce il concetto di hotel aeroportuale. Non \u00e8 solo un posto dove dormire: \u00e8 un&#039;estensione perfetta del tuo viaggio, dove l&#039;efficienza incontra la tranquillit\u00e0 e ogni dettaglio \u00e8 progettato per farti viaggiare con serenit\u00e0.<\/p><p>Che tu stia iniziando, terminando o interrompendo la tua avventura nel cuore della Cina, vivi un viaggio perfetto al Beijing Daxing International Airport Intercity Hotel, dove posizione, comfort e attenzione si fondono in perfetta armonia.<\/p>\t\t\t\t\t\t\t\t<\/div>\n\t\t\t\t\t<\/div>\n\t\t<\/div>\n\t\t\t\t\t<\/div>\n\t\t<\/section>\n\t\t\t\t<\/div>","protected":false},"excerpt":{"rendered":"<p>Your Gateway to Effortless Travel Conveniently nestled just minutes from one of the world\u2019s most advanced aviation hubs, the Beijing Daxing International Airport Intercity Hotel offers travelers a perfect blend of modern comfort, strategic location, and exceptional service. Located at Yuanjing West 2nd Road, No. 101, 1st Floor, Building 2, Yard 1, Daxing District, Beijing, [&hellip;]<\/p>\n","protected":false},"author":1,"featured_media":0,"parent":0,"menu_order":0,"comment_status":"closed","ping_status":"closed","template":"","meta":{"footnotes":""},"class_list":["post-5266","page","type-page","status-publish","hentry","post-no-thumbnail"],"_links":{"self":[{"href":"https:\/\/intercityhotelbeijing.com\/it\/wp-json\/wp\/v2\/pages\/5266","targetHints":{"allow":["GET"]}}],"collection":[{"href":"https:\/\/intercityhotelbeijing.com\/it\/wp-json\/wp\/v2\/pages"}],"about":[{"href":"https:\/\/intercityhotelbeijing.com\/it\/wp-json\/wp\/v2\/types\/page"}],"author":[{"embeddable":true,"href":"https:\/\/intercityhotelbeijing.com\/it\/wp-json\/wp\/v2\/users\/1"}],"replies":[{"embeddable":true,"href":"https:\/\/intercityhotelbeijing.com\/it\/wp-json\/wp\/v2\/comments?post=5266"}],"version-history":[{"count":0,"href":"https:\/\/intercityhotelbeijing.com\/it\/wp-json\/wp\/v2\/pages\/5266\/revisions"}],"wp:attachment":[{"href":"https:\/\/intercityhotelbeijing.com\/it\/wp-json\/wp\/v2\/media?parent=5266"}],"curies":[{"name":"parola chiave","href":"https:\/\/api.w.org\/{rel}","templated":true}]}}