{"id":2109,"date":"2021-03-26T08:35:58","date_gmt":"2021-03-26T08:35:58","guid":{"rendered":"http:\/\/localhost\/nuss\/?page_id=536"},"modified":"2025-12-06T07:54:21","modified_gmt":"2025-12-06T07:54:21","slug":"strutture-aziendali","status":"publish","type":"page","link":"https:\/\/intercityhotelbeijing.com\/it\/strutture-aziendali\/","title":{"rendered":"Strutture aziendali"},"content":{"rendered":"<div data-elementor-type=\"wp-page\" data-elementor-id=\"2109\" class=\"elementor elementor-2109\">\n\t\t\t\t\t\t<section class=\"elementor-section elementor-top-section elementor-element elementor-element-bb2901b elementor-section-boxed elementor-section-gap-beside-yes elementor-section-height-default elementor-section-height-default elementor-section-column-vertical-align-stretch\" data-id=\"bb2901b\" data-element_type=\"section\" data-e-type=\"section\">\n\t\t\t\t\t\t<div class=\"elementor-container elementor-column-gap-extended\">\n\t\t\t\t\t<div class=\"elementor-column elementor-col-100 elementor-top-column elementor-element elementor-element-1919db9\" data-id=\"1919db9\" data-element_type=\"column\" data-e-type=\"column\">\n\t\t\t<div class=\"elementor-widget-wrap elementor-element-populated\">\n\t\t\t\t\t\t<div class=\"elementor-element elementor-element-41a7b9c elementor-widget__width-initial elementor-invisible elementor-widget elementor-widget-text-editor\" data-id=\"41a7b9c\" data-element_type=\"widget\" data-e-type=\"widget\" data-settings=\"{&quot;_animation&quot;:&quot;nussFadeInUp&quot;}\" data-widget_type=\"text-editor.default\">\n\t\t\t\t\t\t\t\t\tMigliora la tua esperienza professionale presso le strutture business del Beijing Daxing International Airport Intercity Hotel\t\t\t\t\t\t\t\t<\/div>\n\t\t\t\t\t<\/div>\n\t\t<\/div>\n\t\t\t\t\t<\/div>\n\t\t<\/section>\n\t\t<div class=\"elementor-element elementor-element-1ef67e9 e-flex e-con-boxed e-con e-parent\" data-id=\"1ef67e9\" data-element_type=\"container\" data-e-type=\"container\">\n\t\t\t\t\t<div class=\"e-con-inner\">\n\t\t\t\t<div class=\"elementor-element elementor-element-6500812 elementor-widget elementor-widget-nuss-image-gallery\" data-id=\"6500812\" data-element_type=\"widget\" data-e-type=\"widget\" data-widget_type=\"nuss-image-gallery.default\">\n\t\t\t\t<div class=\"elementor-widget-container\">\n\t\t\t\t\t\t\t<div class=\"nuss-grid-wrapper\" data-grid=\"{&quot;type&quot;:&quot;grid&quot;,&quot;ratio&quot;:null,&quot;columns&quot;:3,&quot;gutter&quot;:30}\">\r\n\t\t\t<div class=\"nuss-grid lazy-grid\">\r\n\t\t\t\t<div class=\"grid-sizer\"><\/div>\r\n\r\n\t\t\t\t\t\t\t\t\t\t\t\t<div class=\"grid-item\">\r\n\t\t\t\t\t\t<div class=\"nuss-box\">\t\t<div class=\"nuss-image image\">\r\n\t\t\t<img decoding=\"async\"  src=\"https:\/\/intercityhotelbeijing.com\/wp-content\/uploads\/2025\/08\/IntercityHotel-Beijing-Daxing-International-Airport-Hotel-51.webp\" alt=\"IntercityHotel Beijing Daxing International Airport Hotel (51)\" \/>\t\t<\/div>\r\n\t\t\t\t<\/div>\t\t\t\t\t<\/div>\r\n\t\t\t\t\t\t<div class=\"grid-item\">\r\n\t\t\t\t\t\t<div class=\"nuss-box\">\t\t<div class=\"nuss-image image\">\r\n\t\t\t<img decoding=\"async\"  src=\"https:\/\/intercityhotelbeijing.com\/wp-content\/uploads\/2025\/08\/IntercityHotel-Beijing-Daxing-International-Airport-Hotel-56.webp\" alt=\"IntercityHotel Beijing Daxing International Airport Hotel (56)\" \/>\t\t<\/div>\r\n\t\t\t\t<\/div>\t\t\t\t\t<\/div>\r\n\t\t\t\t\t\t<div class=\"grid-item\">\r\n\t\t\t\t\t\t<div class=\"nuss-box\">\t\t<div class=\"nuss-image image\">\r\n\t\t\t<img decoding=\"async\"  src=\"https:\/\/intercityhotelbeijing.com\/wp-content\/uploads\/2025\/08\/IntercityHotel-Beijing-Daxing-International-Airport-Hotel-64.webp\" alt=\"IntercityHotel Beijing Daxing International Airport Hotel (64)\" \/>\t\t<\/div>\r\n\t\t\t\t<\/div>\t\t\t\t\t<\/div>\r\n\t\t\t\t\t\t<div class=\"grid-item\">\r\n\t\t\t\t\t\t<div class=\"nuss-box\">\t\t<div class=\"nuss-image image\">\r\n\t\t\t<img decoding=\"async\"  src=\"https:\/\/intercityhotelbeijing.com\/wp-content\/uploads\/2025\/08\/IntercityHotel-Beijing-Daxing-International-Airport-Hotel-50.webp\" alt=\"IntercityHotel Beijing Daxing International Airport Hotel (50)\" \/>\t\t<\/div>\r\n\t\t\t\t<\/div>\t\t\t\t\t<\/div>\r\n\t\t\t\t\t\t<div class=\"grid-item\">\r\n\t\t\t\t\t\t<div class=\"nuss-box\">\t\t<div class=\"nuss-image image\">\r\n\t\t\t<img decoding=\"async\"  src=\"https:\/\/intercityhotelbeijing.com\/wp-content\/uploads\/2025\/08\/IntercityHotel-Beijing-Daxing-International-Airport-Hotel-74.webp\" alt=\"IntercityHotel Beijing Daxing International Airport Hotel (74)\" \/>\t\t<\/div>\r\n\t\t\t\t<\/div>\t\t\t\t\t<\/div>\r\n\t\t\t\t\t\t<div class=\"grid-item\">\r\n\t\t\t\t\t\t<div class=\"nuss-box\">\t\t<div class=\"nuss-image image\">\r\n\t\t\t<img decoding=\"async\"  src=\"https:\/\/intercityhotelbeijing.com\/wp-content\/uploads\/2025\/08\/IntercityHotel-Beijing-Daxing-International-Airport-Hotel-57.webp\" alt=\"IntercityHotel Beijing Daxing International Airport Hotel (57)\" \/>\t\t<\/div>\r\n\t\t\t\t<\/div>\t\t\t\t\t<\/div>\r\n\t\t\t\t\t\t\t\r\n\t\t\t<\/div>\r\n\t\t<\/div>\r\n\t\t\t\t\t\t<\/div>\n\t\t\t\t<\/div>\n\t\t\t\t\t<\/div>\n\t\t\t\t<\/div>\n\t\t<div class=\"elementor-element elementor-element-f2b46db e-flex e-con-boxed e-con e-parent\" data-id=\"f2b46db\" data-element_type=\"container\" data-e-type=\"container\">\n\t\t\t\t\t<div class=\"e-con-inner\">\n\t\t\t\t<div class=\"elementor-element elementor-element-a3ff4ae elementor-widget elementor-widget-text-editor\" data-id=\"a3ff4ae\" data-element_type=\"widget\" data-e-type=\"widget\" data-widget_type=\"text-editor.default\">\n\t\t\t\t\t\t\t\t\t<p data-spm-anchor-id=\"a2ty_o01.29997173.0.i34.5e52c92120wETC\">Posizionato strategicamente a soli 1,8 chilometri dall&#039;aeroporto internazionale di Pechino Daxing e perfettamente collegato ai principali snodi dei trasporti, il <strong>Hotel interurbano dell&#039;aeroporto internazionale di Pechino Daxing<\/strong> \u00e8 pi\u00f9 di una semplice comoda tappa per la notte: \u00e8 un punto di riferimento dinamico per i moderni viaggiatori d&#039;affari. Progettato con un distinto spirito di ispirazione tedesca, fatto di precisione, efficienza e design intelligente, l&#039;hotel <strong>strutture per riunioni e affari<\/strong> sono concepiti per fornire a professionisti, imprenditori e team aziendali tutto ci\u00f2 di cui hanno bisogno per avere successo, che si tratti di concludere un affare, ospitare una discussione di alto livello o preparare una presentazione critica in movimento.<\/p><p>Inaugurato nel 2024, questo hotel a 4 stelle all&#039;avanguardia fa parte del gruppo H World e dispone di 189 camere elegantemente arredate e di una serie di sofisticati servizi business che coniugano tecnologia, comfort e funzionalit\u00e0. Ogni dettaglio \u00e8 stato progettato per supportare la produttivit\u00e0, dai chioschi per il check-in digitale senza interruzioni ai controlli intelligenti delle camere e alla connettivit\u00e0 ad alta velocit\u00e0 in tutta la struttura.<\/p><p>Al centro della sua offerta commerciale c&#039;\u00e8 il <strong>elegante sala amministrativa, \u201cHao Ju\u201d<\/strong>\u2014uno spazio raffinato, progettato per la privacy, la concentrazione e l&#039;interazione professionale. Che si tratti di una trattativa individuale, di una piccola riunione dirigenziale o semplicemente di un angolo tranquillo per controllare le email, Hao Ju offre un&#039;atmosfera serena, arricchita da musica di sottofondo rilassante, sedute ergonomiche e un servizio personalizzato. La lounge \u00e8 ideale per gli ospiti d&#039;affari che cercano un ambiente raffinato che favorisca chiarezza e sicurezza.<\/p><p>Per riunioni pi\u00f9 grandi o riunioni formali, l&#039;hotel offre <strong>spazi multifunzionali per riunioni e conferenze<\/strong> Dotate di tecnologie audiovisive all&#039;avanguardia, sistemi di proiezione TV ad alta definizione, impianti audio e di amplificazione e Wi-Fi affidabile ad alta velocit\u00e0, garantiscono una connettivit\u00e0 impeccabile sia per collaborazioni di persona che virtuali. Grazie alla flessibilit\u00e0 degli spazi e ai servizi di supporto professionale disponibili su richiesta, queste sale sono perfette per briefing aziendali, workshop di gruppo o videoconferenze internazionali.<\/p><p>Riconoscendo le esigenze dell&#039;attuale ambiente aziendale frenetico, l&#039;hotel integra <strong>automazione intelligente e innovazione<\/strong> in ogni aspetto dell&#039;esperienza degli ospiti. Le camere sono dotate di sistemi di controllo completamente intelligenti, che consentono agli ospiti di gestire facilmente l&#039;illuminazione, il clima e l&#039;intrattenimento, ottimizzando comfort ed efficienza. I viaggiatori d&#039;affari apprezzano l&#039;inclusione di <strong>postazioni di lavoro ergonomiche, ampie prese di corrente e porte di ricarica USB<\/strong>, rendendo semplice rimanere attivi e produttivi.<\/p><p>Per chi ha impegni serrati, l&#039;hotel offre <strong>servizi completi di supporto aziendale<\/strong>, compreso <strong>fax e fotocopie gratuiti<\/strong>, check-in e check-out express e assistenza alla reception 24 ore su 24 con personale multilingue e <strong>strumenti di traduzione disponibili in loco<\/strong>Che tu abbia bisogno di una stampa last minute, di supporto per chiamate internazionali o di coordinamento logistico, il nostro team dedicato si assicurer\u00e0 che nessun dettaglio venga trascurato.<\/p><p>Anche i dirigenti in viaggio apprezzeranno il <strong>lavanderia self-service ad alta tecnologia &quot;Haojing&quot;<\/strong>, che dispone di attrezzature di lavaggio e asciugatura commerciali di alto livello con <strong>sterilizzazione ad alta temperatura e disinfezione UV<\/strong>\u2014perfetto per rinnovare l&#039;abbigliamento da lavoro tra una riunione e l&#039;altra. La separazione dei cicli di lavaggio e asciugatura garantisce che i capi vengano trattati con cura, mantenendone la qualit\u00e0 e la professionalit\u00e0.<\/p><p>Completare l&#039;infrastruttura aziendale \u00e8 <strong>\u201cHao Wei\u201d<\/strong>, il moderno ristorante dell&#039;hotel con temi culinari di ispirazione tedesca, offre una colazione a buffet equilibrata e di alta qualit\u00e0 tutti i giorni dalle 06:30 alle 10:00, ideale per fare il pieno di energie prima di una giornata impegnativa. Per un rapido ristoro tra una riunione e l&#039;altra, <strong>Bar della hall &quot;Hao Wu&quot;<\/strong> serve una selezione di caff\u00e8 pregiati e rinfreschi leggeri, creando un ambiente rilassato ma professionale per incontri informali di networking o sessioni di lavoro individuali.<\/p><p>Con <strong>servizio navetta aeroportuale gratuito 24 ore su 24, 7 giorni su 7<\/strong> Grazie al servizio di trasferimento da e per l&#039;aeroporto internazionale di Pechino Daxing e al servizio di prelievo gratuito dalla stazione ferroviaria di Daxingjichang, gli ospiti d&#039;affari potranno godere di una semplicit\u00e0 logistica senza pari. Non dovrete pi\u00f9 preoccuparvi di perdere un volo o di arrivare in ritardo a una riunione: il vostro programma rimarr\u00e0 saldamente sotto il vostro controllo.<\/p><p>Che tu sia a Pechino per un breve incontro di transito, un evento aziendale di pi\u00f9 giorni o un volo di collegamento con del lavoro da completare, il <strong>Hotel interurbano dell&#039;aeroporto internazionale di Pechino Daxing<\/strong> Trasforma il concetto di hotel aeroportuale in un vero e proprio rifugio per gli affari. \u00c8 il luogo in cui il design intelligente incontra un servizio impeccabile e dove ogni servizio \u00e8 studiato per mantenervi concentrati, connessi e pronti al successo.<\/p><p data-spm-anchor-id=\"a2ty_o01.29997173.0.i35.5e52c92120wETC\">Scopri un nuovo standard nell&#039;ospitalit\u00e0 aziendale: efficiente, intelligente e impeccabile, proprio alle porte della capitale cinese.<\/p>\t\t\t\t\t\t\t\t<\/div>\n\t\t\t\t\t<\/div>\n\t\t\t\t<\/div>\n\t\t\t\t<\/div>","protected":false},"excerpt":{"rendered":"<p>Elevate Your Professional Experience at the Business Facilities of Beijing Daxing International Airport Intercity Hotel Strategically positioned just 1.8 kilometers from Beijing Daxing International Airport and seamlessly connected to major transport hubs, the Beijing Daxing International Airport Intercity Hotel is more than just a convenient overnight stop\u2014it\u2019s a dynamic hub for modern business travelers. Designed [&hellip;]<\/p>\n","protected":false},"author":1,"featured_media":0,"parent":0,"menu_order":0,"comment_status":"closed","ping_status":"closed","template":"","meta":{"footnotes":""},"class_list":["post-2109","page","type-page","status-publish","hentry","post-no-thumbnail"],"_links":{"self":[{"href":"https:\/\/intercityhotelbeijing.com\/it\/wp-json\/wp\/v2\/pages\/2109","targetHints":{"allow":["GET"]}}],"collection":[{"href":"https:\/\/intercityhotelbeijing.com\/it\/wp-json\/wp\/v2\/pages"}],"about":[{"href":"https:\/\/intercityhotelbeijing.com\/it\/wp-json\/wp\/v2\/types\/page"}],"author":[{"embeddable":true,"href":"https:\/\/intercityhotelbeijing.com\/it\/wp-json\/wp\/v2\/users\/1"}],"replies":[{"embeddable":true,"href":"https:\/\/intercityhotelbeijing.com\/it\/wp-json\/wp\/v2\/comments?post=2109"}],"version-history":[{"count":0,"href":"https:\/\/intercityhotelbeijing.com\/it\/wp-json\/wp\/v2\/pages\/2109\/revisions"}],"wp:attachment":[{"href":"https:\/\/intercityhotelbeijing.com\/it\/wp-json\/wp\/v2\/media?parent=2109"}],"curies":[{"name":"parola chiave","href":"https:\/\/api.w.org\/{rel}","templated":true}]}}