{"id":2105,"date":"2021-03-24T07:25:45","date_gmt":"2021-03-24T07:25:45","guid":{"rendered":"http:\/\/localhost\/nuss\/?page_id=235"},"modified":"2025-12-06T07:54:50","modified_gmt":"2025-12-06T07:54:50","slug":"domande-frequenti","status":"publish","type":"page","link":"https:\/\/intercityhotelbeijing.com\/it\/domande-frequenti\/","title":{"rendered":"Domande frequenti"},"content":{"rendered":"<div data-elementor-type=\"wp-page\" data-elementor-id=\"2105\" class=\"elementor elementor-2105\">\n\t\t\t\t\t\t<section class=\"elementor-section elementor-top-section elementor-element elementor-element-2a96a73 elementor-section-boxed elementor-section-gap-beside-yes elementor-section-height-default elementor-section-height-default elementor-section-column-vertical-align-stretch\" data-id=\"2a96a73\" data-element_type=\"section\" data-e-type=\"section\">\n\t\t\t\t\t\t<div class=\"elementor-container elementor-column-gap-extended\">\n\t\t\t\t\t<div class=\"elementor-column elementor-col-100 elementor-top-column elementor-element elementor-element-98ef20c\" data-id=\"98ef20c\" data-element_type=\"column\" data-e-type=\"column\">\n\t\t\t<div class=\"elementor-widget-wrap elementor-element-populated\">\n\t\t\t\t\t\t<div class=\"elementor-element elementor-element-97088c0 elementor-widget__width-initial elementor-invisible elementor-widget elementor-widget-text-editor\" data-id=\"97088c0\" data-element_type=\"widget\" data-e-type=\"widget\" data-settings=\"{&quot;_animation&quot;:&quot;nussFadeInUp&quot;}\" data-widget_type=\"text-editor.default\">\n\t\t\t\t\t\t\t\t\t<p>Di seguito troverete un elenco delle domande pi\u00f9 frequenti poste dai nostri ospiti.<\/p>\t\t\t\t\t\t\t\t<\/div>\n\t\t\t\t\t<\/div>\n\t\t<\/div>\n\t\t\t\t\t<\/div>\n\t\t<\/section>\n\t\t\t\t<section class=\"elementor-section elementor-top-section elementor-element elementor-element-b184647 elementor-section-gap-beside-no elementor-section-boxed elementor-section-height-default elementor-section-height-default elementor-section-column-vertical-align-stretch\" data-id=\"b184647\" data-element_type=\"section\" data-e-type=\"section\">\n\t\t\t\t\t\t<div class=\"elementor-container elementor-column-gap-extended\">\n\t\t\t\t\t<div class=\"elementor-column elementor-col-100 elementor-top-column elementor-element elementor-element-1d49749\" data-id=\"1d49749\" data-element_type=\"column\" data-e-type=\"column\">\n\t\t\t<div class=\"elementor-widget-wrap elementor-element-populated\">\n\t\t\t\t\t\t<div class=\"elementor-element elementor-element-b986a9e elementor-invisible elementor-widget elementor-widget-nuss-heading\" data-id=\"b986a9e\" data-element_type=\"widget\" data-e-type=\"widget\" data-settings=\"{&quot;_animation&quot;:&quot;nussFadeInUp&quot;}\" data-widget_type=\"nuss-heading.default\">\n\t\t\t\t<div class=\"elementor-widget-container\">\n\t\t\t\t\t\t\t<div class=\"nuss-modern-heading\">\r\n\t\t\t\r\n\t\t\t\t\t\t<div class=\"heading-primary-wrap\">\r\n\t\t\t\t<h4 class=\"heading-primary elementor-heading-title\">FAQ<\/h4>\t\t\t<\/div>\r\n\t\t\r\n\t\t\t\t\t\t<div class=\"heading-divider-wrap\">\r\n\t\t\t\t<div class=\"heading-divider\" style=\"left: 0px;top: 6px\"><\/div>\r\n\t\t\t<\/div>\r\n\t\r\n\t\t\t\t\t<\/div>\r\n\t\t\t\t\t<\/div>\n\t\t\t\t<\/div>\n\t\t\t\t<div class=\"elementor-element elementor-element-50f0733 elementor-invisible elementor-widget elementor-widget-heading\" data-id=\"50f0733\" data-element_type=\"widget\" data-e-type=\"widget\" data-settings=\"{&quot;_animation&quot;:&quot;nussFadeInUp&quot;}\" data-widget_type=\"heading.default\">\n\t\t\t\t\t<h2 class=\"elementor-heading-title elementor-size-default\">Domande e risposte<\/h2>\t\t\t\t<\/div>\n\t\t\t\t<div class=\"elementor-element elementor-element-71a435e elementor-widget elementor-widget-text-editor\" data-id=\"71a435e\" data-element_type=\"widget\" data-e-type=\"widget\" data-widget_type=\"text-editor.default\">\n\t\t\t\t\t\t\t\t\t<h3><strong>1. L&#039;hotel offre un servizio navetta per l&#039;aeroporto?<\/strong><\/h3><p>S\u00ec, l&#039;hotel fornisce <strong>servizio navetta aeroportuale gratuito 24 ore su 24, 7 giorni su 7<\/strong> Da e per l&#039;Aeroporto Internazionale di Pechino Daxing (PKX). Le navette sono disponibili su richiesta e possono essere prenotate tramite l&#039;app Trip.com o chiamando la reception.<\/p><div class=\"my-2\">\u00a0<\/div><div class=\"py-2 my-3\"><hr \/><\/div><div class=\"my-2\">\u00a0<\/div><h3><strong>2. Quanto dista l&#039;hotel dall&#039;aeroporto internazionale di Pechino Daxing?<\/strong><\/h3><p>L&#039;hotel \u00e8 solo <strong>1,8 km (circa 1,1 miglia)<\/strong> dai terminal dell&#039;aeroporto, il che lo rende uno degli hotel pi\u00f9 vicini al PKX.<\/p><div class=\"my-2\">\u00a0<\/div><div class=\"py-2 my-3\"><hr \/><\/div><div class=\"my-2\">\u00a0<\/div><h3><strong>3. Il servizio navetta aeroportuale \u00e8 gratuito?<\/strong><\/h3><p>S\u00ec, entrambi <strong>servizi navetta di prelievo e riconsegna<\/strong> per l&#039;aeroporto internazionale di Pechino Daxing sono completamente gratuiti.<\/p><div class=\"my-2\">\u00a0<\/div><div class=\"py-2 my-3\"><hr \/><\/div><div class=\"my-2\">\u00a0<\/div><h3><strong>4. Come posso prenotare la navetta gratuita per l&#039;aeroporto?<\/strong><\/h3><p>\u00c8 possibile prenotare la navetta in anticipo utilizzando il <strong>Applicazione Trip.com<\/strong> dopo aver prenotato il soggiorno. Basta inviare un messaggio all&#039;hotel tramite l&#039;app con i dettagli del volo e l&#039;orario di arrivo.<\/p><div class=\"my-2\">\u00a0<\/div><div class=\"py-2 my-3\"><hr \/><\/div><div class=\"my-2\">\u00a0<\/div><h3><strong>5. Quali sono gli orari di check-in e check-out?<\/strong><\/h3><ul><li><strong>Check-in:<\/strong> Dopo <strong>14:00 (14:00)<\/strong><\/li><li><strong>Guardare:<\/strong> Prima <strong>14:00 (14:00)<\/strong><br \/>Il check-in anticipato o il check-out posticipato sono disponibili su richiesta e in base alla disponibilit\u00e0.<\/li><\/ul><div class=\"my-2\">\u00a0<\/div><div class=\"py-2 my-3\"><hr \/><\/div><div class=\"my-2\">\u00a0<\/div><h3><strong>6. Il servizio di reception \u00e8 attivo 24 ore su 24?<\/strong><\/h3><p>S\u00ec, l&#039;hotel ha un <strong>reception aperta 24 ore su 24<\/strong> con personale multilingue e chioschi per il check-in automatico per arrivi senza intoppi in qualsiasi momento.<\/p><div class=\"my-2\">\u00a0<\/div><div class=\"py-2 my-3\"><hr \/><\/div><div class=\"my-2\">\u00a0<\/div><h3><strong>7. L&#039;hotel dispone di Wi-Fi gratuito?<\/strong><\/h3><p>S\u00cc, <strong>Wi-Fi ad alta velocit\u00e0 gratuito<\/strong> \u00e8 disponibile in tutte le camere e nelle aree pubbliche.<\/p><div class=\"my-2\">\u00a0<\/div><div class=\"py-2 my-3\"><hr \/><\/div><div class=\"my-2\">\u00a0<\/div><h3><strong>8. La colazione \u00e8 inclusa?<\/strong><\/h3><p>La colazione non \u00e8 inclusa automaticamente, ma pu\u00f2 essere acquistata in loco.<\/p><ul><li><strong>Tipo:<\/strong> Buffet (opzioni occidentali e cinesi)<\/li><li><strong>Prezzo:<\/strong> CNY 78 per adulto (circa $10,87)<\/li><li><strong>Bambini di altezza inferiore a 1,2 m:<\/strong> Gratuito<\/li><li><strong>Orari di servizio:<\/strong> 06:30 \u2013 10:00 tutti i giorni<\/li><\/ul><div class=\"my-2\">\u00a0<\/div><div class=\"py-2 my-3\"><hr \/><\/div><div class=\"my-2\">\u00a0<\/div><h3><strong>9. A che ora viene servita la colazione?<\/strong><\/h3><p>La colazione viene servita dalle <strong>dalle 06:30 alle 10:00<\/strong>, offrendo una lunga finestra temporale per accogliere sia i voli mattutini che quelli pi\u00f9 tardivi.<\/p><div class=\"my-2\">\u00a0<\/div><div class=\"py-2 my-3\"><hr \/><\/div><div class=\"my-2\">\u00a0<\/div><h3><strong>10. C&#039;\u00e8 un ristorante nell&#039;hotel?<\/strong><\/h3><p>S\u00ec, il ristorante in loco <strong>\u201cHao Wei\u201d<\/strong> Serve una moderna colazione a buffet con temi cinesi e stagionali, tra cui piatti di ispirazione tedesca. La cena non \u00e8 servita, ma i ristoranti nelle vicinanze sono raggiungibili a piedi.<\/p><div class=\"my-2\">\u00a0<\/div><div class=\"py-2 my-3\"><hr \/><\/div><div class=\"my-2\">\u00a0<\/div><h3><strong>11. C&#039;\u00e8 un bar o un caff\u00e8 nella hall?<\/strong><\/h3><p>S\u00ec, il <strong>Bar della hall &quot;Hao Wu&quot;<\/strong> offre agli ospiti una selezione di caff\u00e8 di prima qualit\u00e0 e rinfreschi leggeri.<\/p><div class=\"my-2\">\u00a0<\/div><div class=\"py-2 my-3\"><hr \/><\/div><div class=\"my-2\">\u00a0<\/div><h3><strong>12. Ci sono ristoranti nelle vicinanze?<\/strong><\/h3><p>S\u00ec, diversi ristoranti locali e negozi di barbecue si trovano all&#039;interno di un <strong>1 km di camminata<\/strong>, comprese le opzioni per i pasti a tarda notte.<\/p><div class=\"my-2\">\u00a0<\/div><div class=\"py-2 my-3\"><hr \/><\/div><div class=\"my-2\">\u00a0<\/div><h3><strong>13. L&#039;hotel dispone di un centro fitness?<\/strong><\/h3><p>S\u00ec, il <strong>Sala fitness \u201cHaojing\u201d<\/strong> \u00e8 disponibile 24 ore su 24, 7 giorni su 7 per gli ospiti registrati, dotato di attrezzature moderne in un ambiente pulito e riservato.<\/p><div class=\"my-2\">\u00a0<\/div><div class=\"py-2 my-3\"><hr \/><\/div><div class=\"my-2\">\u00a0<\/div><h3><strong>14. C&#039;\u00e8 un servizio di lavanderia?<\/strong><\/h3><p>S\u00ec, l&#039;hotel dispone di un <strong>lavanderia self-service multifunzionale (&quot;Haojing&quot;)<\/strong> con lavatrici e asciugatrici commerciali di fascia alta. Include <strong>disinfezione ad alta temperatura + UV<\/strong> ed \u00e8 <strong>gratuito<\/strong> per gli ospiti.<\/p><div class=\"my-2\">\u00a0<\/div><div class=\"py-2 my-3\"><hr \/><\/div><div class=\"my-2\">\u00a0<\/div><h3><strong>15. Posso portare il mio animale domestico?<\/strong><\/h3><p>NO, <strong>gli animali non sono ammessi<\/strong>. Tuttavia, <strong>animali di servizio<\/strong> sono consentiti su richiesta.<\/p><div class=\"my-2\">\u00a0<\/div><div class=\"py-2 my-3\"><hr \/><\/div><div class=\"my-2\">\u00a0<\/div><h3><strong>16. Sono ammessi i bambini?<\/strong><\/h3><p>S\u00ec, i bambini sono benvenuti.<\/p><ul><li><strong>Bambini di et\u00e0 compresa tra 0 e 17 anni<\/strong> \u00e8 possibile soggiornare gratuitamente se non \u00e8 necessario un letto supplementare.<\/li><li><strong>Letti supplementari<\/strong> sono disponibili al prezzo di 150 CNY a persona a notte.<\/li><\/ul><div class=\"my-2\">\u00a0<\/div><div class=\"py-2 my-3\"><hr \/><\/div><div class=\"my-2\">\u00a0<\/div><h3><strong>17. \u00c8 disponibile un parcheggio?<\/strong><\/h3><p>S\u00cc, <strong>parcheggio pubblico in loco<\/strong> \u00e8 disponibile a pagamento:<\/p><ul><li><strong>100 CNY al giorno<\/strong> (circa $13,93)<\/li><li>Posti limitati, non \u00e8 richiesta la prenotazione<\/li><\/ul><div class=\"my-2\">\u00a0<\/div><div class=\"py-2 my-3\"><hr \/><\/div><div class=\"my-2\">\u00a0<\/div><h3><strong>18. Quali sono le funzioni intelligenti presenti nelle camere?<\/strong><\/h3><p>Le camere sono dotate di <strong>Sistemi di controllo completamente intelligenti per bici<\/strong>, tra cui:<\/p><ul><li>Tende elettroniche<\/li><li>Controllo del clima e dell&#039;illuminazione tramite pannello<\/li><li>Materassi Sealy Silken<\/li><li>Articoli da toeletta a marchio Appelles<\/li><li>Bollitori per acqua calda Delong<\/li><li>Sistemi di proiezione TV<\/li><\/ul><div class=\"my-2\">\u00a0<\/div><div class=\"py-2 my-3\"><hr \/><\/div><div class=\"my-2\">\u00a0<\/div><h3><strong>19. Ci sono robot di servizio nell&#039;hotel?<\/strong><\/h3><p>S\u00cc, <strong>maggiordomi robot<\/strong> vengono utilizzati per fornire articoli e servizi per il servizio in camera, aggiungendo un tocco futuristico ed efficiente al servizio offerto agli ospiti.<\/p><div class=\"my-2\">\u00a0<\/div><div class=\"py-2 my-3\"><hr \/><\/div><div class=\"my-2\">\u00a0<\/div><h3><strong>20. L&#039;hotel \u00e8 adatto a chi viaggia per lavoro?<\/strong><\/h3><p>Assolutamente s\u00ec. L&#039;hotel \u00e8 stato progettato pensando agli ospiti business e offre:<\/p><ul><li><strong>Lounge executive \u201cHao Ju\u201d<\/strong> per riunioni<\/li><li>Servizi di fax e fotocopie (gratuiti)<\/li><li>Strumenti di traduzione disponibili<\/li><li>Accesso 24 ore su 24, 7 giorni su 7 a palestra e lavanderia<\/li><li>Check-in\/out express e chioschi self-service<\/li><\/ul><div class=\"my-2\">\u00a0<\/div><div class=\"py-2 my-3\"><hr \/><\/div><div class=\"my-2\">\u00a0<\/div><p data-spm-anchor-id=\"a2ty_o01.29997173.0.i43.5e52c92120wETC\">Con il suo <strong>Valutazione degli ospiti di 9,8\/10 su Trip.com<\/strong>, servizi all&#039;avanguardia e vicinanza imbattibile all&#039;aeroporto, il <strong>Hotel interurbano dell&#039;aeroporto internazionale di Pechino Daxing<\/strong> \u00e8 la scelta ideale per i viaggiatori in cerca di comfort, praticit\u00e0 e innovazione, il tutto a pochi minuti da uno degli hub aeronautici pi\u00f9 avanzati al mondo.<\/p>\t\t\t\t\t\t\t\t<\/div>\n\t\t\t\t\t<\/div>\n\t\t<\/div>\n\t\t\t\t\t<\/div>\n\t\t<\/section>\n\t\t\t\t<\/div>","protected":false},"excerpt":{"rendered":"<p>Below, you will find a list of the questions most frequently asked by our guests. FAQ&#8217;S Questions &amp; Answers 1. Does the hotel offer airport shuttle service? Yes, the hotel provides free 24\/7 airport shuttle service to and from Beijing Daxing International Airport (PKX). Shuttles are available on demand and can be booked via the [&hellip;]<\/p>\n","protected":false},"author":1,"featured_media":0,"parent":0,"menu_order":0,"comment_status":"closed","ping_status":"closed","template":"","meta":{"footnotes":""},"class_list":["post-2105","page","type-page","status-publish","hentry","post-no-thumbnail"],"_links":{"self":[{"href":"https:\/\/intercityhotelbeijing.com\/it\/wp-json\/wp\/v2\/pages\/2105","targetHints":{"allow":["GET"]}}],"collection":[{"href":"https:\/\/intercityhotelbeijing.com\/it\/wp-json\/wp\/v2\/pages"}],"about":[{"href":"https:\/\/intercityhotelbeijing.com\/it\/wp-json\/wp\/v2\/types\/page"}],"author":[{"embeddable":true,"href":"https:\/\/intercityhotelbeijing.com\/it\/wp-json\/wp\/v2\/users\/1"}],"replies":[{"embeddable":true,"href":"https:\/\/intercityhotelbeijing.com\/it\/wp-json\/wp\/v2\/comments?post=2105"}],"version-history":[{"count":0,"href":"https:\/\/intercityhotelbeijing.com\/it\/wp-json\/wp\/v2\/pages\/2105\/revisions"}],"wp:attachment":[{"href":"https:\/\/intercityhotelbeijing.com\/it\/wp-json\/wp\/v2\/media?parent=2105"}],"curies":[{"name":"parola chiave","href":"https:\/\/api.w.org\/{rel}","templated":true}]}}