{"id":2104,"date":"2021-03-23T09:33:48","date_gmt":"2021-03-23T09:33:48","guid":{"rendered":"http:\/\/localhost\/nuss\/?page_id=167"},"modified":"2025-12-06T07:54:57","modified_gmt":"2025-12-06T07:54:57","slug":"la-nostra-storia","status":"publish","type":"page","link":"https:\/\/intercityhotelbeijing.com\/it\/la-nostra-storia\/","title":{"rendered":"La nostra storia"},"content":{"rendered":"<div data-elementor-type=\"wp-page\" data-elementor-id=\"2104\" class=\"elementor elementor-2104\">\n\t\t\t\t\t\t<section class=\"elementor-section elementor-top-section elementor-element elementor-element-8f5bb9d elementor-section-boxed elementor-section-gap-beside-yes elementor-section-height-default elementor-section-height-default elementor-section-column-vertical-align-stretch\" data-id=\"8f5bb9d\" data-element_type=\"section\" data-e-type=\"section\">\n\t\t\t\t\t\t<div class=\"elementor-container elementor-column-gap-extended\">\n\t\t\t\t\t<div class=\"elementor-column elementor-col-100 elementor-top-column elementor-element elementor-element-7ec4215\" data-id=\"7ec4215\" data-element_type=\"column\" data-e-type=\"column\">\n\t\t\t<div class=\"elementor-widget-wrap elementor-element-populated\">\n\t\t\t\t\t\t<div class=\"elementor-element elementor-element-edd9d03 elementor-widget__width-initial elementor-invisible elementor-widget elementor-widget-text-editor\" data-id=\"edd9d03\" data-element_type=\"widget\" data-e-type=\"widget\" data-settings=\"{&quot;_animation&quot;:&quot;nussFadeInUp&quot;}\" data-widget_type=\"text-editor.default\">\n\t\t\t\t\t\t\t\t\t<p>Dove la precisione tedesca incontra lo spirito di ospitalit\u00e0 di Pechino<\/p>\t\t\t\t\t\t\t\t<\/div>\n\t\t\t\t\t<\/div>\n\t\t<\/div>\n\t\t\t\t\t<\/div>\n\t\t<\/section>\n\t\t\t\t<section class=\"elementor-section elementor-top-section elementor-element elementor-element-fcc2c5b elementor-section-boxed elementor-section-gap-beside-yes elementor-section-height-default elementor-section-height-default elementor-section-column-vertical-align-stretch\" data-id=\"fcc2c5b\" data-element_type=\"section\" data-e-type=\"section\">\n\t\t\t\t\t\t<div class=\"elementor-container elementor-column-gap-extended\">\n\t\t\t\t\t<div class=\"elementor-column elementor-col-100 elementor-top-column elementor-element elementor-element-2f7d653\" data-id=\"2f7d653\" data-element_type=\"column\" data-e-type=\"column\">\n\t\t\t<div class=\"elementor-widget-wrap elementor-element-populated\">\n\t\t\t\t\t\t<div class=\"elementor-element elementor-element-1b172b9 elementor-invisible elementor-widget elementor-widget-heading\" data-id=\"1b172b9\" data-element_type=\"widget\" data-e-type=\"widget\" data-settings=\"{&quot;_animation&quot;:&quot;nussFadeInUp&quot;}\" data-widget_type=\"heading.default\">\n\t\t\t\t\t<h3 class=\"elementor-heading-title elementor-size-default\">Dal 2024<\/h3>\t\t\t\t<\/div>\n\t\t\t\t<div class=\"elementor-element elementor-element-f2402d7 elementor-invisible elementor-widget elementor-widget-text-editor\" data-id=\"f2402d7\" data-element_type=\"widget\" data-e-type=\"widget\" data-settings=\"{&quot;_animation&quot;:&quot;nussFadeInUp&quot;}\" data-widget_type=\"text-editor.default\">\n\t\t\t\t\t\t\t\t\t<p>Nel cuore di uno degli hub aeronautici pi\u00f9 futuristici del mondo si cela una storia di innovazione, comfort e viaggi senza interruzioni: benvenuti nel <strong>Hotel interurbano dell&#039;aeroporto internazionale di Pechino Daxing<\/strong>, una destinazione nata da una visione audace volta a ridefinire l&#039;esperienza dell&#039;hotel aeroportuale.<\/p><p>Aperto nel <strong>2024<\/strong>, il nostro hotel \u00e8 pi\u00f9 di un semplice luogo di riposo tra un volo e l&#039;altro. \u00c8 il culmine di una filosofia radicata in <strong>Efficienza di ispirazione tedesca, design intelligente e ospitalit\u00e0 sincera<\/strong>\u2014un concetto portato in vita da <strong>H Mondo<\/strong>, uno dei principali gruppi alberghieri cinesi, in collaborazione con standard internazionali di eccellenza. Situato appena <strong>1,8 km dall&#039;aeroporto internazionale di Pechino Daxing (PKX)<\/strong> A <strong>N. 101, Yuanjing West 2nd Road, distretto di Daxing<\/strong>, ci troviamo al crocevia tra connettivit\u00e0 globale e vita urbana moderna, offrendo ai viaggiatori un rifugio in cui tecnologia e tranquillit\u00e0 coesistono.<\/p><div class=\"my-2\">\u00a0<\/div><h3>Una visione nata dalle esigenze dei viaggiatori<\/h3><p>L&#039;idea del Beijing Daxing International Airport Intercity Hotel \u00e8 nata da una semplice domanda: <em>E se un hotel aeroportuale potesse fare di pi\u00f9 che offrire semplicemente un letto?<\/em> E se potesse anticipare le esigenze del viaggiatore moderno, che si tratti di un dirigente d&#039;azienda che corre a una riunione, di una famiglia in viaggio transcontinentale o di un avventuriero solitario che si ferma tra una destinazione e l&#039;altra?<\/p><p>Da questa visione abbiamo creato uno spazio che non accoglie solo gli ospiti, ma <em>eleva<\/em> la loro esperienza. Traendo ispirazione da <strong>Ingegneria tedesca ed estetica minimalista<\/strong>Abbiamo progettato ogni dettaglio con uno scopo preciso: linee pulite, layout intuitivi e sistemi intelligenti che mettono il controllo a portata di mano. Il risultato \u00e8 un hotel che trasmette un&#039;atmosfera futuristica e familiare, efficiente e accogliente.<\/p><div class=\"my-2\">\u00a0<\/div><h3>Il cuore dell&#039;ospitalit\u00e0 intelligente<\/h3><p>Dal momento del vostro arrivo, la nostra storia si dipana attraverso l&#039;innovazione. Gli ospiti sono accolti da <strong>chioschi self-check-in<\/strong> e un <strong>reception aperta 24 ore su 24<\/strong> Dotato di personale multilingue e di strumenti di traduzione, garantisce una comunicazione impeccabile per i visitatori internazionali. Ma la vera magia sta nei dettagli: <strong>Controllo intelligente della stanza della bici<\/strong> ti permettono di regolare l&#039;illuminazione, il clima e le tende elettroniche con un tocco, mentre <strong>Materassi Sealy Silken<\/strong> E <strong>Articoli da toeletta premium Appelles<\/strong> garantire un sonno ristoratore.<\/p><p>Il nostro impegno per il comfort si estende oltre la stanza. <strong>Lavanderia multifunzionale \u201cHao Jing\u201d<\/strong> presenta lavatrici e asciugatrici commerciali di fascia alta con <strong>Disinfezione UV e sterilizzazione ad alta temperatura<\/strong>, una novit\u00e0 assoluta nell&#039;ospitalit\u00e0 aeroportuale. Non si tratta solo di lavanderia: \u00e8 tranquillit\u00e0, sapendo che i tuoi vestiti sono curati con la stessa cura di ogni altro aspetto del tuo soggiorno.<\/p><p>E poi ci sono i <strong>maggiordomi robot<\/strong>\u2014un tocco distintivo che fonde un tocco futuristico con un servizio pratico. Questi assistenti autonomi si muovono con discrezione nei corridoi, occupandosi del servizio in camera, degli asciugamani e dei prodotti da bagno con silenziosa efficienza, aggiungendo un senso di meraviglia alla quotidianit\u00e0.<\/p><div class=\"my-2\">\u00a0<\/div><h3>Un viaggio culinario e sociale<\/h3><p>La nostra storia \u00e8 raccontata anche attraverso il sapore e la connessione. <strong>Ristorante \u201cHao Wei\u201d<\/strong> riflette la nostra eredit\u00e0 tedesca con menu stagionali che si fondono <strong>Tradizione cinese e artigianato europeo<\/strong>, che offre una colazione a buffet che i viaggiatori elogiano costantemente per la sua variet\u00e0 e qualit\u00e0. Dai dim sum fumanti ai pasticcini freschi e ai salumi tedeschi d&#039;importazione, ogni boccone \u00e8 un ponte tra culture.<\/p><p>La sera, il <strong>Bar della hall &quot;Hao Wu&quot;<\/strong> diventa un rifugio per una riflessione tranquilla o una conversazione informale, servendo caff\u00e8 preparato da esperti e rinfreschi leggeri. Per i viaggiatori d&#039;affari, il <strong>Lounge executive \u201cHao Ju\u201d<\/strong> offre uno spazio raffinato per riunioni o lavori concentrati, dove musica rilassante e un servizio attento creano un&#039;atmosfera di calma produttivit\u00e0.<\/p><div class=\"my-2\">\u00a0<\/div><h3>Progettato per il viaggiatore moderno<\/h3><p>Sappiamo che gli ospiti di oggi non sono solo di passaggio, ma cercano <strong>valore, efficienza ed esperienze memorabili<\/strong>Ecco perch\u00e9 offriamo <strong>servizio navetta aeroportuale gratuito 24 ore su 24, 7 giorni su 7<\/strong>, <strong>Wi-Fi ad alta velocit\u00e0 gratuito<\/strong>, UN <strong>Centro fitness aperto 24 ore su 24<\/strong>, E <strong>servizi gratuiti di fax e fotocopie<\/strong> Per chi cerca di conciliare lavoro e viaggio. Che tu sia qui per due ore o due notti, abbiamo progettato ogni servizio per rispettare i tuoi tempi e migliorare il tuo viaggio.<\/p><p>La nostra posizione, a pochi minuti da <strong>Stazione ferroviaria di Daxingjichang<\/strong> e il <strong>Linea metropolitana dell&#039;aeroporto di Daxing<\/strong>\u2014ti colloca inoltre al centro della rete di trasporti in espansione di Pechino, rendendoci non solo un punto di accesso all&#039;aeroporto, ma anche una base strategica per esplorare la citt\u00e0 e i suoi dintorni.<\/p><div class=\"my-2\">\u00a0<\/div><h3>Un nuovo capitolo nel viaggio<\/h3><p>Il Beijing Daxing International Airport Intercity Hotel \u00e8 pi\u00f9 di una semplice sosta. \u00c8 un <strong>nuovo capitolo nell&#039;evoluzione dell&#039;ospitalit\u00e0 turistica<\/strong>\u2014un luogo in cui tecnologia intelligente, fusione culturale e design incentrato sul cliente si uniscono per creare qualcosa di veramente unico.<\/p><p>Siamo orgogliosi di far parte della storia della crescita di Pechino come citt\u00e0 globale, e ancora pi\u00f9 orgogliosi di far parte di <em>tuo<\/em> viaggio. Che tu stia iniziando, terminando o interrompendo brevemente la tua avventura, ti invitiamo a provare un hotel che non si limita a soddisfare le aspettative, ma le reinventa.<\/p><p data-spm-anchor-id=\"a2ty_o01.29997173.0.i54.5e52c92120wETC\">Questa \u00e8 la nostra storia. E ora tocca a te viverla.<\/p>\t\t\t\t\t\t\t\t<\/div>\n\t\t\t\t\t<\/div>\n\t\t<\/div>\n\t\t\t\t\t<\/div>\n\t\t<\/section>\n\t\t\t\t<\/div>","protected":false},"excerpt":{"rendered":"<p>Where German precision meets beijing\u2019s spirit of hospitality Since 2024 At the heart of one of the world\u2019s most futuristic aviation hubs lies a story of innovation, comfort, and seamless travel\u2014welcome to the Beijing Daxing International Airport Intercity Hotel, a destination born from a bold vision to redefine the airport hotel experience. Opened in 2024, [&hellip;]<\/p>\n","protected":false},"author":1,"featured_media":0,"parent":0,"menu_order":0,"comment_status":"closed","ping_status":"closed","template":"","meta":{"footnotes":""},"class_list":["post-2104","page","type-page","status-publish","hentry","post-no-thumbnail"],"_links":{"self":[{"href":"https:\/\/intercityhotelbeijing.com\/it\/wp-json\/wp\/v2\/pages\/2104","targetHints":{"allow":["GET"]}}],"collection":[{"href":"https:\/\/intercityhotelbeijing.com\/it\/wp-json\/wp\/v2\/pages"}],"about":[{"href":"https:\/\/intercityhotelbeijing.com\/it\/wp-json\/wp\/v2\/types\/page"}],"author":[{"embeddable":true,"href":"https:\/\/intercityhotelbeijing.com\/it\/wp-json\/wp\/v2\/users\/1"}],"replies":[{"embeddable":true,"href":"https:\/\/intercityhotelbeijing.com\/it\/wp-json\/wp\/v2\/comments?post=2104"}],"version-history":[{"count":0,"href":"https:\/\/intercityhotelbeijing.com\/it\/wp-json\/wp\/v2\/pages\/2104\/revisions"}],"wp:attachment":[{"href":"https:\/\/intercityhotelbeijing.com\/it\/wp-json\/wp\/v2\/media?parent=2104"}],"curies":[{"name":"parola chiave","href":"https:\/\/api.w.org\/{rel}","templated":true}]}}