{"id":612,"date":"2021-03-26T10:04:13","date_gmt":"2021-03-26T10:04:13","guid":{"rendered":"http:\/\/localhost\/nuss\/?page_id=612"},"modified":"2025-12-06T07:55:09","modified_gmt":"2025-12-06T07:55:09","slug":"restaurant","status":"publish","type":"page","link":"https:\/\/intercityhotelbeijing.com\/fr\/restaurant\/","title":{"rendered":"Restaurant"},"content":{"rendered":"<div data-elementor-type=\"wp-page\" data-elementor-id=\"612\" class=\"elementor elementor-612\">\n\t\t\t\t\t\t<section class=\"elementor-section elementor-top-section elementor-element elementor-element-e2effe8 elementor-section-boxed elementor-section-gap-beside-yes elementor-section-height-default elementor-section-height-default elementor-section-column-vertical-align-stretch\" data-id=\"e2effe8\" data-element_type=\"section\" data-e-type=\"section\">\n\t\t\t\t\t\t<div class=\"elementor-container elementor-column-gap-extended\">\n\t\t\t\t\t<div class=\"elementor-column elementor-col-100 elementor-top-column elementor-element elementor-element-e18f688\" data-id=\"e18f688\" data-element_type=\"column\" data-e-type=\"column\">\n\t\t\t<div class=\"elementor-widget-wrap elementor-element-populated\">\n\t\t\t\t\t\t<div class=\"elementor-element elementor-element-6db146d elementor-widget__width-initial elementor-invisible elementor-widget elementor-widget-text-editor\" data-id=\"6db146d\" data-element_type=\"widget\" data-e-type=\"widget\" data-settings=\"{&quot;_animation&quot;:&quot;nussFadeInUp&quot;}\" data-widget_type=\"text-editor.default\">\n\t\t\t\t\t\t\t\t\t<p><strong data-spm-anchor-id=\"a2ty_o01.29997173.0.i57.5e52c92120wETC\">Bienvenue au restaurant Hao Wei de l&#039;h\u00f4tel Intercity de l&#039;a\u00e9roport international de P\u00e9kin Daxing<\/strong><\/p>\t\t\t\t\t\t\t\t<\/div>\n\t\t\t\t\t<\/div>\n\t\t<\/div>\n\t\t\t\t\t<\/div>\n\t\t<\/section>\n\t\t<div class=\"elementor-element elementor-element-ab86fcb e-flex e-con-boxed e-con e-parent\" data-id=\"ab86fcb\" data-element_type=\"container\" data-e-type=\"container\">\n\t\t\t\t\t<div class=\"e-con-inner\">\n\t\t\t\t<div class=\"elementor-element elementor-element-313ecee elementor-widget elementor-widget-text-editor\" data-id=\"313ecee\" data-element_type=\"widget\" data-e-type=\"widget\" data-widget_type=\"text-editor.default\">\n\t\t\t\t\t\t\t\t\t<p data-spm-anchor-id=\"a2ty_o01.29997173.0.i59.5e52c92120wETC\">Au <strong>H\u00f4tel interurbain de l&#039;a\u00e9roport international de P\u00e9kin Daxing<\/strong>, manger n&#039;est pas seulement une n\u00e9cessit\u00e9, c&#039;est une destination en soi. Nich\u00e9 au c\u0153ur de notre \u00e9l\u00e9gant h\u00f4tel 4 \u00e9toiles d&#039;inspiration allemande, <strong>Restaurant Hao Wei<\/strong> offre une exp\u00e9rience culinaire qui se marie harmonieusement <strong>saveurs chinoises authentiques avec une \u00e9l\u00e9gance europ\u00e9enne saisonni\u00e8re<\/strong>, cr\u00e9ant un voyage culinaire m\u00e9morable pour les voyageurs du monde entier.<\/p><p>Situ\u00e9 juste <strong>\u00c0 1,8 km de l&#039;a\u00e9roport international de P\u00e9kin-Daxing (PKX)<\/strong>Hao Wei est plus qu&#039;un simple restaurant d&#039;h\u00f4tel\u00a0: c&#039;est une c\u00e9l\u00e9bration de la culture, du confort et de la qualit\u00e9. Con\u00e7u avec une esth\u00e9tique moderne et un engagement envers l&#039;excellence, le restaurant est au c\u0153ur de notre philosophie d&#039;hospitalit\u00e9\u00a0: un lieu o\u00f9 service attentionn\u00e9 et cuisine innovante se rencontrent. Que vous souhaitiez faire le plein d&#039;\u00e9nergie pour un vol matinal, vous d\u00e9tendre apr\u00e8s un long voyage ou simplement savourer un repas raffin\u00e9 dans un cadre serein, Hao Wei vous offre une exp\u00e9rience culinaire qui d\u00e9passe les attentes des voyageurs les plus exigeants.<\/p><div class=\"my-2\">\u00a0<\/div><h3>Une exp\u00e9rience de petit-d\u00e9jeuner con\u00e7ue pour le voyageur moderne<\/h3><p>Le restaurant Hao Wei est sp\u00e9cialis\u00e9 dans une <strong>petit-d\u00e9jeuner buffet quotidien<\/strong> servi \u00e0 partir de <strong>06h30 \u00e0 10h00<\/strong>, offrant une fen\u00eatre de service g\u00e9n\u00e9reuse qui convient aussi bien aux l\u00e8ve-t\u00f4t qu&#039;aux couche-tard. Ce service prolong\u00e9 assure une ambiance d\u00e9tendue et sans foule\u00a0: pas de pr\u00e9cipitation, pas de file d&#039;attente, juste un d\u00e9but de journ\u00e9e paisible.<\/p><p>Notre menu de petit-d\u00e9jeuner est une fusion soigneusement s\u00e9lectionn\u00e9e de <strong>Traditions culinaires occidentales et chinoises<\/strong>Les clients peuvent profiter d&#039;un large \u00e9ventail d&#039;options, notamment :<\/p><ul><li>Fra\u00eechement cuit \u00e0 la vapeur <strong>dim sum, baozi et congee<\/strong> pour un avant-go\u00fbt du P\u00e9kin authentique.<\/li><li>Une s\u00e9lection de <strong>charcuterie, fromages et pains allemands import\u00e9s<\/strong> qui refl\u00e8tent l&#039;\u00e9thique de conception d&#039;inspiration allemande de notre h\u00f4tel.<\/li><li>Plats chauds comme des \u0153ufs brouill\u00e9s, des saucisses et des l\u00e9gumes grill\u00e9s.<\/li><li>Fruits de saison, yaourts de qualit\u00e9 sup\u00e9rieure et une vari\u00e9t\u00e9 de p\u00e2tisseries et de produits de boulangerie.<\/li><\/ul><p>Chaque ingr\u00e9dient est s\u00e9lectionn\u00e9 pour sa fra\u00eecheur et sa qualit\u00e9, vous assurant un d\u00e9part nutritif et satisfaisant. Les voyageurs appr\u00e9cient sans cesse le <strong>vari\u00e9t\u00e9, propret\u00e9 et confort<\/strong> de l&#039;espace restauration, beaucoup notant que le petit-d\u00e9jeuner au Hao Wei est l&#039;un des points forts de leur s\u00e9jour.<\/p><div class=\"my-2\">\u00a0<\/div><h3>Artisanat culinaire d&#039;inspiration allemande<\/h3><p>Dessin de <strong>Les traditions allemandes de pr\u00e9cision et de saveur<\/strong>Hao Wei int\u00e8gre des th\u00e8mes saisonniers et une pr\u00e9sentation de style europ\u00e9en \u00e0 ses plats. Le design du restaurant refl\u00e8te cette fusion\u00a0: des lignes \u00e9pur\u00e9es, un \u00e9clairage chaleureux et un espace ouvert qui invite \u00e0 la d\u00e9tente. C&#039;est un espace o\u00f9 les voyageurs d&#039;affaires peuvent consulter leurs documents autour d&#039;un caf\u00e9 bien fort, et o\u00f9 les familles peuvent se retrouver autour d&#039;un copieux repas avant d&#039;embarquer.<\/p><p>Bien que le d\u00eener ne soit pas servi au restaurant, des restaurants locaux et des barbecues \u00e0 proximit\u00e9 se trouvent \u00e0 quelques pas. <strong>1 km \u00e0 pied<\/strong>, offrant des options de restauration nocturne pour les clients qui arrivent apr\u00e8s les heures d&#039;ouverture.<\/p><div class=\"my-2\">\u00a0<\/div><h3>Plus qu&#039;un simple repas \u2013 une exp\u00e9rience culinaire compl\u00e8te<\/h3><p>En compl\u00e9ment de Hao Wei, il y a le <strong>Bar du hall \u00ab Hao Wu \u00bb<\/strong>, un espace tranquille o\u00f9 les invit\u00e9s peuvent profiter <strong>caf\u00e9, th\u00e9s et rafra\u00eechissements l\u00e9gers de qualit\u00e9 sup\u00e9rieure<\/strong> Tout au long de la journ\u00e9e. Que vous souhaitiez travailler, rencontrer un coll\u00e8gue ou simplement profiter d&#039;un moment de calme, le bar du hall offre une ambiance chaleureuse, agr\u00e9ment\u00e9e d&#039;une musique douce et d&#039;un design \u00e9l\u00e9gant.<\/p><p>Pour les clients d&#039;affaires, le <strong>Salon ex\u00e9cutif \u00ab Hao Ju \u00bb<\/strong> offre un environnement raffin\u00e9 pour des r\u00e9unions ou des conversations tranquilles, avec une musique de fond apaisante et un service personnalis\u00e9, parfait pour conclure un accord ou pr\u00e9parer une pr\u00e9sentation.<\/p><p>\u00a0<\/p><h3>Commencez et terminez votre voyage avec la saveur<\/h3><p>\u00c0 <strong>Restaurant Hao Wei<\/strong>Nous pensons que chaque voyage m\u00e9rite un bon repas. Que vous commenciez votre aventure \u00e0 P\u00e9kin ou concluiez une exp\u00e9dition autour du monde, laissez-nous vous offrir un moment de calme, de confort et de plaisir culinaire.<\/p><p>D\u00e9couvrez le m\u00e9lange parfait de <strong>La chaleur chinoise et la pr\u00e9cision allemande<\/strong>\u2014une bouch\u00e9e, une tasse, un voyageur \u00e0 la fois.<\/p><p data-spm-anchor-id=\"a2ty_o01.29997173.0.i60.5e52c92120wETC\"><strong>Restaurant Hao Wei : L\u00e0 o\u00f9 le monde se retrouve \u00e0 table, \u00e0 quelques minutes du ciel.<\/strong><\/p>\t\t\t\t\t\t\t\t<\/div>\n\t\t\t\t\t<\/div>\n\t\t\t\t<\/div>\n\t\t<div class=\"elementor-element elementor-element-b225ac7 e-flex e-con-boxed e-con e-parent\" data-id=\"b225ac7\" data-element_type=\"container\" data-e-type=\"container\">\n\t\t\t\t\t<div class=\"e-con-inner\">\n\t\t\t\t<div class=\"elementor-element elementor-element-e62b919 elementor-widget elementor-widget-nuss-image-gallery\" data-id=\"e62b919\" data-element_type=\"widget\" data-e-type=\"widget\" data-widget_type=\"nuss-image-gallery.default\">\n\t\t\t\t<div class=\"elementor-widget-container\">\n\t\t\t\t\t\t\t<div class=\"nuss-grid-wrapper\" data-grid=\"{&quot;type&quot;:&quot;grid&quot;,&quot;ratio&quot;:null,&quot;columns&quot;:3,&quot;gutter&quot;:30}\">\r\n\t\t\t<div class=\"nuss-grid lazy-grid\">\r\n\t\t\t\t<div class=\"grid-sizer\"><\/div>\r\n\r\n\t\t\t\t\t\t\t\t\t\t\t\t<div class=\"grid-item\">\r\n\t\t\t\t\t\t<div class=\"nuss-box\">\t\t<div class=\"nuss-image image\">\r\n\t\t\t<img decoding=\"async\"  src=\"https:\/\/intercityhotelbeijing.com\/wp-content\/uploads\/2025\/08\/IntercityHotel-Beijing-Daxing-International-Airport-Hotel-19.webp\" alt=\"H\u00f4tel IntercityHotel A\u00e9roport international de P\u00e9kin Daxing (19)\" \/>\t\t<\/div>\r\n\t\t\t\t<\/div>\t\t\t\t\t<\/div>\r\n\t\t\t\t\t\t<div class=\"grid-item\">\r\n\t\t\t\t\t\t<div class=\"nuss-box\">\t\t<div class=\"nuss-image image\">\r\n\t\t\t<img decoding=\"async\"  src=\"https:\/\/intercityhotelbeijing.com\/wp-content\/uploads\/2025\/08\/IntercityHotel-Beijing-Daxing-International-Airport-Hotel-9.webp\" alt=\"H\u00f4tel IntercityHotel A\u00e9roport international de P\u00e9kin Daxing (9)\" \/>\t\t<\/div>\r\n\t\t\t\t<\/div>\t\t\t\t\t<\/div>\r\n\t\t\t\t\t\t<div class=\"grid-item\">\r\n\t\t\t\t\t\t<div class=\"nuss-box\">\t\t<div class=\"nuss-image image\">\r\n\t\t\t<img decoding=\"async\"  src=\"https:\/\/intercityhotelbeijing.com\/wp-content\/uploads\/2025\/08\/IntercityHotel-Beijing-Daxing-International-Airport-Hotel-41.webp\" alt=\"H\u00f4tel IntercityHotel A\u00e9roport international de P\u00e9kin Daxing (41)\" \/>\t\t<\/div>\r\n\t\t\t\t<\/div>\t\t\t\t\t<\/div>\r\n\t\t\t\t\t\t<div class=\"grid-item\">\r\n\t\t\t\t\t\t<div class=\"nuss-box\">\t\t<div class=\"nuss-image image\">\r\n\t\t\t<img decoding=\"async\"  src=\"https:\/\/intercityhotelbeijing.com\/wp-content\/uploads\/2025\/08\/IntercityHotel-Beijing-Daxing-International-Airport-Hotel-36.webp\" alt=\"H\u00f4tel IntercityHotel Beijing Daxing International Airport (36)\" \/>\t\t<\/div>\r\n\t\t\t\t<\/div>\t\t\t\t\t<\/div>\r\n\t\t\t\t\t\t<div class=\"grid-item\">\r\n\t\t\t\t\t\t<div class=\"nuss-box\">\t\t<div class=\"nuss-image image\">\r\n\t\t\t<img decoding=\"async\"  src=\"https:\/\/intercityhotelbeijing.com\/wp-content\/uploads\/2025\/08\/IntercityHotel-Beijing-Daxing-International-Airport-Hotel-74.webp\" alt=\"IntercityHotel Beijing Daxing International Airport H\u00f4tel (74)\" \/>\t\t<\/div>\r\n\t\t\t\t<\/div>\t\t\t\t\t<\/div>\r\n\t\t\t\t\t\t<div class=\"grid-item\">\r\n\t\t\t\t\t\t<div class=\"nuss-box\">\t\t<div class=\"nuss-image image\">\r\n\t\t\t<img decoding=\"async\"  src=\"https:\/\/intercityhotelbeijing.com\/wp-content\/uploads\/2025\/08\/IntercityHotel-Beijing-Daxing-International-Airport-Hotel-49.webp\" alt=\"H\u00f4tel IntercityHotel A\u00e9roport international de P\u00e9kin Daxing (49)\" \/>\t\t<\/div>\r\n\t\t\t\t<\/div>\t\t\t\t\t<\/div>\r\n\t\t\t\t\t\t\t\r\n\t\t\t<\/div>\r\n\t\t<\/div>\r\n\t\t\t\t\t\t<\/div>\n\t\t\t\t<\/div>\n\t\t\t\t\t<\/div>\n\t\t\t\t<\/div>\n\t\t<div class=\"elementor-element elementor-element-8cc0c6d e-flex e-con-boxed e-con e-parent\" data-id=\"8cc0c6d\" data-element_type=\"container\" data-e-type=\"container\">\n\t\t\t\t\t<div class=\"e-con-inner\">\n\t\t\t\t<div class=\"elementor-element elementor-element-431a24b elementor-widget elementor-widget-text-editor\" data-id=\"431a24b\" data-element_type=\"widget\" data-e-type=\"widget\" data-widget_type=\"text-editor.default\">\n\t\t\t\t\t\t\t\t\t<h3>Durabilit\u00e9, hygi\u00e8ne et innovation dans l&#039;assiette<\/h3><p>Tout comme l&#039;h\u00f4tel int\u00e8gre la technologie intelligente et le d\u00e9veloppement durable \u00e0 ses op\u00e9rations, Hao Wei applique les m\u00eames normes \u00e9lev\u00e9es. Le restaurant applique des protocoles d&#039;hygi\u00e8ne stricts et tous les espaces communs sont r\u00e9guli\u00e8rement d\u00e9sinfect\u00e9s. La cuisine ouverte permet aux clients d&#039;appr\u00e9cier le soin et la pr\u00e9cision apport\u00e9s \u00e0 chaque plat.<\/p><p>De plus, l\u2019engagement de l\u2019h\u00f4tel envers le bien-\u00eatre des clients s\u2019\u00e9tend \u00e0 ses <strong>laverie libre-service et salle de fitness<\/strong>, garantissant que les voyageurs peuvent maintenir leurs routines lors de leurs d\u00e9placements, faisant de Hao Wei non seulement un lieu de restauration, mais une partie d&#039;une exp\u00e9rience de voyage holistique.<\/p><div class=\"my-2\">\u00a0<\/div><h3>Id\u00e9alement situ\u00e9 pour un voyage sans accroc<\/h3><p>Que vous arriviez \u00e0 <strong>02h00<\/strong> ou au d\u00e9part de <strong>05h30<\/strong>La proximit\u00e9 de Hao Wei avec l&#039;a\u00e9roport et l&#039;h\u00f4tel <strong>Service de navette gratuit 24h\/24 et 7j\/7<\/strong> Faites-en l&#039;une des destinations gastronomiques les plus pratiques pr\u00e8s de l&#039;a\u00e9roport international de P\u00e9kin-Daxing. Plus besoin de vous inqui\u00e9ter si vous ratez votre vol\u00a0: notre syst\u00e8me efficace de check-out et de navette vous assure un retour \u00e0 PKX en quelques minutes.<\/p>\t\t\t\t\t\t\t\t<\/div>\n\t\t\t\t\t<\/div>\n\t\t\t\t<\/div>\n\t\t<div class=\"elementor-element elementor-element-d805c77 e-flex e-con-boxed e-con e-parent\" data-id=\"d805c77\" data-element_type=\"container\" data-e-type=\"container\">\n\t\t\t\t\t<div class=\"e-con-inner\">\n\t\t\t\t<div class=\"elementor-element elementor-element-6a9e5b8 elementor-widget elementor-widget-nuss-image-gallery\" data-id=\"6a9e5b8\" data-element_type=\"widget\" data-e-type=\"widget\" data-widget_type=\"nuss-image-gallery.default\">\n\t\t\t\t<div class=\"elementor-widget-container\">\n\t\t\t\t\t\t\t<div class=\"nuss-grid-wrapper\" data-grid=\"{&quot;type&quot;:&quot;grid&quot;,&quot;ratio&quot;:null,&quot;columns&quot;:3,&quot;gutter&quot;:30}\">\r\n\t\t\t<div class=\"nuss-grid lazy-grid\">\r\n\t\t\t\t<div class=\"grid-sizer\"><\/div>\r\n\r\n\t\t\t\t\t\t\t\t\t\t\t\t<div class=\"grid-item\">\r\n\t\t\t\t\t\t<div class=\"nuss-box\">\t\t<div class=\"nuss-image image\">\r\n\t\t\t<img decoding=\"async\"  src=\"https:\/\/intercityhotelbeijing.com\/wp-content\/uploads\/2025\/08\/IntercityHotel-Beijing-Daxing-International-Airport-Hotel-75.webp\" alt=\"H\u00f4tel IntercityHotel A\u00e9roport international de P\u00e9kin Daxing (75)\" \/>\t\t<\/div>\r\n\t\t\t\t<\/div>\t\t\t\t\t<\/div>\r\n\t\t\t\t\t\t<div class=\"grid-item\">\r\n\t\t\t\t\t\t<div class=\"nuss-box\">\t\t<div class=\"nuss-image image\">\r\n\t\t\t<img decoding=\"async\"  src=\"https:\/\/intercityhotelbeijing.com\/wp-content\/uploads\/2025\/08\/IntercityHotel-Beijing-Daxing-International-Airport-Hotel-68.webp\" alt=\"H\u00f4tel IntercityHotel A\u00e9roport international de P\u00e9kin Daxing (68)\" \/>\t\t<\/div>\r\n\t\t\t\t<\/div>\t\t\t\t\t<\/div>\r\n\t\t\t\t\t\t<div class=\"grid-item\">\r\n\t\t\t\t\t\t<div class=\"nuss-box\">\t\t<div class=\"nuss-image image\">\r\n\t\t\t<img decoding=\"async\"  src=\"https:\/\/intercityhotelbeijing.com\/wp-content\/uploads\/2025\/08\/IntercityHotel-Beijing-Daxing-International-Airport-Hotel-21.webp\" alt=\"H\u00f4tel IntercityHotel A\u00e9roport international de P\u00e9kin Daxing (21)\" \/>\t\t<\/div>\r\n\t\t\t\t<\/div>\t\t\t\t\t<\/div>\r\n\t\t\t\t\t\t<div class=\"grid-item\">\r\n\t\t\t\t\t\t<div class=\"nuss-box\">\t\t<div class=\"nuss-image image\">\r\n\t\t\t<img decoding=\"async\"  src=\"https:\/\/intercityhotelbeijing.com\/wp-content\/uploads\/2025\/08\/IntercityHotel-Beijing-Daxing-International-Airport-Hotel-18.webp\" alt=\"H\u00f4tel IntercityHotel A\u00e9roport international de P\u00e9kin Daxing (18)\" \/>\t\t<\/div>\r\n\t\t\t\t<\/div>\t\t\t\t\t<\/div>\r\n\t\t\t\t\t\t<div class=\"grid-item\">\r\n\t\t\t\t\t\t<div class=\"nuss-box\">\t\t<div class=\"nuss-image image\">\r\n\t\t\t<img decoding=\"async\"  src=\"https:\/\/intercityhotelbeijing.com\/wp-content\/uploads\/2025\/08\/IntercityHotel-Beijing-Daxing-International-Airport-Hotel-42.webp\" alt=\"H\u00f4tel IntercityHotel A\u00e9roport international de P\u00e9kin Daxing (42)\" \/>\t\t<\/div>\r\n\t\t\t\t<\/div>\t\t\t\t\t<\/div>\r\n\t\t\t\t\t\t<div class=\"grid-item\">\r\n\t\t\t\t\t\t<div class=\"nuss-box\">\t\t<div class=\"nuss-image image\">\r\n\t\t\t<img decoding=\"async\"  src=\"https:\/\/intercityhotelbeijing.com\/wp-content\/uploads\/2025\/08\/IntercityHotel-Beijing-Daxing-International-Airport-Hotel-3.webp\" alt=\"H\u00f4tel IntercityHotel A\u00e9roport international de P\u00e9kin Daxing (3)\" \/>\t\t<\/div>\r\n\t\t\t\t<\/div>\t\t\t\t\t<\/div>\r\n\t\t\t\t\t\t\t\r\n\t\t\t<\/div>\r\n\t\t<\/div>\r\n\t\t\t\t\t\t<\/div>\n\t\t\t\t<\/div>\n\t\t\t\t\t<\/div>\n\t\t\t\t<\/div>\n\t\t<div class=\"elementor-element elementor-element-91b08b1 e-flex e-con-boxed e-con e-parent\" data-id=\"91b08b1\" data-element_type=\"container\" data-e-type=\"container\">\n\t\t\t\t\t<div class=\"e-con-inner\">\n\t\t\t\t<div class=\"elementor-element elementor-element-2028c19 elementor-widget elementor-widget-text-editor\" data-id=\"2028c19\" data-element_type=\"widget\" data-e-type=\"widget\" data-widget_type=\"text-editor.default\">\n\t\t\t\t\t\t\t\t\t<h3>Appr\u00e9ci\u00e9 des voyageurs, not\u00e9 exceptionnellement<\/h3><p>Avec un <strong>Note de 9,8\/10 des clients sur Trip.com<\/strong> bas\u00e9 sur plus de <strong>3\u00a0455 avis<\/strong>Le restaurant Hao Wei a \u00e9t\u00e9 salu\u00e9 pour son <strong>\u00ab petit-d\u00e9jeuner vari\u00e9 \u00bb, environnement \u00ab d&#039;une propret\u00e9 \u00e9clatante \u00bb<\/strong>, et <strong>\u00ab boissons import\u00e9es de haute qualit\u00e9 \u00bb<\/strong> au bar. Les clients soulignent souvent le <strong>un personnel sympathique, une conception de menu r\u00e9fl\u00e9chie et une ambiance calme et moderne<\/strong> ce qui le distingue des restaurants typiques des h\u00f4tels d&#039;a\u00e9roport.<\/p><p>Un critique r\u00e9cent a partag\u00e9 : <em>\u00ab Le petit-d\u00e9jeuner \u00e9tait vari\u00e9 et les si\u00e8ges confortables, pas trop fr\u00e9quent\u00e9s m\u00eame aux heures de pointe, car il y a une longue fen\u00eatre de 6h30 \u00e0 10h00 pour accueillir tout le monde confortablement ! \u00bb<\/em><\/p>\t\t\t\t\t\t\t\t<\/div>\n\t\t\t\t\t<\/div>\n\t\t\t\t<\/div>\n\t\t\t\t<\/div>","protected":false},"excerpt":{"rendered":"<p>Welcome to Hao Wei Restaurant at Beijing Daxing International Airport Intercity Hotel At the Beijing Daxing International Airport Intercity Hotel, dining is not just a necessity\u2014it\u2019s a destination in itself. Nestled within our sleek, German-inspired 4-star hotel, Hao Wei Restaurant offers a culinary experience that seamlessly blends authentic Chinese flavors with seasonal European elegance, creating [&hellip;]<\/p>\n","protected":false},"author":1,"featured_media":0,"parent":0,"menu_order":0,"comment_status":"closed","ping_status":"closed","template":"","meta":{"footnotes":""},"class_list":["post-612","page","type-page","status-publish","hentry","post-no-thumbnail"],"_links":{"self":[{"href":"https:\/\/intercityhotelbeijing.com\/fr\/wp-json\/wp\/v2\/pages\/612","targetHints":{"allow":["GET"]}}],"collection":[{"href":"https:\/\/intercityhotelbeijing.com\/fr\/wp-json\/wp\/v2\/pages"}],"about":[{"href":"https:\/\/intercityhotelbeijing.com\/fr\/wp-json\/wp\/v2\/types\/page"}],"author":[{"embeddable":true,"href":"https:\/\/intercityhotelbeijing.com\/fr\/wp-json\/wp\/v2\/users\/1"}],"replies":[{"embeddable":true,"href":"https:\/\/intercityhotelbeijing.com\/fr\/wp-json\/wp\/v2\/comments?post=612"}],"version-history":[{"count":0,"href":"https:\/\/intercityhotelbeijing.com\/fr\/wp-json\/wp\/v2\/pages\/612\/revisions"}],"wp:attachment":[{"href":"https:\/\/intercityhotelbeijing.com\/fr\/wp-json\/wp\/v2\/media?parent=612"}],"curies":[{"name":"wp","href":"https:\/\/api.w.org\/{rel}","templated":true}]}}