{"id":5266,"date":"2021-07-18T08:03:35","date_gmt":"2021-07-18T08:03:35","guid":{"rendered":"https:\/\/nuss.uxper.co\/luxury-resort\/?page_id=5266"},"modified":"2025-12-06T07:54:13","modified_gmt":"2025-12-06T07:54:13","slug":"a-propos-de-nous","status":"publish","type":"page","link":"https:\/\/intercityhotelbeijing.com\/fr\/a-propos-de-nous\/","title":{"rendered":"\u00c0 propos de nous"},"content":{"rendered":"<div data-elementor-type=\"wp-page\" data-elementor-id=\"5266\" class=\"elementor elementor-5266\">\n\t\t\t\t\t\t<section class=\"elementor-section elementor-top-section elementor-element elementor-element-10416953 elementor-section-boxed elementor-section-gap-beside-yes elementor-section-height-default elementor-section-height-default elementor-section-column-vertical-align-stretch\" data-id=\"10416953\" data-element_type=\"section\" data-e-type=\"section\">\n\t\t\t\t\t\t<div class=\"elementor-container elementor-column-gap-extended\">\n\t\t\t\t\t<div class=\"elementor-column elementor-col-100 elementor-top-column elementor-element elementor-element-29c6aa8\" data-id=\"29c6aa8\" data-element_type=\"column\" data-e-type=\"column\">\n\t\t\t<div class=\"elementor-widget-wrap elementor-element-populated\">\n\t\t\t\t\t\t<div class=\"elementor-element elementor-element-7be18fe7 elementor-widget__width-initial elementor-invisible elementor-widget elementor-widget-text-editor\" data-id=\"7be18fe7\" data-element_type=\"widget\" data-e-type=\"widget\" data-settings=\"{&quot;_animation&quot;:&quot;nussFadeInUp&quot;}\" data-widget_type=\"text-editor.default\">\n\t\t\t\t\t\t\t\t\t<p><strong data-spm-anchor-id=\"a2ty_o01.29997173.0.i24.5e52c92120wETC\">Votre passerelle vers un voyage sans effort<\/strong><\/p>\t\t\t\t\t\t\t\t<\/div>\n\t\t\t\t\t<\/div>\n\t\t<\/div>\n\t\t\t\t\t<\/div>\n\t\t<\/section>\n\t\t\t\t<section class=\"elementor-section elementor-top-section elementor-element elementor-element-7d18327f elementor-section-boxed elementor-section-gap-beside-yes elementor-section-height-default elementor-section-height-default elementor-section-column-vertical-align-stretch\" data-id=\"7d18327f\" data-element_type=\"section\" data-e-type=\"section\">\n\t\t\t\t\t\t<div class=\"elementor-container elementor-column-gap-extended\">\n\t\t\t\t\t<div class=\"elementor-column elementor-col-50 elementor-top-column elementor-element elementor-element-56533670\" data-id=\"56533670\" data-element_type=\"column\" data-e-type=\"column\">\n\t\t\t<div class=\"elementor-widget-wrap elementor-element-populated\">\n\t\t\t\t\t\t<div class=\"elementor-element elementor-element-19c3f543 elementor-invisible elementor-widget elementor-widget-text-editor\" data-id=\"19c3f543\" data-element_type=\"widget\" data-e-type=\"widget\" data-settings=\"{&quot;_animation&quot;:&quot;nussFadeInUp&quot;}\" data-widget_type=\"text-editor.default\">\n\t\t\t\t\t\t\t\t\t<p data-spm-anchor-id=\"a2ty_o01.29997173.0.i27.5e52c92120wETC\">Id\u00e9alement situ\u00e9 \u00e0 quelques minutes de l&#039;un des p\u00f4les a\u00e9ronautiques les plus avanc\u00e9s au monde, le <strong>H\u00f4tel interurbain de l&#039;a\u00e9roport international de P\u00e9kin Daxing<\/strong> offre aux voyageurs un m\u00e9lange parfait de confort moderne, d&#039;emplacement strat\u00e9gique et de service exceptionnel. Situ\u00e9 \u00e0 <strong data-spm-anchor-id=\"a2ty_o01.29997173.0.i26.5e52c92120wETC\">Yuanjing West 2nd Road, n\u00b0 101, 1er \u00e9tage, b\u00e2timent 2, cour 1, district de Daxing, P\u00e9kin, Chine<\/strong>, cet h\u00f4tel contemporain est soigneusement con\u00e7u pour les professionnels, les touristes internationaux et les passagers en transit \u00e0 la recherche d&#039;une retraite reposante sans compromettre la commodit\u00e9.<\/p>\t\t\t\t\t\t\t\t<\/div>\n\t\t\t\t\t<\/div>\n\t\t<\/div>\n\t\t\t\t<div class=\"elementor-column elementor-col-50 elementor-top-column elementor-element elementor-element-30f14127\" data-id=\"30f14127\" data-element_type=\"column\" data-e-type=\"column\">\n\t\t\t<div class=\"elementor-widget-wrap elementor-element-populated\">\n\t\t\t\t\t\t<div class=\"elementor-element elementor-element-6a41fc6 elementor-widget elementor-widget-image\" data-id=\"6a41fc6\" data-element_type=\"widget\" data-e-type=\"widget\" data-widget_type=\"image.default\">\n\t\t\t\t\t\t\t\t\t\t\t\t\t\t\t<img fetchpriority=\"high\" decoding=\"async\" width=\"1024\" height=\"682\" src=\"https:\/\/intercityhotelbeijing.com\/wp-content\/uploads\/2025\/08\/IntercityHotel-Beijing-Daxing-International-Airport-Hotel-25-1024x682.webp\" class=\"attachment-large size-large wp-image-5633\" alt=\"\" srcset=\"https:\/\/intercityhotelbeijing.com\/wp-content\/uploads\/2025\/08\/IntercityHotel-Beijing-Daxing-International-Airport-Hotel-25-1024x682.webp 1024w, https:\/\/intercityhotelbeijing.com\/wp-content\/uploads\/2025\/08\/IntercityHotel-Beijing-Daxing-International-Airport-Hotel-25-300x200.webp 300w, https:\/\/intercityhotelbeijing.com\/wp-content\/uploads\/2025\/08\/IntercityHotel-Beijing-Daxing-International-Airport-Hotel-25-768x512.webp 768w, https:\/\/intercityhotelbeijing.com\/wp-content\/uploads\/2025\/08\/IntercityHotel-Beijing-Daxing-International-Airport-Hotel-25-18x12.webp 18w, https:\/\/intercityhotelbeijing.com\/wp-content\/uploads\/2025\/08\/IntercityHotel-Beijing-Daxing-International-Airport-Hotel-25.webp 1280w\" sizes=\"(max-width: 1024px) 100vw, 1024px\" \/>\t\t\t\t\t\t\t\t\t\t\t\t\t\t\t<\/div>\n\t\t\t\t\t<\/div>\n\t\t<\/div>\n\t\t\t\t\t<\/div>\n\t\t<\/section>\n\t\t\t\t<section class=\"elementor-section elementor-top-section elementor-element elementor-element-29fb8578 elementor-section-height-min-height elementor-section-stretched elementor-section-full_width elementor-section-items-stretch elementor-section-height-default elementor-section-column-vertical-align-stretch\" data-id=\"29fb8578\" data-element_type=\"section\" data-e-type=\"section\" data-settings=\"{&quot;stretch_section&quot;:&quot;section-stretched&quot;}\">\n\t\t\t\t\t\t<div class=\"elementor-container elementor-column-gap-no\">\n\t\t\t\t\t<div class=\"elementor-column elementor-col-50 elementor-top-column elementor-element elementor-element-40ac270b\" data-id=\"40ac270b\" data-element_type=\"column\" data-e-type=\"column\">\n\t\t\t<div class=\"elementor-widget-wrap elementor-element-populated\">\n\t\t\t\t\t\t<div class=\"elementor-element elementor-element-20872773 elementor-widget__width-initial elementor-widget-mobile__width-inherit elementor-invisible nuss-elementor-loading nuss-slide-in-right elementor-widget elementor-widget-image\" data-id=\"20872773\" data-element_type=\"widget\" data-e-type=\"widget\" data-settings=\"{&quot;_animation&quot;:&quot;nussSlideInRight&quot;}\" data-widget_type=\"image.default\">\n\t\t\t\t\t\t\t\t\t\t\t\t\t\t\t<img decoding=\"async\" width=\"1280\" height=\"853\" src=\"https:\/\/intercityhotelbeijing.com\/wp-content\/uploads\/2025\/08\/IntercityHotel-Beijing-Daxing-International-Airport-Hotel-21.webp\" class=\"attachment-full size-full wp-image-5643\" alt=\"\" srcset=\"https:\/\/intercityhotelbeijing.com\/wp-content\/uploads\/2025\/08\/IntercityHotel-Beijing-Daxing-International-Airport-Hotel-21.webp 1280w, https:\/\/intercityhotelbeijing.com\/wp-content\/uploads\/2025\/08\/IntercityHotel-Beijing-Daxing-International-Airport-Hotel-21-300x200.webp 300w, https:\/\/intercityhotelbeijing.com\/wp-content\/uploads\/2025\/08\/IntercityHotel-Beijing-Daxing-International-Airport-Hotel-21-1024x682.webp 1024w, https:\/\/intercityhotelbeijing.com\/wp-content\/uploads\/2025\/08\/IntercityHotel-Beijing-Daxing-International-Airport-Hotel-21-768x512.webp 768w, https:\/\/intercityhotelbeijing.com\/wp-content\/uploads\/2025\/08\/IntercityHotel-Beijing-Daxing-International-Airport-Hotel-21-18x12.webp 18w\" sizes=\"(max-width: 1280px) 100vw, 1280px\" \/>\t\t\t\t\t\t\t\t\t\t\t\t\t\t\t<\/div>\n\t\t\t\t\t<\/div>\n\t\t<\/div>\n\t\t\t\t<div class=\"elementor-column elementor-col-50 elementor-top-column elementor-element elementor-element-2dac103\" data-id=\"2dac103\" data-element_type=\"column\" data-e-type=\"column\">\n\t\t\t<div class=\"elementor-widget-wrap elementor-element-populated\">\n\t\t\t\t\t\t<div class=\"elementor-element elementor-element-6f1b8966 elementor-invisible elementor-widget elementor-widget-text-editor\" data-id=\"6f1b8966\" data-element_type=\"widget\" data-e-type=\"widget\" data-settings=\"{&quot;_animation&quot;:&quot;nussFadeInUp&quot;}\" data-widget_type=\"text-editor.default\">\n\t\t\t\t\t\t\t\t\t<p>\u00c9tant l&#039;un des h\u00e9bergements les plus proches de l&#039;a\u00e9roport international de P\u00e9kin-Daxing (PKX), cet h\u00f4tel est id\u00e9al pour les d\u00e9parts matinaux, les arriv\u00e9es tardives ou les courtes escales. Que vous arriviez de l&#039;autre bout du monde ou que vous entrepreniez un nouveau voyage en Chine, notre h\u00f4tel vous \u00e9vite le stress des longs trajets gr\u00e2ce \u00e0 un acc\u00e8s rapide aux terminaux de l&#039;a\u00e9roport, vous permettant ainsi d&#039;optimiser votre temps, que ce soit pour vous reposer, travailler ou explorer la ville.<\/p><p>L&#039;h\u00f4tel Beijing Daxing International Airport Intercity allie un design \u00e9pur\u00e9 et minimaliste \u00e0 un luxe pratique. Chaque chambre est insonoris\u00e9e pour vous garantir un sommeil paisible au c\u0153ur de l&#039;environnement dynamique de l&#039;a\u00e9roport. Elle est \u00e9quip\u00e9e d&#039;une literie moelleuse, d&#039;une climatisation intelligente, du Wi-Fi haut d\u00e9bit et d&#039;\u00e9quipements modernes adapt\u00e9s aux voyageurs exigeants d&#039;aujourd&#039;hui. Des attentions particuli\u00e8res, comme des bornes de recharge USB, des espaces de travail ergonomiques et des articles de toilette haut de gamme, sublimeront votre s\u00e9jour.<\/p>\t\t\t\t\t\t\t\t<\/div>\n\t\t\t\t\t<\/div>\n\t\t<\/div>\n\t\t\t\t\t<\/div>\n\t\t<\/section>\n\t\t\t\t<section class=\"elementor-section elementor-top-section elementor-element elementor-element-3c7468e elementor-section-height-min-height elementor-section-stretched elementor-section-full_width elementor-section-items-stretch elementor-section-height-default elementor-section-column-vertical-align-stretch\" data-id=\"3c7468e\" data-element_type=\"section\" data-e-type=\"section\" data-settings=\"{&quot;stretch_section&quot;:&quot;section-stretched&quot;}\">\n\t\t\t\t\t\t<div class=\"elementor-container elementor-column-gap-no\">\n\t\t\t\t\t<div class=\"elementor-column elementor-col-50 elementor-top-column elementor-element elementor-element-880be69\" data-id=\"880be69\" data-element_type=\"column\" data-e-type=\"column\">\n\t\t\t<div class=\"elementor-widget-wrap elementor-element-populated\">\n\t\t\t\t\t\t<div class=\"elementor-element elementor-element-75a624c elementor-invisible elementor-widget elementor-widget-text-editor\" data-id=\"75a624c\" data-element_type=\"widget\" data-e-type=\"widget\" data-settings=\"{&quot;_animation&quot;:&quot;nussFadeInUp&quot;}\" data-widget_type=\"text-editor.default\">\n\t\t\t\t\t\t\t\t\t<p>Au-del\u00e0 du confort, l&#039;h\u00f4tel est un v\u00e9ritable havre de paix. Les clients b\u00e9n\u00e9ficient d&#039;une r\u00e9ception ouverte 24h\/24, d&#039;un enregistrement et d&#039;un d\u00e9part express, d&#039;une consigne \u00e0 bagages et de navettes r\u00e9guli\u00e8res depuis et vers les terminaux de l&#039;a\u00e9roport, pour des transferts fluides et efficaces. C\u00f4t\u00e9 restauration, <strong>Restaurant SkyBite<\/strong> propose un menu soign\u00e9 m\u00ealant les saveurs authentiques de P\u00e9kin \u00e0 la cuisine internationale, parfait pour un petit-d\u00e9jeuner copieux avant le d\u00e9part ou un repas satisfaisant apr\u00e8s l&#039;atterrissage.<\/p><p>Les voyageurs peuvent \u00e9galement maintenir leur routine bien-\u00eatre gr\u00e2ce \u00e0 un espace fitness compact et bien \u00e9quip\u00e9, id\u00e9al pour une s\u00e9ance d&#039;entra\u00eenement rapide ou des \u00e9tirements pour lutter contre le d\u00e9calage horaire. Que vous restiez quelques heures ou plusieurs nuits, nos services sont con\u00e7us pour s&#039;adapter \u00e0 votre rythme\u00a0: rapides, flexibles et toujours centr\u00e9s sur vos clients.<\/p>\t\t\t\t\t\t\t\t<\/div>\n\t\t\t\t\t<\/div>\n\t\t<\/div>\n\t\t\t\t<div class=\"elementor-column elementor-col-50 elementor-top-column elementor-element elementor-element-ff54667\" data-id=\"ff54667\" data-element_type=\"column\" data-e-type=\"column\">\n\t\t\t<div class=\"elementor-widget-wrap elementor-element-populated\">\n\t\t\t\t\t\t<div class=\"elementor-element elementor-element-4a0fe57 elementor-widget__width-initial elementor-widget-mobile__width-inherit elementor-invisible nuss-elementor-loading nuss-slide-in-right elementor-widget elementor-widget-image\" data-id=\"4a0fe57\" data-element_type=\"widget\" data-e-type=\"widget\" data-settings=\"{&quot;_animation&quot;:&quot;nussSlideInRight&quot;}\" data-widget_type=\"image.default\">\n\t\t\t\t\t\t\t\t\t\t\t\t\t\t\t<img decoding=\"async\" width=\"1280\" height=\"853\" src=\"https:\/\/intercityhotelbeijing.com\/wp-content\/uploads\/2025\/08\/IntercityHotel-Beijing-Daxing-International-Airport-Hotel-72.webp\" class=\"attachment-full size-full wp-image-5589\" alt=\"\" srcset=\"https:\/\/intercityhotelbeijing.com\/wp-content\/uploads\/2025\/08\/IntercityHotel-Beijing-Daxing-International-Airport-Hotel-72.webp 1280w, https:\/\/intercityhotelbeijing.com\/wp-content\/uploads\/2025\/08\/IntercityHotel-Beijing-Daxing-International-Airport-Hotel-72-300x200.webp 300w, https:\/\/intercityhotelbeijing.com\/wp-content\/uploads\/2025\/08\/IntercityHotel-Beijing-Daxing-International-Airport-Hotel-72-1024x682.webp 1024w, https:\/\/intercityhotelbeijing.com\/wp-content\/uploads\/2025\/08\/IntercityHotel-Beijing-Daxing-International-Airport-Hotel-72-768x512.webp 768w, https:\/\/intercityhotelbeijing.com\/wp-content\/uploads\/2025\/08\/IntercityHotel-Beijing-Daxing-International-Airport-Hotel-72-18x12.webp 18w\" sizes=\"(max-width: 1280px) 100vw, 1280px\" \/>\t\t\t\t\t\t\t\t\t\t\t\t\t\t\t<\/div>\n\t\t\t\t\t<\/div>\n\t\t<\/div>\n\t\t\t\t\t<\/div>\n\t\t<\/section>\n\t\t\t\t<section class=\"elementor-section elementor-top-section elementor-element elementor-element-d7154ff elementor-section-height-min-height elementor-section-stretched elementor-section-full_width elementor-section-items-stretch elementor-section-height-default elementor-section-column-vertical-align-stretch\" data-id=\"d7154ff\" data-element_type=\"section\" data-e-type=\"section\" data-settings=\"{&quot;stretch_section&quot;:&quot;section-stretched&quot;}\">\n\t\t\t\t\t\t<div class=\"elementor-container elementor-column-gap-no\">\n\t\t\t\t\t<div class=\"elementor-column elementor-col-50 elementor-top-column elementor-element elementor-element-c826358\" data-id=\"c826358\" data-element_type=\"column\" data-e-type=\"column\">\n\t\t\t<div class=\"elementor-widget-wrap elementor-element-populated\">\n\t\t\t\t\t\t<div class=\"elementor-element elementor-element-f52ade0 elementor-widget__width-initial elementor-widget-mobile__width-inherit elementor-invisible nuss-elementor-loading nuss-slide-in-right elementor-widget elementor-widget-image\" data-id=\"f52ade0\" data-element_type=\"widget\" data-e-type=\"widget\" data-settings=\"{&quot;_animation&quot;:&quot;nussSlideInRight&quot;}\" data-widget_type=\"image.default\">\n\t\t\t\t\t\t\t\t\t\t\t\t\t\t\t<img loading=\"lazy\" decoding=\"async\" width=\"1280\" height=\"853\" src=\"https:\/\/intercityhotelbeijing.com\/wp-content\/uploads\/2025\/08\/IntercityHotel-Beijing-Daxing-International-Airport-Hotel-38.webp\" class=\"attachment-full size-full wp-image-5647\" alt=\"\" srcset=\"https:\/\/intercityhotelbeijing.com\/wp-content\/uploads\/2025\/08\/IntercityHotel-Beijing-Daxing-International-Airport-Hotel-38.webp 1280w, https:\/\/intercityhotelbeijing.com\/wp-content\/uploads\/2025\/08\/IntercityHotel-Beijing-Daxing-International-Airport-Hotel-38-300x200.webp 300w, https:\/\/intercityhotelbeijing.com\/wp-content\/uploads\/2025\/08\/IntercityHotel-Beijing-Daxing-International-Airport-Hotel-38-1024x682.webp 1024w, https:\/\/intercityhotelbeijing.com\/wp-content\/uploads\/2025\/08\/IntercityHotel-Beijing-Daxing-International-Airport-Hotel-38-768x512.webp 768w, https:\/\/intercityhotelbeijing.com\/wp-content\/uploads\/2025\/08\/IntercityHotel-Beijing-Daxing-International-Airport-Hotel-38-18x12.webp 18w\" sizes=\"(max-width: 1280px) 100vw, 1280px\" \/>\t\t\t\t\t\t\t\t\t\t\t\t\t\t\t<\/div>\n\t\t\t\t\t<\/div>\n\t\t<\/div>\n\t\t\t\t<div class=\"elementor-column elementor-col-50 elementor-top-column elementor-element elementor-element-6c1b574\" data-id=\"6c1b574\" data-element_type=\"column\" data-e-type=\"column\">\n\t\t\t<div class=\"elementor-widget-wrap elementor-element-populated\">\n\t\t\t\t\t\t<div class=\"elementor-element elementor-element-7a7afdd elementor-invisible elementor-widget elementor-widget-text-editor\" data-id=\"7a7afdd\" data-element_type=\"widget\" data-e-type=\"widget\" data-settings=\"{&quot;_animation&quot;:&quot;nussFadeInUp&quot;}\" data-widget_type=\"text-editor.default\">\n\t\t\t\t\t\t\t\t\t<p data-spm-anchor-id=\"a2ty_o01.29997173.0.i29.5e52c92120wETC\">Situ\u00e9 dans le quartier en plein d\u00e9veloppement de Daxing, l&#039;h\u00f4tel offre \u00e9galement un acc\u00e8s facile aux principales zones d&#039;affaires, aux centres d&#039;exposition et aux r\u00e9seaux de transport, ce qui en fait un choix judicieux non seulement pour les voyageurs a\u00e9riens mais \u00e9galement pour les clients d&#039;affaires participant \u00e0 des r\u00e9unions ou des conf\u00e9rences \u00e0 proximit\u00e9.<\/p><p>Avec sa proximit\u00e9 imbattable avec l&#039;a\u00e9roport de P\u00e9kin Daxing, son engagement envers le confort des clients et son attention aux d\u00e9tails dans chaque service, le <strong>H\u00f4tel interurbain de l&#039;a\u00e9roport international de P\u00e9kin Daxing<\/strong> red\u00e9finit l&#039;h\u00f4tel d&#039;a\u00e9roport. Plus qu&#039;un simple lieu de s\u00e9jour, c&#039;est une extension harmonieuse de votre voyage, o\u00f9 efficacit\u00e9 rime avec tranquillit\u00e9, et o\u00f9 chaque d\u00e9tail est pens\u00e9 pour vous permettre d&#039;avancer sereinement.<\/p><p>Que vous commenciez, terminiez ou interrompiez votre aventure au c\u0153ur de la Chine, vivez une exp\u00e9rience de voyage r\u00e9ussie \u00e0 l&#039;h\u00f4tel interurbain de l&#039;a\u00e9roport international de P\u00e9kin Daxing, o\u00f9 l&#039;emplacement, le confort et les soins se conjuguent en parfaite harmonie.<\/p>\t\t\t\t\t\t\t\t<\/div>\n\t\t\t\t\t<\/div>\n\t\t<\/div>\n\t\t\t\t\t<\/div>\n\t\t<\/section>\n\t\t\t\t<\/div>","protected":false},"excerpt":{"rendered":"<p>Your Gateway to Effortless Travel Conveniently nestled just minutes from one of the world\u2019s most advanced aviation hubs, the Beijing Daxing International Airport Intercity Hotel offers travelers a perfect blend of modern comfort, strategic location, and exceptional service. Located at Yuanjing West 2nd Road, No. 101, 1st Floor, Building 2, Yard 1, Daxing District, Beijing, [&hellip;]<\/p>\n","protected":false},"author":1,"featured_media":0,"parent":0,"menu_order":0,"comment_status":"closed","ping_status":"closed","template":"","meta":{"footnotes":""},"class_list":["post-5266","page","type-page","status-publish","hentry","post-no-thumbnail"],"_links":{"self":[{"href":"https:\/\/intercityhotelbeijing.com\/fr\/wp-json\/wp\/v2\/pages\/5266","targetHints":{"allow":["GET"]}}],"collection":[{"href":"https:\/\/intercityhotelbeijing.com\/fr\/wp-json\/wp\/v2\/pages"}],"about":[{"href":"https:\/\/intercityhotelbeijing.com\/fr\/wp-json\/wp\/v2\/types\/page"}],"author":[{"embeddable":true,"href":"https:\/\/intercityhotelbeijing.com\/fr\/wp-json\/wp\/v2\/users\/1"}],"replies":[{"embeddable":true,"href":"https:\/\/intercityhotelbeijing.com\/fr\/wp-json\/wp\/v2\/comments?post=5266"}],"version-history":[{"count":0,"href":"https:\/\/intercityhotelbeijing.com\/fr\/wp-json\/wp\/v2\/pages\/5266\/revisions"}],"wp:attachment":[{"href":"https:\/\/intercityhotelbeijing.com\/fr\/wp-json\/wp\/v2\/media?parent=5266"}],"curies":[{"name":"wp","href":"https:\/\/api.w.org\/{rel}","templated":true}]}}