{"id":2109,"date":"2021-03-26T08:35:58","date_gmt":"2021-03-26T08:35:58","guid":{"rendered":"http:\/\/localhost\/nuss\/?page_id=536"},"modified":"2025-12-06T07:54:21","modified_gmt":"2025-12-06T07:54:21","slug":"installations-commerciales","status":"publish","type":"page","link":"https:\/\/intercityhotelbeijing.com\/fr\/installations-commerciales\/","title":{"rendered":"Installations commerciales"},"content":{"rendered":"<div data-elementor-type=\"wp-page\" data-elementor-id=\"2109\" class=\"elementor elementor-2109\">\n\t\t\t\t\t\t<section class=\"elementor-section elementor-top-section elementor-element elementor-element-bb2901b elementor-section-boxed elementor-section-gap-beside-yes elementor-section-height-default elementor-section-height-default elementor-section-column-vertical-align-stretch\" data-id=\"bb2901b\" data-element_type=\"section\" data-e-type=\"section\">\n\t\t\t\t\t\t<div class=\"elementor-container elementor-column-gap-extended\">\n\t\t\t\t\t<div class=\"elementor-column elementor-col-100 elementor-top-column elementor-element elementor-element-1919db9\" data-id=\"1919db9\" data-element_type=\"column\" data-e-type=\"column\">\n\t\t\t<div class=\"elementor-widget-wrap elementor-element-populated\">\n\t\t\t\t\t\t<div class=\"elementor-element elementor-element-41a7b9c elementor-widget__width-initial elementor-invisible elementor-widget elementor-widget-text-editor\" data-id=\"41a7b9c\" data-element_type=\"widget\" data-e-type=\"widget\" data-settings=\"{&quot;_animation&quot;:&quot;nussFadeInUp&quot;}\" data-widget_type=\"text-editor.default\">\n\t\t\t\t\t\t\t\t\tAm\u00e9liorez votre exp\u00e9rience professionnelle dans les installations commerciales de l&#039;h\u00f4tel Intercity de l&#039;a\u00e9roport international de P\u00e9kin Daxing\t\t\t\t\t\t\t\t<\/div>\n\t\t\t\t\t<\/div>\n\t\t<\/div>\n\t\t\t\t\t<\/div>\n\t\t<\/section>\n\t\t<div class=\"elementor-element elementor-element-1ef67e9 e-flex e-con-boxed e-con e-parent\" data-id=\"1ef67e9\" data-element_type=\"container\" data-e-type=\"container\">\n\t\t\t\t\t<div class=\"e-con-inner\">\n\t\t\t\t<div class=\"elementor-element elementor-element-6500812 elementor-widget elementor-widget-nuss-image-gallery\" data-id=\"6500812\" data-element_type=\"widget\" data-e-type=\"widget\" data-widget_type=\"nuss-image-gallery.default\">\n\t\t\t\t<div class=\"elementor-widget-container\">\n\t\t\t\t\t\t\t<div class=\"nuss-grid-wrapper\" data-grid=\"{&quot;type&quot;:&quot;grid&quot;,&quot;ratio&quot;:null,&quot;columns&quot;:3,&quot;gutter&quot;:30}\">\r\n\t\t\t<div class=\"nuss-grid lazy-grid\">\r\n\t\t\t\t<div class=\"grid-sizer\"><\/div>\r\n\r\n\t\t\t\t\t\t\t\t\t\t\t\t<div class=\"grid-item\">\r\n\t\t\t\t\t\t<div class=\"nuss-box\">\t\t<div class=\"nuss-image image\">\r\n\t\t\t<img decoding=\"async\"  src=\"https:\/\/intercityhotelbeijing.com\/wp-content\/uploads\/2025\/08\/IntercityHotel-Beijing-Daxing-International-Airport-Hotel-51.webp\" alt=\"H\u00f4tel IntercityHotel A\u00e9roport international de P\u00e9kin Daxing (51)\" \/>\t\t<\/div>\r\n\t\t\t\t<\/div>\t\t\t\t\t<\/div>\r\n\t\t\t\t\t\t<div class=\"grid-item\">\r\n\t\t\t\t\t\t<div class=\"nuss-box\">\t\t<div class=\"nuss-image image\">\r\n\t\t\t<img decoding=\"async\"  src=\"https:\/\/intercityhotelbeijing.com\/wp-content\/uploads\/2025\/08\/IntercityHotel-Beijing-Daxing-International-Airport-Hotel-56.webp\" alt=\"H\u00f4tel IntercityHotel A\u00e9roport international de P\u00e9kin Daxing (56)\" \/>\t\t<\/div>\r\n\t\t\t\t<\/div>\t\t\t\t\t<\/div>\r\n\t\t\t\t\t\t<div class=\"grid-item\">\r\n\t\t\t\t\t\t<div class=\"nuss-box\">\t\t<div class=\"nuss-image image\">\r\n\t\t\t<img decoding=\"async\"  src=\"https:\/\/intercityhotelbeijing.com\/wp-content\/uploads\/2025\/08\/IntercityHotel-Beijing-Daxing-International-Airport-Hotel-64.webp\" alt=\"H\u00f4tel IntercityHotel A\u00e9roport international de P\u00e9kin Daxing (64)\" \/>\t\t<\/div>\r\n\t\t\t\t<\/div>\t\t\t\t\t<\/div>\r\n\t\t\t\t\t\t<div class=\"grid-item\">\r\n\t\t\t\t\t\t<div class=\"nuss-box\">\t\t<div class=\"nuss-image image\">\r\n\t\t\t<img decoding=\"async\"  src=\"https:\/\/intercityhotelbeijing.com\/wp-content\/uploads\/2025\/08\/IntercityHotel-Beijing-Daxing-International-Airport-Hotel-50.webp\" alt=\"H\u00f4tel IntercityHotel A\u00e9roport international de P\u00e9kin Daxing (50)\" \/>\t\t<\/div>\r\n\t\t\t\t<\/div>\t\t\t\t\t<\/div>\r\n\t\t\t\t\t\t<div class=\"grid-item\">\r\n\t\t\t\t\t\t<div class=\"nuss-box\">\t\t<div class=\"nuss-image image\">\r\n\t\t\t<img decoding=\"async\"  src=\"https:\/\/intercityhotelbeijing.com\/wp-content\/uploads\/2025\/08\/IntercityHotel-Beijing-Daxing-International-Airport-Hotel-74.webp\" alt=\"IntercityHotel Beijing Daxing International Airport H\u00f4tel (74)\" \/>\t\t<\/div>\r\n\t\t\t\t<\/div>\t\t\t\t\t<\/div>\r\n\t\t\t\t\t\t<div class=\"grid-item\">\r\n\t\t\t\t\t\t<div class=\"nuss-box\">\t\t<div class=\"nuss-image image\">\r\n\t\t\t<img decoding=\"async\"  src=\"https:\/\/intercityhotelbeijing.com\/wp-content\/uploads\/2025\/08\/IntercityHotel-Beijing-Daxing-International-Airport-Hotel-57.webp\" alt=\"H\u00f4tel IntercityHotel A\u00e9roport international de P\u00e9kin Daxing (57)\" \/>\t\t<\/div>\r\n\t\t\t\t<\/div>\t\t\t\t\t<\/div>\r\n\t\t\t\t\t\t\t\r\n\t\t\t<\/div>\r\n\t\t<\/div>\r\n\t\t\t\t\t\t<\/div>\n\t\t\t\t<\/div>\n\t\t\t\t\t<\/div>\n\t\t\t\t<\/div>\n\t\t<div class=\"elementor-element elementor-element-f2b46db e-flex e-con-boxed e-con e-parent\" data-id=\"f2b46db\" data-element_type=\"container\" data-e-type=\"container\">\n\t\t\t\t\t<div class=\"e-con-inner\">\n\t\t\t\t<div class=\"elementor-element elementor-element-a3ff4ae elementor-widget elementor-widget-text-editor\" data-id=\"a3ff4ae\" data-element_type=\"widget\" data-e-type=\"widget\" data-widget_type=\"text-editor.default\">\n\t\t\t\t\t\t\t\t\t<p data-spm-anchor-id=\"a2ty_o01.29997173.0.i34.5e52c92120wETC\">Strat\u00e9giquement situ\u00e9 \u00e0 seulement 1,8 kilom\u00e8tre de l&#039;a\u00e9roport international de P\u00e9kin Daxing et parfaitement reli\u00e9 aux principaux centres de transport, le <strong>H\u00f4tel interurbain de l&#039;a\u00e9roport international de P\u00e9kin Daxing<\/strong> Bien plus qu&#039;une simple \u00e9tape pratique pour la nuit, c&#039;est un lieu dynamique pour les voyageurs d&#039;affaires modernes. Con\u00e7u avec une philosophie d&#039;inspiration allemande, alliant pr\u00e9cision, efficacit\u00e9 et design intelligent, l&#039;h\u00f4tel <strong>installations d&#039;affaires et de r\u00e9union<\/strong> sont con\u00e7us pour donner aux professionnels, aux entrepreneurs et aux \u00e9quipes d&#039;entreprise tout ce dont ils ont besoin pour r\u00e9ussir, qu&#039;il s&#039;agisse de conclure un accord, d&#039;organiser une discussion de haut niveau ou de pr\u00e9parer une pr\u00e9sentation critique en d\u00e9placement.<\/p><p>Ouvert en 2024, cet h\u00f4tel 4 \u00e9toiles ultramoderne, membre du groupe H World, propose 189 chambres \u00e9l\u00e9gantes et une gamme d&#039;\u00e9quipements professionnels sophistiqu\u00e9s alliant technologie, confort et fonctionnalit\u00e9. Chaque d\u00e9tail a \u00e9t\u00e9 pens\u00e9 pour favoriser la productivit\u00e9, des bornes d&#039;enregistrement num\u00e9riques intuitives aux commandes intelligentes des chambres, en passant par la connectivit\u00e9 haut d\u00e9bit dans tout l&#039;\u00e9tablissement.<\/p><p>Au c\u0153ur de son offre commerciale se trouve la <strong>\u00e9l\u00e9gant salon administratif, \u00ab Hao Ju \u00bb<\/strong>\u2014un espace raffin\u00e9 con\u00e7u pour l&#039;intimit\u00e9, la concentration et les \u00e9changes professionnels. Que vous meniez une n\u00e9gociation en t\u00eate-\u00e0-t\u00eate, organisiez une petite r\u00e9union de direction ou ayez simplement besoin d&#039;un coin tranquille pour consulter vos e-mails, Hao Ju offre une atmosph\u00e8re sereine, agr\u00e9ment\u00e9e d&#039;une musique d&#039;ambiance apaisante, de si\u00e8ges ergonomiques et d&#039;un service personnalis\u00e9. Ce salon est id\u00e9al pour les voyageurs d&#039;affaires en qu\u00eate d&#039;un environnement privil\u00e9gi\u00e9, propice \u00e0 la clart\u00e9 et \u00e0 la confiance.<\/p><p>Pour les grands rassemblements ou les r\u00e9unions formelles, l&#039;h\u00f4tel propose <strong>espaces de r\u00e9union et de conf\u00e9rence multifonctionnels<\/strong> \u00c9quip\u00e9s de technologies audiovisuelles de pointe, de syst\u00e8mes de projection TV haute d\u00e9finition, de syst\u00e8mes de sonorisation et de sonorisation, ainsi que d&#039;un Wi-Fi haut d\u00e9bit fiable, ils garantissent une connectivit\u00e9 optimale pour les collaborations en pr\u00e9sentiel et virtuelles. Gr\u00e2ce \u00e0 leurs am\u00e9nagements flexibles et \u00e0 leurs services d&#039;assistance professionnels disponibles sur demande, ces espaces sont parfaitement adapt\u00e9s aux briefings d&#039;entreprise, aux ateliers d&#039;\u00e9quipe ou aux visioconf\u00e9rences internationales.<\/p><p>Reconnaissant les exigences de l&#039;environnement commercial actuel en \u00e9volution rapide, l&#039;h\u00f4tel int\u00e8gre <strong>automatisation intelligente et innovation<\/strong> Int\u00e9gr\u00e9s \u00e0 chaque aspect de l&#039;exp\u00e9rience client, les chambres sont \u00e9quip\u00e9es de syst\u00e8mes de contr\u00f4le intelligents pour v\u00e9los, permettant aux clients de g\u00e9rer facilement l&#039;\u00e9clairage, la climatisation et les divertissements, optimisant ainsi leur confort et leur efficacit\u00e9. Les voyageurs d&#039;affaires appr\u00e9cient l&#039;int\u00e9gration de <strong>postes de travail ergonomiques, nombreuses prises de courant et ports de chargement USB<\/strong>, ce qui permet de rester facilement aliment\u00e9 et productif.<\/p><p>Pour ceux qui ont des horaires serr\u00e9s, l&#039;h\u00f4tel propose <strong>services complets de soutien aux entreprises<\/strong>, y compris <strong>fax et photocopies gratuits<\/strong>, enregistrement et d\u00e9part express et assistance \u00e0 la r\u00e9ception 24h\/24 avec un personnel multilingue et <strong>outils de traduction disponibles sur place<\/strong>Que vous ayez besoin d&#039;une impression de derni\u00e8re minute, d&#039;une assistance t\u00e9l\u00e9phonique internationale ou d&#039;une coordination logistique, l&#039;\u00e9quipe d\u00e9di\u00e9e veille \u00e0 ce qu&#039;aucun d\u00e9tail ne soit n\u00e9glig\u00e9.<\/p><p>Les cadres en d\u00e9placement appr\u00e9cieront \u00e9galement le <strong>laverie libre-service high-tech \u00ab Haojing \u00bb<\/strong>, qui propose des \u00e9quipements de lavage et de s\u00e9chage commerciaux haut de gamme avec <strong>st\u00e9rilisation \u00e0 haute temp\u00e9rature et d\u00e9sinfection UV<\/strong>\u2014Parfait pour rafra\u00eechir vos tenues professionnelles entre deux r\u00e9unions. La s\u00e9paration des cycles de lavage et de s\u00e9chage garantit un entretien soign\u00e9 des v\u00eatements, pr\u00e9servant ainsi leur qualit\u00e9 et leur professionnalisme.<\/p><p>Compl\u00e9ter l\u2019infrastructure commerciale est <strong>&quot;Hao Wei&quot;<\/strong>Le restaurant moderne de l&#039;h\u00f4tel, aux th\u00e8mes culinaires d&#039;inspiration allemande, propose un petit-d\u00e9jeuner buffet \u00e9quilibr\u00e9 et de qualit\u00e9, servi tous les jours de 6h30 \u00e0 10h00, id\u00e9al pour faire le plein d&#039;\u00e9nergie avant une journ\u00e9e charg\u00e9e. Pour un rafra\u00eechissement rapide entre deux r\u00e9unions, le <strong>Bar du hall \u00ab Hao Wu \u00bb<\/strong> propose une s\u00e9lection de caf\u00e9s haut de gamme et de rafra\u00eechissements l\u00e9gers, cr\u00e9ant une ambiance d\u00e9tendue mais professionnelle pour un r\u00e9seautage informel ou des s\u00e9ances de travail en solo.<\/p><p>Avec <strong>service de navette a\u00e9roport gratuit 24h\/24 et 7j\/7<\/strong> Avec des transferts depuis et vers l&#039;a\u00e9roport international de P\u00e9kin-Daxing, ainsi qu&#039;une prise en charge gratuite depuis la gare de Daxingjichang, les voyageurs d&#039;affaires b\u00e9n\u00e9ficient d&#039;une simplicit\u00e9 logistique in\u00e9gal\u00e9e. Fini les soucis de rater un vol ou d&#039;arriver en retard \u00e0 une r\u00e9union\u00a0: vous gardez le contr\u00f4le de votre emploi du temps.<\/p><p>Que vous soyez \u00e0 P\u00e9kin pour une courte r\u00e9union de transit, un \u00e9v\u00e9nement d&#039;entreprise de plusieurs jours ou un vol de correspondance avec des travaux \u00e0 terminer, le <strong>H\u00f4tel interurbain de l&#039;a\u00e9roport international de P\u00e9kin Daxing<\/strong> Transforme le concept d&#039;h\u00f4tel d&#039;a\u00e9roport en v\u00e9ritable sanctuaire d&#039;affaires. C&#039;est l\u00e0 que design intelligent rencontre un service irr\u00e9prochable, et o\u00f9 chaque installation est con\u00e7ue pour vous permettre de rester alerte, connect\u00e9 et pr\u00eat \u00e0 r\u00e9ussir.<\/p><p data-spm-anchor-id=\"a2ty_o01.29997173.0.i35.5e52c92120wETC\">D\u00e9couvrez une nouvelle norme en mati\u00e8re d&#039;hospitalit\u00e9 d&#039;affaires : efficace, intelligente et impeccablement ex\u00e9cut\u00e9e, aux portes de la capitale chinoise.<\/p>\t\t\t\t\t\t\t\t<\/div>\n\t\t\t\t\t<\/div>\n\t\t\t\t<\/div>\n\t\t\t\t<\/div>","protected":false},"excerpt":{"rendered":"<p>Elevate Your Professional Experience at the Business Facilities of Beijing Daxing International Airport Intercity Hotel Strategically positioned just 1.8 kilometers from Beijing Daxing International Airport and seamlessly connected to major transport hubs, the Beijing Daxing International Airport Intercity Hotel is more than just a convenient overnight stop\u2014it\u2019s a dynamic hub for modern business travelers. Designed [&hellip;]<\/p>\n","protected":false},"author":1,"featured_media":0,"parent":0,"menu_order":0,"comment_status":"closed","ping_status":"closed","template":"","meta":{"footnotes":""},"class_list":["post-2109","page","type-page","status-publish","hentry","post-no-thumbnail"],"_links":{"self":[{"href":"https:\/\/intercityhotelbeijing.com\/fr\/wp-json\/wp\/v2\/pages\/2109","targetHints":{"allow":["GET"]}}],"collection":[{"href":"https:\/\/intercityhotelbeijing.com\/fr\/wp-json\/wp\/v2\/pages"}],"about":[{"href":"https:\/\/intercityhotelbeijing.com\/fr\/wp-json\/wp\/v2\/types\/page"}],"author":[{"embeddable":true,"href":"https:\/\/intercityhotelbeijing.com\/fr\/wp-json\/wp\/v2\/users\/1"}],"replies":[{"embeddable":true,"href":"https:\/\/intercityhotelbeijing.com\/fr\/wp-json\/wp\/v2\/comments?post=2109"}],"version-history":[{"count":0,"href":"https:\/\/intercityhotelbeijing.com\/fr\/wp-json\/wp\/v2\/pages\/2109\/revisions"}],"wp:attachment":[{"href":"https:\/\/intercityhotelbeijing.com\/fr\/wp-json\/wp\/v2\/media?parent=2109"}],"curies":[{"name":"wp","href":"https:\/\/api.w.org\/{rel}","templated":true}]}}