{"id":2106,"date":"2021-03-25T04:08:26","date_gmt":"2021-03-25T04:08:26","guid":{"rendered":"http:\/\/localhost\/nuss\/?page_id=298"},"modified":"2025-12-06T07:54:43","modified_gmt":"2025-12-06T07:54:43","slug":"avis-sur-les-experiences-clients","status":"publish","type":"page","link":"https:\/\/intercityhotelbeijing.com\/fr\/avis-sur-les-experiences-clients\/","title":{"rendered":"Exp\u00e9riences et avis clients"},"content":{"rendered":"<div data-elementor-type=\"wp-page\" data-elementor-id=\"2106\" class=\"elementor elementor-2106\">\n\t\t\t\t\t\t<section class=\"elementor-section elementor-top-section elementor-element elementor-element-1954ffc elementor-section-boxed elementor-section-gap-beside-yes elementor-section-height-default elementor-section-height-default elementor-section-column-vertical-align-stretch\" data-id=\"1954ffc\" data-element_type=\"section\" data-e-type=\"section\">\n\t\t\t\t\t\t<div class=\"elementor-container elementor-column-gap-extended\">\n\t\t\t\t\t<div class=\"elementor-column elementor-col-100 elementor-top-column elementor-element elementor-element-86aebc5\" data-id=\"86aebc5\" data-element_type=\"column\" data-e-type=\"column\">\n\t\t\t<div class=\"elementor-widget-wrap elementor-element-populated\">\n\t\t\t\t\t\t<div class=\"elementor-element elementor-element-11803d1 elementor-widget__width-initial elementor-invisible elementor-widget elementor-widget-text-editor\" data-id=\"11803d1\" data-element_type=\"widget\" data-e-type=\"widget\" data-settings=\"{&quot;_animation&quot;:&quot;nussFadeInUp&quot;}\" data-widget_type=\"text-editor.default\">\n\t\t\t\t\t\t\t\t\t<p><strong data-spm-anchor-id=\"a2ty_o01.29997173.0.i37.5e52c92120wETC\">Exp\u00e9riences exceptionnelles pour les clients \u00e0 l&#039;h\u00f4tel interurbain de l&#039;a\u00e9roport international de P\u00e9kin-Daxing\u00a0: o\u00f9 le confort moderne rencontre un service inoubliable<\/strong><\/p>\t\t\t\t\t\t\t\t<\/div>\n\t\t\t\t\t<\/div>\n\t\t<\/div>\n\t\t\t\t\t<\/div>\n\t\t<\/section>\n\t\t<div class=\"elementor-element elementor-element-4104c05 e-flex e-con-boxed e-con e-parent\" data-id=\"4104c05\" data-element_type=\"container\" data-e-type=\"container\">\n\t\t\t\t\t<div class=\"e-con-inner\">\n\t\t\t\t<div class=\"elementor-element elementor-element-3bdb8a6 elementor-widget elementor-widget-image\" data-id=\"3bdb8a6\" data-element_type=\"widget\" data-e-type=\"widget\" data-widget_type=\"image.default\">\n\t\t\t\t\t\t\t\t\t\t\t\t\t\t\t<img fetchpriority=\"high\" decoding=\"async\" width=\"1024\" height=\"472\" src=\"https:\/\/intercityhotelbeijing.com\/wp-content\/uploads\/2025\/08\/IntercityHotel-Beijing-Reviews-1024x472.jpg\" class=\"attachment-large size-large wp-image-5721\" alt=\"\" srcset=\"https:\/\/intercityhotelbeijing.com\/wp-content\/uploads\/2025\/08\/IntercityHotel-Beijing-Reviews-1024x472.jpg 1024w, https:\/\/intercityhotelbeijing.com\/wp-content\/uploads\/2025\/08\/IntercityHotel-Beijing-Reviews-300x138.jpg 300w, https:\/\/intercityhotelbeijing.com\/wp-content\/uploads\/2025\/08\/IntercityHotel-Beijing-Reviews-768x354.jpg 768w, https:\/\/intercityhotelbeijing.com\/wp-content\/uploads\/2025\/08\/IntercityHotel-Beijing-Reviews-18x8.jpg 18w, https:\/\/intercityhotelbeijing.com\/wp-content\/uploads\/2025\/08\/IntercityHotel-Beijing-Reviews.jpg 1381w\" sizes=\"(max-width: 1024px) 100vw, 1024px\" \/>\t\t\t\t\t\t\t\t\t\t\t\t\t\t\t<\/div>\n\t\t\t\t\t<\/div>\n\t\t\t\t<\/div>\n\t\t<div class=\"elementor-element elementor-element-b28dca5 e-flex e-con-boxed e-con e-parent\" data-id=\"b28dca5\" data-element_type=\"container\" data-e-type=\"container\">\n\t\t\t\t\t<div class=\"e-con-inner\">\n\t\t\t\t<div class=\"elementor-element elementor-element-ea1961f elementor-widget elementor-widget-text-editor\" data-id=\"ea1961f\" data-element_type=\"widget\" data-e-type=\"widget\" data-widget_type=\"text-editor.default\">\n\t\t\t\t\t\t\t\t\t<p data-spm-anchor-id=\"a2ty_o01.29997173.0.i39.5e52c92120wETC\">Lorsqu&#039;il s&#039;agit de choisir l&#039;h\u00f4tel d&#039;a\u00e9roport id\u00e9al \u00e0 P\u00e9kin, les avis des voyageurs en disent long, et \u00e0 la <strong>H\u00f4tel interurbain de l&#039;a\u00e9roport international de P\u00e9kin Daxing<\/strong>Le verdict est sans appel : les clients ne restent pas simplement, ils sont v\u00e9ritablement impressionn\u00e9s. Situ\u00e9 \u00e0 seulement <strong>\u00c0 1,8 km de l&#039;a\u00e9roport international de P\u00e9kin-Daxing<\/strong> Situ\u00e9 au n\u00b0 101, Yuanjing West 2nd Road, cet \u00e9l\u00e9gant h\u00f4tel 4 \u00e9toiles d&#039;inspiration allemande est rapidement devenu un choix de premier ordre pour les voyageurs internationaux et nationaux, recevant des \u00e9loges \u00e9logieux sur les principales plateformes de r\u00e9servation et d&#039;avis comme <strong>Trip.com<\/strong> et <strong>TripAdvisor<\/strong>.<\/p><p>Avec un exceptionnel <strong>Note de 9,8\/10 des clients sur Trip.com<\/strong> bas\u00e9 sur plus de <strong>3 455 avis v\u00e9rifi\u00e9s<\/strong>, l&#039;h\u00f4tel se distingue par son excellence en mati\u00e8re de service, de propret\u00e9, d&#039;emplacement et d&#039;\u00e9quipements modernes. Les voyageurs soulignent syst\u00e9matiquement son m\u00e9lange harmonieux de <strong>technologie intelligente, conception intuitive et hospitalit\u00e9 chaleureuse<\/strong>, ce qui en fait un havre de paix id\u00e9al pour les personnes en transit, les professionnels et les visiteurs de loisirs \u00e0 la recherche d&#039;une exp\u00e9rience reposante, efficace et luxueuse \u00e0 proximit\u00e9 de l&#039;un des a\u00e9roports les plus futuristes du monde.<\/p><div class=\"my-2\">\u00a0<\/div><h3>Avis de voyageurs\u00a0: ce que disent les clients<\/h3><p>Sur <strong>Trip.com<\/strong>, les clients s&#039;extasient sur l&#039;h\u00f4tel <strong>propret\u00e9 irr\u00e9prochable (note 9,8\/10)<\/strong>, <strong>des installations de pointe<\/strong>, et <strong>service exceptionnel<\/strong>Un critique r\u00e9cent, Pavel99, a \u00e9crit : <em>\u00ab Excellent ! Navette depuis l&#039;a\u00e9roport, bon petit-d\u00e9jeuner, chambre propre, personnel aimable et poli. \u00bb<\/em> Un autre voyageur, antonomik, l&#039;a qualifi\u00e9 de \u00ab Waouh ! Quel endroit \u00bb, louant <strong>Matelas Sealy Silken<\/strong>, <strong>articles de toilette de marque Appelles<\/strong>, et <strong>robots majordomes<\/strong> qui offrent un service en chambre avec pr\u00e9cision et charme. Les commandes de chambre high-tech, les syst\u00e8mes de climatisation silencieux et les puissantes douches \u00e0 effet pluie sont souvent cit\u00e9s comme des caract\u00e9ristiques exceptionnelles qui am\u00e9liorent l&#039;exp\u00e9rience client.<\/p><p>Les clients appr\u00e9cient \u00e9galement le <strong>service de navette a\u00e9roport gratuit 24h\/24 et 7j\/7<\/strong>, qui fonctionne efficacement et dans les d\u00e9lais, ce qui est essentiel pour les voyageurs arrivant t\u00f4t le matin ou tard le soir. Un commentateur arriv\u00e9 \u00e0 2 heures du matin a not\u00e9\u00a0: <em>\u00ab Je les ai appel\u00e9s via l&#039;application Trip pour un retrait gratuit. Sans probl\u00e8me. 5 minutes pour un barbecue. Bon petit-d\u00e9jeuner. \u00bb<\/em> Ce niveau de r\u00e9activit\u00e9 et de fiabilit\u00e9 a fait de l&#039;h\u00f4tel un favori parmi les voyageurs fr\u00e9quents et les visiteurs novices en Chine.<\/p><div class=\"my-2\">\u00a0<\/div><h3>Pourquoi les voyageurs aiment cette exp\u00e9rience<\/h3><p>Le <strong>Laverie libre-service \u00ab Hao Jing \u00bb<\/strong> \u00e9quip\u00e9 de <strong>laveuses et s\u00e9cheuses commerciales haut de gamme avec d\u00e9sinfection UV et st\u00e9rilisation \u00e0 haute temp\u00e9rature<\/strong> a r\u00e9volutionn\u00e9 les voyages long-courriers. Les clients appr\u00e9cient son c\u00f4t\u00e9 pratique et hygi\u00e9nique, notamment pour pr\u00e9parer des r\u00e9unions ou des voyages prolong\u00e9s. La s\u00e9paration des cycles de lavage et de s\u00e9chage garantit un traitement doux des v\u00eatements\u00a0: finis les tenues de travail humides ou froiss\u00e9es.<\/p><p>Le <strong>Salon ex\u00e9cutif \u00ab Hao Ju \u00bb<\/strong> et <strong>Bar du hall \u00ab Hao Wu \u00bb<\/strong> offrent des espaces tranquilles pour se d\u00e9tendre ou rattraper son retard au travail, tandis que <strong>centre de fitness moderne<\/strong> offre un refuge priv\u00e9 pour s&#039;\u00e9tirer, transpirer ou se d\u00e9tendre. Les voyageurs <strong>TripAdvisor<\/strong> et d&#039;autres plateformes mentionnent souvent comment ces \u00e9quipements bien pens\u00e9s font qu&#039;une courte escale ressemble \u00e0 une escapade revigorante.<\/p><p>Le petit-d\u00e9jeuner est un autre point fort, avec un <strong>buffet bien organis\u00e9 servi de 6h30 \u00e0 10h00<\/strong>, offrant \u00e0 la fois <strong>Options occidentales et chinoises<\/strong>Les clients appr\u00e9cient les larges plages horaires, qui \u00e9vitent les foules et permettent une exp\u00e9rience culinaire d\u00e9contract\u00e9e. La qualit\u00e9 des ingr\u00e9dients, la vari\u00e9t\u00e9 des plats et l&#039;ambiance \u00e9pur\u00e9e et moderne du restaurant <strong>Restaurant \u00ab Hao Wei \u00bb<\/strong> obtenir r\u00e9guli\u00e8rement de bonnes notes.<\/p><div class=\"my-2\">\u00a0<\/div><h3>Des notes constamment \u00e9lev\u00e9es dans toutes les cat\u00e9gories cl\u00e9s<\/h3><p>L&#039;h\u00f4tel <strong>Notes de 9,8\/10 dans toutes les principales cat\u00e9gories<\/strong>\u2014<strong>Propret\u00e9, commodit\u00e9s, emplacement et service<\/strong>\u2014refl\u00e8tent un engagement envers l&#039;excellence qui r\u00e9sonne aupr\u00e8s de chaque client. <strong>proximit\u00e9 de la gare de Daxingjichang et de la ligne de m\u00e9tro de l&#039;a\u00e9roport de Daxing<\/strong> en fait un carrefour strat\u00e9gique pour les voyageurs en correspondance vers le centre-ville de P\u00e9kin ou au-del\u00e0. La disponibilit\u00e9 <strong>outils de traduction, personnel multilingue et bornes d&#039;enregistrement automatique<\/strong> am\u00e9liore encore l&#039;accessibilit\u00e9 pour les clients internationaux qui ne connaissent pas la langue ou les applications locales.<\/p><p>M\u00eame de petites touches, comme <strong>Wi-Fi gratuit, minibars, espaces de travail ergonomiques et rideaux \u00e9lectroniques<\/strong>\u2014sont r\u00e9guli\u00e8rement salu\u00e9s dans les critiques. L&#039;int\u00e9gration de <strong>robots de service<\/strong> ajoute une touche futuriste tout en assurant une livraison rapide des produits essentiels, alliant innovation et praticit\u00e9.<\/p><div class=\"my-2\">\u00a0<\/div><h3>Un choix de confiance pour les voyageurs exigeants<\/h3><p>Que vous recherchiez une nuit de sommeil paisible avant un vol matinal, une escale productive avec des services professionnels fiables ou une retraite propre et technologique apr\u00e8s un long voyage, le <strong>H\u00f4tel interurbain de l&#039;a\u00e9roport international de P\u00e9kin Daxing<\/strong> tient toutes ses promesses. Avec des t\u00e9moignages \u00e9logieux sur <strong>Trip.com<\/strong>, de plus en plus acclam\u00e9 sur <strong>TripAdvisor<\/strong>, et un taux de satisfaction des clients de <strong>R\u00e9troaction positive 99%<\/strong>, il n&#039;est pas \u00e9tonnant que cet h\u00f4tel devienne rapidement la r\u00e9f\u00e9rence en mati\u00e8re d&#039;h\u00e9bergement \u00e0 l&#039;a\u00e9roport de P\u00e9kin.<\/p><p data-spm-anchor-id=\"a2ty_o01.29997173.0.i40.5e52c92120wETC\">D\u00e9couvrez l&#039;avenir de l&#039;h\u00f4tellerie de voyage, o\u00f9 <strong>conception intelligente, efficacit\u00e9 d&#039;inspiration allemande et service chaleureux<\/strong> R\u00e9unissez-vous pour cr\u00e9er des souvenirs qui commencent d\u00e8s votre arriv\u00e9e. Ne vous contentez pas de nous croire sur parole\u00a0!<strong>Lisez les avis et d\u00e9couvrez pourquoi les voyageurs qualifient cet h\u00f4tel de \u00ab nouveau choix \u00bb \u00e0 P\u00e9kin.<\/strong><\/p>\t\t\t\t\t\t\t\t<\/div>\n\t\t\t\t\t<\/div>\n\t\t\t\t<\/div>\n\t\t\t\t<\/div>","protected":false},"excerpt":{"rendered":"<p>Exceptional Guest Experiences at Beijing Daxing International Airport Intercity Hotel \u2013 Where Modern Comfort Meets Unforgettable Service When it comes to choosing the perfect airport hotel in Beijing, traveler reviews speak volumes\u2014and at the Beijing Daxing International Airport Intercity Hotel, the verdict is clear: guests don\u2019t just stay, they are genuinely impressed. Located just 1.8 [&hellip;]<\/p>\n","protected":false},"author":1,"featured_media":0,"parent":0,"menu_order":0,"comment_status":"closed","ping_status":"closed","template":"","meta":{"footnotes":""},"class_list":["post-2106","page","type-page","status-publish","hentry","post-no-thumbnail"],"_links":{"self":[{"href":"https:\/\/intercityhotelbeijing.com\/fr\/wp-json\/wp\/v2\/pages\/2106","targetHints":{"allow":["GET"]}}],"collection":[{"href":"https:\/\/intercityhotelbeijing.com\/fr\/wp-json\/wp\/v2\/pages"}],"about":[{"href":"https:\/\/intercityhotelbeijing.com\/fr\/wp-json\/wp\/v2\/types\/page"}],"author":[{"embeddable":true,"href":"https:\/\/intercityhotelbeijing.com\/fr\/wp-json\/wp\/v2\/users\/1"}],"replies":[{"embeddable":true,"href":"https:\/\/intercityhotelbeijing.com\/fr\/wp-json\/wp\/v2\/comments?post=2106"}],"version-history":[{"count":0,"href":"https:\/\/intercityhotelbeijing.com\/fr\/wp-json\/wp\/v2\/pages\/2106\/revisions"}],"wp:attachment":[{"href":"https:\/\/intercityhotelbeijing.com\/fr\/wp-json\/wp\/v2\/media?parent=2106"}],"curies":[{"name":"wp","href":"https:\/\/api.w.org\/{rel}","templated":true}]}}