{"id":2104,"date":"2021-03-23T09:33:48","date_gmt":"2021-03-23T09:33:48","guid":{"rendered":"http:\/\/localhost\/nuss\/?page_id=167"},"modified":"2025-12-06T07:54:57","modified_gmt":"2025-12-06T07:54:57","slug":"notre-histoire","status":"publish","type":"page","link":"https:\/\/intercityhotelbeijing.com\/fr\/notre-histoire\/","title":{"rendered":"Notre histoire"},"content":{"rendered":"<div data-elementor-type=\"wp-page\" data-elementor-id=\"2104\" class=\"elementor elementor-2104\">\n\t\t\t\t\t\t<section class=\"elementor-section elementor-top-section elementor-element elementor-element-8f5bb9d elementor-section-boxed elementor-section-gap-beside-yes elementor-section-height-default elementor-section-height-default elementor-section-column-vertical-align-stretch\" data-id=\"8f5bb9d\" data-element_type=\"section\" data-e-type=\"section\">\n\t\t\t\t\t\t<div class=\"elementor-container elementor-column-gap-extended\">\n\t\t\t\t\t<div class=\"elementor-column elementor-col-100 elementor-top-column elementor-element elementor-element-7ec4215\" data-id=\"7ec4215\" data-element_type=\"column\" data-e-type=\"column\">\n\t\t\t<div class=\"elementor-widget-wrap elementor-element-populated\">\n\t\t\t\t\t\t<div class=\"elementor-element elementor-element-edd9d03 elementor-widget__width-initial elementor-invisible elementor-widget elementor-widget-text-editor\" data-id=\"edd9d03\" data-element_type=\"widget\" data-e-type=\"widget\" data-settings=\"{&quot;_animation&quot;:&quot;nussFadeInUp&quot;}\" data-widget_type=\"text-editor.default\">\n\t\t\t\t\t\t\t\t\t<p>L\u00e0 o\u00f9 la pr\u00e9cision allemande rencontre l&#039;esprit d&#039;hospitalit\u00e9 de P\u00e9kin<\/p>\t\t\t\t\t\t\t\t<\/div>\n\t\t\t\t\t<\/div>\n\t\t<\/div>\n\t\t\t\t\t<\/div>\n\t\t<\/section>\n\t\t\t\t<section class=\"elementor-section elementor-top-section elementor-element elementor-element-fcc2c5b elementor-section-boxed elementor-section-gap-beside-yes elementor-section-height-default elementor-section-height-default elementor-section-column-vertical-align-stretch\" data-id=\"fcc2c5b\" data-element_type=\"section\" data-e-type=\"section\">\n\t\t\t\t\t\t<div class=\"elementor-container elementor-column-gap-extended\">\n\t\t\t\t\t<div class=\"elementor-column elementor-col-100 elementor-top-column elementor-element elementor-element-2f7d653\" data-id=\"2f7d653\" data-element_type=\"column\" data-e-type=\"column\">\n\t\t\t<div class=\"elementor-widget-wrap elementor-element-populated\">\n\t\t\t\t\t\t<div class=\"elementor-element elementor-element-1b172b9 elementor-invisible elementor-widget elementor-widget-heading\" data-id=\"1b172b9\" data-element_type=\"widget\" data-e-type=\"widget\" data-settings=\"{&quot;_animation&quot;:&quot;nussFadeInUp&quot;}\" data-widget_type=\"heading.default\">\n\t\t\t\t\t<h3 class=\"elementor-heading-title elementor-size-default\">Depuis 2024<\/h3>\t\t\t\t<\/div>\n\t\t\t\t<div class=\"elementor-element elementor-element-f2402d7 elementor-invisible elementor-widget elementor-widget-text-editor\" data-id=\"f2402d7\" data-element_type=\"widget\" data-e-type=\"widget\" data-settings=\"{&quot;_animation&quot;:&quot;nussFadeInUp&quot;}\" data-widget_type=\"text-editor.default\">\n\t\t\t\t\t\t\t\t\t<p>Au c\u0153ur de l&#039;un des p\u00f4les d&#039;aviation les plus futuristes au monde se trouve une histoire d&#039;innovation, de confort et de voyage fluide - bienvenue dans le <strong>H\u00f4tel interurbain de l&#039;a\u00e9roport international de P\u00e9kin Daxing<\/strong>, une destination n\u00e9e d&#039;une vision audacieuse visant \u00e0 red\u00e9finir l&#039;exp\u00e9rience h\u00f4teli\u00e8re de l&#039;a\u00e9roport.<\/p><p>Ouvert en <strong>2024<\/strong>Notre h\u00f4tel est bien plus qu&#039;un simple lieu de repos entre deux vols. Il est l&#039;aboutissement d&#039;une philosophie ancr\u00e9e dans <strong>Efficacit\u00e9 d&#039;inspiration allemande, design intelligent et hospitalit\u00e9 sinc\u00e8re<\/strong>\u2014un concept concr\u00e9tis\u00e9 par <strong>H Monde<\/strong>, l&#039;un des principaux groupes h\u00f4teliers chinois, en collaboration avec les normes internationales d&#039;excellence. Situ\u00e9 \u00e0 seulement <strong>\u00c0 1,8 km de l&#039;a\u00e9roport international de P\u00e9kin-Daxing (PKX)<\/strong> \u00e0 <strong>N\u00b0 101, 2e route de Yuanjing Ouest, district de Daxing<\/strong>, nous nous situons au carrefour de la connectivit\u00e9 mondiale et de la vie urbaine moderne, offrant aux voyageurs un sanctuaire o\u00f9 technologie et tranquillit\u00e9 coexistent.<\/p><div class=\"my-2\">\u00a0<\/div><h3>Une vision n\u00e9e des besoins des voyageurs<\/h3><p>L&#039;id\u00e9e de l&#039;h\u00f4tel interurbain de l&#039;a\u00e9roport international de P\u00e9kin Daxing est n\u00e9e d&#039;une question simple : <em>Et si un h\u00f4tel d\u2019a\u00e9roport pouvait faire plus que simplement proposer un lit ?<\/em> Et si ce syst\u00e8me pouvait anticiper les besoins du voyageur moderne, qu\u2019il s\u2019agisse d\u2019un dirigeant d\u2019entreprise se pr\u00e9cipitant vers une r\u00e9union, d\u2019une famille en voyage transcontinental ou d\u2019un aventurier solitaire faisant une pause entre deux destinations ?<\/p><p>\u00c0 partir de cette vision, nous avons cr\u00e9\u00e9 un espace qui n&#039;accueille pas seulement des invit\u00e9s, mais <em>\u00e9l\u00e8ve<\/em> leur exp\u00e9rience. S&#039;inspirant de <strong>Ing\u00e9nierie allemande et esth\u00e9tique minimaliste<\/strong>Nous avons con\u00e7u chaque d\u00e9tail avec pr\u00e9cision\u00a0: des lignes \u00e9pur\u00e9es, des agencements intuitifs et des syst\u00e8mes intelligents qui vous permettent de contr\u00f4ler l&#039;h\u00f4tel du bout des doigts. Le r\u00e9sultat\u00a0: un h\u00f4tel \u00e0 la fois futuriste et familier, efficace et chaleureux.<\/p><div class=\"my-2\">\u00a0<\/div><h3>Le c\u0153ur de l&#039;hospitalit\u00e9 intelligente<\/h3><p>D\u00e8s votre arriv\u00e9e, notre histoire se d\u00e9voile \u00e0 travers l&#039;innovation. Nos h\u00f4tes sont accueillis par <strong>bornes d&#039;enregistrement automatique<\/strong> et un <strong>R\u00e9ception ouverte 24h\/24<\/strong> Dot\u00e9 d&#039;un personnel multilingue et d&#039;outils de traduction, il assure une communication fluide pour les visiteurs internationaux. Mais la v\u00e9ritable magie r\u00e9side dans les d\u00e9tails\u00a0: <strong>Commandes de chambre \u00e0 v\u00e9lo enti\u00e8rement intelligentes<\/strong> vous permettent de r\u00e9gler l&#039;\u00e9clairage, la climatisation et les rideaux \u00e9lectroniques d&#039;une simple pression, tout en <strong>Matelas Sealy Silken<\/strong> et <strong>Articles de toilette haut de gamme Appelles<\/strong> assurer une nuit de sommeil r\u00e9paratrice.<\/p><p>Notre engagement envers le confort s&#039;\u00e9tend au-del\u00e0 de la chambre. <strong>Buanderie multifonctionnelle \u00ab Hao Jing \u00bb<\/strong> propose des laveuses et s\u00e9cheuses commerciales haut de gamme avec <strong>D\u00e9sinfection UV et st\u00e9rilisation \u00e0 haute temp\u00e9rature<\/strong>, une premi\u00e8re dans l&#039;hospitalit\u00e9 a\u00e9roportuaire. Ce n&#039;est pas seulement une question de lessive\u00a0: c&#039;est la tranquillit\u00e9 d&#039;esprit, sachant que vos v\u00eatements sont trait\u00e9s avec la m\u00eame pr\u00e9cision que tout autre aspect de votre s\u00e9jour.<\/p><p>Et puis il y a les <strong>robots majordomes<\/strong>\u2014 une touche signature alliant style futuriste et service pratique. Ces assistants autonomes parcourent les couloirs, offrant service en chambre, serviettes et produits d&#039;accueil avec une efficacit\u00e9 discr\u00e8te, ajoutant une touche d&#039;\u00e9merveillement au quotidien.<\/p><div class=\"my-2\">\u00a0<\/div><h3>Un voyage culinaire et social<\/h3><p>Notre histoire se raconte aussi \u00e0 travers la saveur et la connexion. <strong>Restaurant \u00ab Hao Wei \u00bb<\/strong> refl\u00e8te notre h\u00e9ritage allemand avec des menus de saison qui se marient <strong>Tradition chinoise et artisanat europ\u00e9en<\/strong>, proposant un petit-d\u00e9jeuner buffet que les voyageurs appr\u00e9cient constamment pour sa vari\u00e9t\u00e9 et sa qualit\u00e9. Des dim sum fumants aux viennoiseries fra\u00eeches en passant par la charcuterie allemande import\u00e9e, chaque bouch\u00e9e est un pont entre les cultures.<\/p><p>Le soir, le <strong>Bar du hall \u00ab Hao Wu \u00bb<\/strong> devient un havre de paix propice \u00e0 la r\u00e9flexion ou \u00e0 une conversation informelle, o\u00f9 l&#039;on sert du caf\u00e9 savamment pr\u00e9par\u00e9 et des rafra\u00eechissements l\u00e9gers. Pour les voyageurs d&#039;affaires, le <strong>Salon ex\u00e9cutif \u00ab Hao Ju \u00bb<\/strong> offre un espace raffin\u00e9 pour les r\u00e9unions ou le travail concentr\u00e9, o\u00f9 une musique apaisante et un service attentionn\u00e9 cr\u00e9ent une atmosph\u00e8re de productivit\u00e9 calme.<\/p><div class=\"my-2\">\u00a0<\/div><h3>Con\u00e7u pour le voyageur moderne<\/h3><p>Nous comprenons que les clients d\u2019aujourd\u2019hui ne sont pas seulement de passage, ils recherchent <strong>valeur, efficacit\u00e9 et exp\u00e9riences m\u00e9morables<\/strong>C&#039;est pourquoi nous proposons <strong>service de navette a\u00e9roport gratuit 24h\/24 et 7j\/7<\/strong>, <strong>Wi-Fi haut d\u00e9bit gratuit<\/strong>, un <strong>centre de fitness ouvert 24h\/24<\/strong>, et <strong>services gratuits de fax et de photocopie<\/strong> Pour ceux qui concilient travail et voyages. Que vous soyez ici pour deux heures ou deux nuits, nous avons con\u00e7u chaque service pour respecter votre temps et optimiser votre voyage.<\/p><p>Notre emplacement, \u00e0 quelques minutes de <strong>Gare de Daxingjichang<\/strong> et le <strong>Ligne de m\u00e9tro de l&#039;a\u00e9roport de Daxing<\/strong>\u2014vous place \u00e9galement au centre du r\u00e9seau de transport en expansion de P\u00e9kin, faisant de nous non seulement une porte d&#039;entr\u00e9e vers l&#039;a\u00e9roport, mais une base strat\u00e9gique pour explorer la ville et au-del\u00e0.<\/p><div class=\"my-2\">\u00a0<\/div><h3>Un nouveau chapitre du voyage<\/h3><p>L&#039;h\u00f4tel interurbain de l&#039;a\u00e9roport international de P\u00e9kin-Daxing est bien plus qu&#039;une simple escale. C&#039;est un <strong>nouveau chapitre dans l&#039;\u00e9volution de l&#039;h\u00f4tellerie de voyage<\/strong>\u2014un endroit o\u00f9 la technologie intelligente, la fusion culturelle et le design centr\u00e9 sur le client se combinent pour cr\u00e9er quelque chose de vraiment unique.<\/p><p>Nous sommes fiers de faire partie de l\u2019histoire de la croissance de P\u00e9kin en tant que ville mondiale, et encore plus fiers de faire partie de <em>ton<\/em> Voyage. Que vous commenciez, terminiez ou interrompiez bri\u00e8vement votre aventure, nous vous invitons \u00e0 d\u00e9couvrir un h\u00f4tel qui non seulement r\u00e9pond \u00e0 vos attentes, mais les r\u00e9invente.<\/p><p data-spm-anchor-id=\"a2ty_o01.29997173.0.i54.5e52c92120wETC\">C&#039;est notre histoire. Et maintenant, vivez-la.<\/p>\t\t\t\t\t\t\t\t<\/div>\n\t\t\t\t\t<\/div>\n\t\t<\/div>\n\t\t\t\t\t<\/div>\n\t\t<\/section>\n\t\t\t\t<\/div>","protected":false},"excerpt":{"rendered":"<p>Where German precision meets beijing\u2019s spirit of hospitality Since 2024 At the heart of one of the world\u2019s most futuristic aviation hubs lies a story of innovation, comfort, and seamless travel\u2014welcome to the Beijing Daxing International Airport Intercity Hotel, a destination born from a bold vision to redefine the airport hotel experience. Opened in 2024, [&hellip;]<\/p>\n","protected":false},"author":1,"featured_media":0,"parent":0,"menu_order":0,"comment_status":"closed","ping_status":"closed","template":"","meta":{"footnotes":""},"class_list":["post-2104","page","type-page","status-publish","hentry","post-no-thumbnail"],"_links":{"self":[{"href":"https:\/\/intercityhotelbeijing.com\/fr\/wp-json\/wp\/v2\/pages\/2104","targetHints":{"allow":["GET"]}}],"collection":[{"href":"https:\/\/intercityhotelbeijing.com\/fr\/wp-json\/wp\/v2\/pages"}],"about":[{"href":"https:\/\/intercityhotelbeijing.com\/fr\/wp-json\/wp\/v2\/types\/page"}],"author":[{"embeddable":true,"href":"https:\/\/intercityhotelbeijing.com\/fr\/wp-json\/wp\/v2\/users\/1"}],"replies":[{"embeddable":true,"href":"https:\/\/intercityhotelbeijing.com\/fr\/wp-json\/wp\/v2\/comments?post=2104"}],"version-history":[{"count":0,"href":"https:\/\/intercityhotelbeijing.com\/fr\/wp-json\/wp\/v2\/pages\/2104\/revisions"}],"wp:attachment":[{"href":"https:\/\/intercityhotelbeijing.com\/fr\/wp-json\/wp\/v2\/media?parent=2104"}],"curies":[{"name":"wp","href":"https:\/\/api.w.org\/{rel}","templated":true}]}}