{"id":612,"date":"2021-03-26T10:04:13","date_gmt":"2021-03-26T10:04:13","guid":{"rendered":"http:\/\/localhost\/nuss\/?page_id=612"},"modified":"2025-12-06T07:55:09","modified_gmt":"2025-12-06T07:55:09","slug":"restaurant","status":"publish","type":"page","link":"https:\/\/intercityhotelbeijing.com\/de\/restaurant\/","title":{"rendered":"Restaurant"},"content":{"rendered":"<div data-elementor-type=\"wp-page\" data-elementor-id=\"612\" class=\"elementor elementor-612\">\n\t\t\t\t\t\t<section class=\"elementor-section elementor-top-section elementor-element elementor-element-e2effe8 elementor-section-boxed elementor-section-gap-beside-yes elementor-section-height-default elementor-section-height-default elementor-section-column-vertical-align-stretch\" data-id=\"e2effe8\" data-element_type=\"section\" data-e-type=\"section\">\n\t\t\t\t\t\t<div class=\"elementor-container elementor-column-gap-extended\">\n\t\t\t\t\t<div class=\"elementor-column elementor-col-100 elementor-top-column elementor-element elementor-element-e18f688\" data-id=\"e18f688\" data-element_type=\"column\" data-e-type=\"column\">\n\t\t\t<div class=\"elementor-widget-wrap elementor-element-populated\">\n\t\t\t\t\t\t<div class=\"elementor-element elementor-element-6db146d elementor-widget__width-initial elementor-invisible elementor-widget elementor-widget-text-editor\" data-id=\"6db146d\" data-element_type=\"widget\" data-e-type=\"widget\" data-settings=\"{&quot;_animation&quot;:&quot;nussFadeInUp&quot;}\" data-widget_type=\"text-editor.default\">\n\t\t\t\t\t\t\t\t\t<p><strong data-spm-anchor-id=\"a2ty_o01.29997173.0.i57.5e52c92120wETC\">Willkommen im Hao Wei Restaurant im Beijing Daxing International Airport Intercity Hotel<\/strong><\/p>\t\t\t\t\t\t\t\t<\/div>\n\t\t\t\t\t<\/div>\n\t\t<\/div>\n\t\t\t\t\t<\/div>\n\t\t<\/section>\n\t\t<div class=\"elementor-element elementor-element-ab86fcb e-flex e-con-boxed e-con e-parent\" data-id=\"ab86fcb\" data-element_type=\"container\" data-e-type=\"container\">\n\t\t\t\t\t<div class=\"e-con-inner\">\n\t\t\t\t<div class=\"elementor-element elementor-element-313ecee elementor-widget elementor-widget-text-editor\" data-id=\"313ecee\" data-element_type=\"widget\" data-e-type=\"widget\" data-widget_type=\"text-editor.default\">\n\t\t\t\t\t\t\t\t\t<p data-spm-anchor-id=\"a2ty_o01.29997173.0.i59.5e52c92120wETC\">Am <strong>Beijing Daxing International Airport Intercity Hotel<\/strong>ist Essen nicht nur eine Notwendigkeit \u2013 es ist ein Reiseziel f\u00fcr sich. Eingebettet in unser elegantes, deutsch inspiriertes 4-Sterne-Hotel, <strong>Hao Wei Restaurant<\/strong> bietet ein kulinarisches Erlebnis, das sich nahtlos verbindet <strong>authentische chinesische Aromen mit saisonaler europ\u00e4ischer Eleganz<\/strong>und schafft so ein unvergessliches kulinarisches Erlebnis f\u00fcr Reisende aus aller Welt.<\/p><p>Liegt nur <strong>1,8 km vom internationalen Flughafen Peking-Daxing (PKX) entfernt<\/strong>Hao Wei ist mehr als nur ein Hotelrestaurant \u2013 es ist ein Ort der Kultur, des Komforts und der Qualit\u00e4t. Das Restaurant ist modern und mit dem Anspruch an Exzellenz gestaltet und bildet das Herzst\u00fcck unserer Gastfreundschaftsphilosophie: Hier trifft aufmerksamer Service auf innovative K\u00fcche. Ob Sie f\u00fcr einen fr\u00fchen Flug st\u00e4rken, nach einer Langstreckenreise entspannen oder einfach nur ein gut zubereitetes Essen in ruhiger Atmosph\u00e4re genie\u00dfen m\u00f6chten \u2013 Hao Wei bietet ein kulinarisches Erlebnis, das selbst die Erwartungen des anspruchsvollsten Reisenden \u00fcbertrifft.<\/p><div class=\"my-2\">\u00a0<\/div><h3>Ein Fr\u00fchst\u00fcckserlebnis f\u00fcr den modernen Reisenden<\/h3><p>Das Restaurant Hao Wei ist spezialisiert auf <strong>t\u00e4gliches Fr\u00fchst\u00fccksbuffet<\/strong> serviert von <strong>06:30 bis 10:00 Uhr<\/strong>, mit einem gro\u00dfz\u00fcgigen Zeitfenster, das sowohl Fr\u00fchaufstehern als auch Langschl\u00e4fern gerecht wird. Diese verl\u00e4ngerten Servicezeiten sorgen f\u00fcr eine entspannte, entspannte Atmosph\u00e4re \u2013 keine Hektik, keine Warteschlangen, sondern einen ruhigen Start in den Tag.<\/p><p>Unser Fr\u00fchst\u00fccksmen\u00fc ist eine sorgf\u00e4ltig zusammengestellte Mischung aus <strong>Westliche und chinesische kulinarische Traditionen<\/strong>Den G\u00e4sten steht eine gro\u00dfe Auswahl an Optionen zur Verf\u00fcgung, darunter:<\/p><ul><li>Frisch ged\u00e4mpft <strong>Dim Sum, Baozi und Congee<\/strong> f\u00fcr einen Vorgeschmack auf das authentische Peking.<\/li><li>Eine Auswahl von <strong>importierte deutsche Aufschnitte, K\u00e4se und Brot<\/strong> die das deutsch inspirierte Designethos unseres Hotels widerspiegeln.<\/li><li>Warme Gerichte wie R\u00fchrei, W\u00fcrstchen und gegrilltes Gem\u00fcse.<\/li><li>Saisonale Fr\u00fcchte, Premium-Joghurts und eine Auswahl an Geb\u00e4ck und Backwaren.<\/li><\/ul><p>Jede Zutat wird nach Frische und Qualit\u00e4t ausgew\u00e4hlt, um einen nahrhaften und zufriedenstellenden Start in Ihre Reise zu gew\u00e4hrleisten. Reisende loben immer wieder die <strong>Vielfalt, Sauberkeit und Komfort<\/strong> des Speiseraums, und viele bemerken, dass das Fr\u00fchst\u00fcck im Hao Wei einer der H\u00f6hepunkte ihres Aufenthalts ist.<\/p><div class=\"my-2\">\u00a0<\/div><h3>Deutsch inspirierte Kochkunst<\/h3><p>Zeichnung aus <strong>Deutsche Traditionen der Pr\u00e4zision und des Geschmacks<\/strong>Hao Wei integriert saisonale Themen und eine Pr\u00e4sentation im europ\u00e4ischen Stil in sein Angebot. Das Design des Restaurants spiegelt diese Mischung wider \u2013 klare Linien, warmes Licht und eine offene Gestaltung, die zum Entspannen einl\u00e4dt. Hier k\u00f6nnen Gesch\u00e4ftsreisende bei einer starken Tasse Kaffee Dokumente pr\u00fcfen und Familien vor dem Abflug zu einer herzhaften Mahlzeit zusammenkommen.<\/p><p>Obwohl das Abendessen nicht im Restaurant serviert wird, sind die nahegelegenen Restaurants und Grillpl\u00e4tze innerhalb eines <strong>1 km Fu\u00dfweg<\/strong>, und bietet G\u00e4sten, die au\u00dferhalb der \u00d6ffnungszeiten ankommen, sp\u00e4tabends Speisem\u00f6glichkeiten.<\/p><div class=\"my-2\">\u00a0<\/div><h3>Mehr als nur eine Mahlzeit \u2013 ein umfassendes kulinarisches Erlebnis<\/h3><p>Erg\u00e4nzend zu Hao Wei ist die <strong>Lobbybar \u201eHao Wu\u201c<\/strong>, ein ruhiger Ort, wo die G\u00e4ste genie\u00dfen k\u00f6nnen <strong>Premium-Kaffee, Tees und leichte Erfrischungen<\/strong> den ganzen Tag \u00fcber. Egal, ob Sie Arbeit erledigen, einen Kollegen treffen oder einfach einen ruhigen Moment genie\u00dfen, die Lobbybar bietet ein einladendes Ambiente mit sanfter Musik und elegantem Design.<\/p><p>F\u00fcr Gesch\u00e4ftsreisende bietet das angrenzende <strong>\u201eHao Ju\u201c Executive Lounge<\/strong> bietet eine elegante Umgebung f\u00fcr Meetings oder ruhige Gespr\u00e4che, komplett mit beruhigender Hintergrundmusik und pers\u00f6nlichem Service \u2013 perfekt, um einen Deal abzuschlie\u00dfen oder eine Pr\u00e4sentation vorzubereiten.<\/p><p>\u00a0<\/p><h3>Beginnen und beenden Sie Ihre Reise mit Geschmack<\/h3><p>Bei <strong>Hao Wei Restaurant<\/strong>Wir sind davon \u00fcberzeugt, dass jede Reise ein gro\u00dfartiges Essen verdient. Egal, ob Sie Ihr Abenteuer in Peking beginnen oder eine globale Expedition beenden, wir bieten Ihnen einen Moment der Ruhe, des Komforts und des kulinarischen Genusses.<\/p><p>Erleben Sie die perfekte Mischung aus <strong>Chinesische W\u00e4rme und deutsche Pr\u00e4zision<\/strong>\u2013 ein Bissen, eine Tasse, ein Reisender nach dem anderen.<\/p><p data-spm-anchor-id=\"a2ty_o01.29997173.0.i60.5e52c92120wETC\"><strong>Hao Wei Restaurant: Wo sich die Welt am Tisch trifft, nur wenige Minuten vom Himmel entfernt.<\/strong><\/p>\t\t\t\t\t\t\t\t<\/div>\n\t\t\t\t\t<\/div>\n\t\t\t\t<\/div>\n\t\t<div class=\"elementor-element elementor-element-b225ac7 e-flex e-con-boxed e-con e-parent\" data-id=\"b225ac7\" data-element_type=\"container\" data-e-type=\"container\">\n\t\t\t\t\t<div class=\"e-con-inner\">\n\t\t\t\t<div class=\"elementor-element elementor-element-e62b919 elementor-widget elementor-widget-nuss-image-gallery\" data-id=\"e62b919\" data-element_type=\"widget\" data-e-type=\"widget\" data-widget_type=\"nuss-image-gallery.default\">\n\t\t\t\t<div class=\"elementor-widget-container\">\n\t\t\t\t\t\t\t<div class=\"nuss-grid-wrapper\" data-grid=\"{&quot;type&quot;:&quot;grid&quot;,&quot;ratio&quot;:null,&quot;columns&quot;:3,&quot;gutter&quot;:30}\">\r\n\t\t\t<div class=\"nuss-grid lazy-grid\">\r\n\t\t\t\t<div class=\"grid-sizer\"><\/div>\r\n\r\n\t\t\t\t\t\t\t\t\t\t\t\t<div class=\"grid-item\">\r\n\t\t\t\t\t\t<div class=\"nuss-box\">\t\t<div class=\"nuss-image image\">\r\n\t\t\t<img decoding=\"async\"  src=\"https:\/\/intercityhotelbeijing.com\/wp-content\/uploads\/2025\/08\/IntercityHotel-Beijing-Daxing-International-Airport-Hotel-19.webp\" alt=\"IntercityHotel Beijing Daxing International Airport Hotel (19)\" \/>\t\t<\/div>\r\n\t\t\t\t<\/div>\t\t\t\t\t<\/div>\r\n\t\t\t\t\t\t<div class=\"grid-item\">\r\n\t\t\t\t\t\t<div class=\"nuss-box\">\t\t<div class=\"nuss-image image\">\r\n\t\t\t<img decoding=\"async\"  src=\"https:\/\/intercityhotelbeijing.com\/wp-content\/uploads\/2025\/08\/IntercityHotel-Beijing-Daxing-International-Airport-Hotel-9.webp\" alt=\"IntercityHotel Beijing Daxing International Airport Hotel (9)\" \/>\t\t<\/div>\r\n\t\t\t\t<\/div>\t\t\t\t\t<\/div>\r\n\t\t\t\t\t\t<div class=\"grid-item\">\r\n\t\t\t\t\t\t<div class=\"nuss-box\">\t\t<div class=\"nuss-image image\">\r\n\t\t\t<img decoding=\"async\"  src=\"https:\/\/intercityhotelbeijing.com\/wp-content\/uploads\/2025\/08\/IntercityHotel-Beijing-Daxing-International-Airport-Hotel-41.webp\" alt=\"IntercityHotel Beijing Daxing International Airport Hotel (41)\" \/>\t\t<\/div>\r\n\t\t\t\t<\/div>\t\t\t\t\t<\/div>\r\n\t\t\t\t\t\t<div class=\"grid-item\">\r\n\t\t\t\t\t\t<div class=\"nuss-box\">\t\t<div class=\"nuss-image image\">\r\n\t\t\t<img decoding=\"async\"  src=\"https:\/\/intercityhotelbeijing.com\/wp-content\/uploads\/2025\/08\/IntercityHotel-Beijing-Daxing-International-Airport-Hotel-36.webp\" alt=\"IntercityHotel Beijing Daxing International Airport Hotel (36)\" \/>\t\t<\/div>\r\n\t\t\t\t<\/div>\t\t\t\t\t<\/div>\r\n\t\t\t\t\t\t<div class=\"grid-item\">\r\n\t\t\t\t\t\t<div class=\"nuss-box\">\t\t<div class=\"nuss-image image\">\r\n\t\t\t<img decoding=\"async\"  src=\"https:\/\/intercityhotelbeijing.com\/wp-content\/uploads\/2025\/08\/IntercityHotel-Beijing-Daxing-International-Airport-Hotel-74.webp\" alt=\"IntercityHotel Beijing Daxing International Airport Hotel (74)\" \/>\t\t<\/div>\r\n\t\t\t\t<\/div>\t\t\t\t\t<\/div>\r\n\t\t\t\t\t\t<div class=\"grid-item\">\r\n\t\t\t\t\t\t<div class=\"nuss-box\">\t\t<div class=\"nuss-image image\">\r\n\t\t\t<img decoding=\"async\"  src=\"https:\/\/intercityhotelbeijing.com\/wp-content\/uploads\/2025\/08\/IntercityHotel-Beijing-Daxing-International-Airport-Hotel-49.webp\" alt=\"IntercityHotel Beijing Daxing International Airport Hotel (49)\" \/>\t\t<\/div>\r\n\t\t\t\t<\/div>\t\t\t\t\t<\/div>\r\n\t\t\t\t\t\t\t\r\n\t\t\t<\/div>\r\n\t\t<\/div>\r\n\t\t\t\t\t\t<\/div>\n\t\t\t\t<\/div>\n\t\t\t\t\t<\/div>\n\t\t\t\t<\/div>\n\t\t<div class=\"elementor-element elementor-element-8cc0c6d e-flex e-con-boxed e-con e-parent\" data-id=\"8cc0c6d\" data-element_type=\"container\" data-e-type=\"container\">\n\t\t\t\t\t<div class=\"e-con-inner\">\n\t\t\t\t<div class=\"elementor-element elementor-element-431a24b elementor-widget elementor-widget-text-editor\" data-id=\"431a24b\" data-element_type=\"widget\" data-e-type=\"widget\" data-widget_type=\"text-editor.default\">\n\t\t\t\t\t\t\t\t\t<h3>Nachhaltigkeit, Hygiene und Innovation auf dem Teller<\/h3><p>So wie das Hotel intelligente Technologie und Nachhaltigkeit in seinen Betrieb integriert, folgt auch das Hao Wei denselben hohen Standards. Das Restaurant h\u00e4lt sich an strenge Hygieneprotokolle, und alle \u00f6ffentlichen Bereiche werden regelm\u00e4\u00dfig desinfiziert. Das offene K\u00fcchenkonzept erm\u00f6glicht es den G\u00e4sten, die Sorgfalt und Pr\u00e4zision zu sehen, die in jedes Gericht einflie\u00dft.<\/p><p>Dar\u00fcber hinaus erstreckt sich das Engagement des Hotels f\u00fcr das Wohlbefinden der G\u00e4ste auch auf seine <strong>SB-W\u00e4scherei und Fitnesseinrichtungen<\/strong>, wodurch sichergestellt wird, dass Reisende auch unterwegs ihre Routinen beibehalten k\u00f6nnen \u2013 wodurch Hao Wei nicht nur ein Ort zum Essen ist, sondern Teil eines ganzheitlichen Reiseerlebnisses.<\/p><div class=\"my-2\">\u00a0<\/div><h3>Perfekt gelegen f\u00fcr reibungsloses Reisen<\/h3><p>Egal ob Sie ankommen in <strong>02:00 Uhr<\/strong> oder Abfahrt um <strong>05:30 Uhr<\/strong>, Hao Weis N\u00e4he zum Flughafen und zum Hotel <strong>Kostenloser Shuttle-Service rund um die Uhr<\/strong> machen es zu einem der bequemsten Restaurants in der N\u00e4he des internationalen Flughafens Peking-Daxing. Sie m\u00fcssen sich keine Sorgen machen, Ihren Flug zu verpassen \u2013 unser effizientes Check-out- und Shuttle-System sorgt daf\u00fcr, dass Sie in wenigen Minuten wieder am PKX sind.<\/p>\t\t\t\t\t\t\t\t<\/div>\n\t\t\t\t\t<\/div>\n\t\t\t\t<\/div>\n\t\t<div class=\"elementor-element elementor-element-d805c77 e-flex e-con-boxed e-con e-parent\" data-id=\"d805c77\" data-element_type=\"container\" data-e-type=\"container\">\n\t\t\t\t\t<div class=\"e-con-inner\">\n\t\t\t\t<div class=\"elementor-element elementor-element-6a9e5b8 elementor-widget elementor-widget-nuss-image-gallery\" data-id=\"6a9e5b8\" data-element_type=\"widget\" data-e-type=\"widget\" data-widget_type=\"nuss-image-gallery.default\">\n\t\t\t\t<div class=\"elementor-widget-container\">\n\t\t\t\t\t\t\t<div class=\"nuss-grid-wrapper\" data-grid=\"{&quot;type&quot;:&quot;grid&quot;,&quot;ratio&quot;:null,&quot;columns&quot;:3,&quot;gutter&quot;:30}\">\r\n\t\t\t<div class=\"nuss-grid lazy-grid\">\r\n\t\t\t\t<div class=\"grid-sizer\"><\/div>\r\n\r\n\t\t\t\t\t\t\t\t\t\t\t\t<div class=\"grid-item\">\r\n\t\t\t\t\t\t<div class=\"nuss-box\">\t\t<div class=\"nuss-image image\">\r\n\t\t\t<img decoding=\"async\"  src=\"https:\/\/intercityhotelbeijing.com\/wp-content\/uploads\/2025\/08\/IntercityHotel-Beijing-Daxing-International-Airport-Hotel-75.webp\" alt=\"IntercityHotel Beijing Daxing International Airport Hotel (75)\" \/>\t\t<\/div>\r\n\t\t\t\t<\/div>\t\t\t\t\t<\/div>\r\n\t\t\t\t\t\t<div class=\"grid-item\">\r\n\t\t\t\t\t\t<div class=\"nuss-box\">\t\t<div class=\"nuss-image image\">\r\n\t\t\t<img decoding=\"async\"  src=\"https:\/\/intercityhotelbeijing.com\/wp-content\/uploads\/2025\/08\/IntercityHotel-Beijing-Daxing-International-Airport-Hotel-68.webp\" alt=\"IntercityHotel Beijing Daxing International Airport Hotel (68)\" \/>\t\t<\/div>\r\n\t\t\t\t<\/div>\t\t\t\t\t<\/div>\r\n\t\t\t\t\t\t<div class=\"grid-item\">\r\n\t\t\t\t\t\t<div class=\"nuss-box\">\t\t<div class=\"nuss-image image\">\r\n\t\t\t<img decoding=\"async\"  src=\"https:\/\/intercityhotelbeijing.com\/wp-content\/uploads\/2025\/08\/IntercityHotel-Beijing-Daxing-International-Airport-Hotel-21.webp\" alt=\"IntercityHotel Beijing Daxing International Airport Hotel (21)\" \/>\t\t<\/div>\r\n\t\t\t\t<\/div>\t\t\t\t\t<\/div>\r\n\t\t\t\t\t\t<div class=\"grid-item\">\r\n\t\t\t\t\t\t<div class=\"nuss-box\">\t\t<div class=\"nuss-image image\">\r\n\t\t\t<img decoding=\"async\"  src=\"https:\/\/intercityhotelbeijing.com\/wp-content\/uploads\/2025\/08\/IntercityHotel-Beijing-Daxing-International-Airport-Hotel-18.webp\" alt=\"IntercityHotel Beijing Daxing International Airport Hotel (18)\" \/>\t\t<\/div>\r\n\t\t\t\t<\/div>\t\t\t\t\t<\/div>\r\n\t\t\t\t\t\t<div class=\"grid-item\">\r\n\t\t\t\t\t\t<div class=\"nuss-box\">\t\t<div class=\"nuss-image image\">\r\n\t\t\t<img decoding=\"async\"  src=\"https:\/\/intercityhotelbeijing.com\/wp-content\/uploads\/2025\/08\/IntercityHotel-Beijing-Daxing-International-Airport-Hotel-42.webp\" alt=\"IntercityHotel Beijing Daxing International Airport Hotel (42)\" \/>\t\t<\/div>\r\n\t\t\t\t<\/div>\t\t\t\t\t<\/div>\r\n\t\t\t\t\t\t<div class=\"grid-item\">\r\n\t\t\t\t\t\t<div class=\"nuss-box\">\t\t<div class=\"nuss-image image\">\r\n\t\t\t<img decoding=\"async\"  src=\"https:\/\/intercityhotelbeijing.com\/wp-content\/uploads\/2025\/08\/IntercityHotel-Beijing-Daxing-International-Airport-Hotel-3.webp\" alt=\"IntercityHotel Beijing Daxing International Airport Hotel (3)\" \/>\t\t<\/div>\r\n\t\t\t\t<\/div>\t\t\t\t\t<\/div>\r\n\t\t\t\t\t\t\t\r\n\t\t\t<\/div>\r\n\t\t<\/div>\r\n\t\t\t\t\t\t<\/div>\n\t\t\t\t<\/div>\n\t\t\t\t\t<\/div>\n\t\t\t\t<\/div>\n\t\t<div class=\"elementor-element elementor-element-91b08b1 e-flex e-con-boxed e-con e-parent\" data-id=\"91b08b1\" data-element_type=\"container\" data-e-type=\"container\">\n\t\t\t\t\t<div class=\"e-con-inner\">\n\t\t\t\t<div class=\"elementor-element elementor-element-2028c19 elementor-widget elementor-widget-text-editor\" data-id=\"2028c19\" data-element_type=\"widget\" data-e-type=\"widget\" data-widget_type=\"text-editor.default\">\n\t\t\t\t\t\t\t\t\t<h3>Von Reisenden geliebt, au\u00dfergew\u00f6hnlich bewertet<\/h3><p>Mit einem <strong>9,8\/10 G\u00e4stebewertung auf Trip.com<\/strong> basierend auf \u00fcber <strong>3.455 Bewertungen<\/strong>, Hao Wei Restaurant hat Anerkennung f\u00fcr seine <strong>\u201eabwechslungsreiches Fr\u00fchst\u00fcck\u201c, \u201eblitzsaubere\u201c Umgebung<\/strong>, Und <strong>\u201ehochwertige Importgetr\u00e4nke\u201c<\/strong> in der Bar. G\u00e4ste heben h\u00e4ufig die <strong>freundliches Personal, durchdachte Men\u00fcgestaltung und das ruhige, moderne Ambiente<\/strong> das unterscheidet es vom typischen Essen in Flughafenhotels.<\/p><p>Ein k\u00fcrzlich erschienener Rezensent teilte mit: <em>\u201eZum Fr\u00fchst\u00fcck gab es eine gute Auswahl und bequeme Sitzgelegenheiten. Selbst zur Hauptzeit war es nicht \u00fcberf\u00fcllt, da es ein langes Zeitfenster von 6:30 bis 10:00 Uhr gibt, in dem jeder bequem Platz findet!\u201c<\/em><\/p>\t\t\t\t\t\t\t\t<\/div>\n\t\t\t\t\t<\/div>\n\t\t\t\t<\/div>\n\t\t\t\t<\/div>","protected":false},"excerpt":{"rendered":"<p>Welcome to Hao Wei Restaurant at Beijing Daxing International Airport Intercity Hotel At the Beijing Daxing International Airport Intercity Hotel, dining is not just a necessity\u2014it\u2019s a destination in itself. Nestled within our sleek, German-inspired 4-star hotel, Hao Wei Restaurant offers a culinary experience that seamlessly blends authentic Chinese flavors with seasonal European elegance, creating [&hellip;]<\/p>\n","protected":false},"author":1,"featured_media":0,"parent":0,"menu_order":0,"comment_status":"closed","ping_status":"closed","template":"","meta":{"footnotes":""},"class_list":["post-612","page","type-page","status-publish","hentry","post-no-thumbnail"],"_links":{"self":[{"href":"https:\/\/intercityhotelbeijing.com\/de\/wp-json\/wp\/v2\/pages\/612","targetHints":{"allow":["GET"]}}],"collection":[{"href":"https:\/\/intercityhotelbeijing.com\/de\/wp-json\/wp\/v2\/pages"}],"about":[{"href":"https:\/\/intercityhotelbeijing.com\/de\/wp-json\/wp\/v2\/types\/page"}],"author":[{"embeddable":true,"href":"https:\/\/intercityhotelbeijing.com\/de\/wp-json\/wp\/v2\/users\/1"}],"replies":[{"embeddable":true,"href":"https:\/\/intercityhotelbeijing.com\/de\/wp-json\/wp\/v2\/comments?post=612"}],"version-history":[{"count":0,"href":"https:\/\/intercityhotelbeijing.com\/de\/wp-json\/wp\/v2\/pages\/612\/revisions"}],"wp:attachment":[{"href":"https:\/\/intercityhotelbeijing.com\/de\/wp-json\/wp\/v2\/media?parent=612"}],"curies":[{"name":"wp","href":"https:\/\/api.w.org\/{rel}","templated":true}]}}