{"id":2109,"date":"2021-03-26T08:35:58","date_gmt":"2021-03-26T08:35:58","guid":{"rendered":"http:\/\/localhost\/nuss\/?page_id=536"},"modified":"2025-12-06T07:54:21","modified_gmt":"2025-12-06T07:54:21","slug":"business-einrichtungen","status":"publish","type":"page","link":"https:\/\/intercityhotelbeijing.com\/de\/business-einrichtungen\/","title":{"rendered":"Business-Einrichtungen"},"content":{"rendered":"<div data-elementor-type=\"wp-page\" data-elementor-id=\"2109\" class=\"elementor elementor-2109\">\n\t\t\t\t\t\t<section class=\"elementor-section elementor-top-section elementor-element elementor-element-bb2901b elementor-section-boxed elementor-section-gap-beside-yes elementor-section-height-default elementor-section-height-default elementor-section-column-vertical-align-stretch\" data-id=\"bb2901b\" data-element_type=\"section\" data-e-type=\"section\">\n\t\t\t\t\t\t<div class=\"elementor-container elementor-column-gap-extended\">\n\t\t\t\t\t<div class=\"elementor-column elementor-col-100 elementor-top-column elementor-element elementor-element-1919db9\" data-id=\"1919db9\" data-element_type=\"column\" data-e-type=\"column\">\n\t\t\t<div class=\"elementor-widget-wrap elementor-element-populated\">\n\t\t\t\t\t\t<div class=\"elementor-element elementor-element-41a7b9c elementor-widget__width-initial elementor-invisible elementor-widget elementor-widget-text-editor\" data-id=\"41a7b9c\" data-element_type=\"widget\" data-e-type=\"widget\" data-settings=\"{&quot;_animation&quot;:&quot;nussFadeInUp&quot;}\" data-widget_type=\"text-editor.default\">\n\t\t\t\t\t\t\t\t\tVerbessern Sie Ihr Berufserlebnis in den Gesch\u00e4ftseinrichtungen des Beijing Daxing International Airport Intercity Hotels\t\t\t\t\t\t\t\t<\/div>\n\t\t\t\t\t<\/div>\n\t\t<\/div>\n\t\t\t\t\t<\/div>\n\t\t<\/section>\n\t\t<div class=\"elementor-element elementor-element-1ef67e9 e-flex e-con-boxed e-con e-parent\" data-id=\"1ef67e9\" data-element_type=\"container\" data-e-type=\"container\">\n\t\t\t\t\t<div class=\"e-con-inner\">\n\t\t\t\t<div class=\"elementor-element elementor-element-6500812 elementor-widget elementor-widget-nuss-image-gallery\" data-id=\"6500812\" data-element_type=\"widget\" data-e-type=\"widget\" data-widget_type=\"nuss-image-gallery.default\">\n\t\t\t\t<div class=\"elementor-widget-container\">\n\t\t\t\t\t\t\t<div class=\"nuss-grid-wrapper\" data-grid=\"{&quot;type&quot;:&quot;grid&quot;,&quot;ratio&quot;:null,&quot;columns&quot;:3,&quot;gutter&quot;:30}\">\r\n\t\t\t<div class=\"nuss-grid lazy-grid\">\r\n\t\t\t\t<div class=\"grid-sizer\"><\/div>\r\n\r\n\t\t\t\t\t\t\t\t\t\t\t\t<div class=\"grid-item\">\r\n\t\t\t\t\t\t<div class=\"nuss-box\">\t\t<div class=\"nuss-image image\">\r\n\t\t\t<img decoding=\"async\"  src=\"https:\/\/intercityhotelbeijing.com\/wp-content\/uploads\/2025\/08\/IntercityHotel-Beijing-Daxing-International-Airport-Hotel-51.webp\" alt=\"IntercityHotel Beijing Daxing International Airport Hotel (51)\" \/>\t\t<\/div>\r\n\t\t\t\t<\/div>\t\t\t\t\t<\/div>\r\n\t\t\t\t\t\t<div class=\"grid-item\">\r\n\t\t\t\t\t\t<div class=\"nuss-box\">\t\t<div class=\"nuss-image image\">\r\n\t\t\t<img decoding=\"async\"  src=\"https:\/\/intercityhotelbeijing.com\/wp-content\/uploads\/2025\/08\/IntercityHotel-Beijing-Daxing-International-Airport-Hotel-56.webp\" alt=\"IntercityHotel Beijing Daxing International Airport Hotel (56)\" \/>\t\t<\/div>\r\n\t\t\t\t<\/div>\t\t\t\t\t<\/div>\r\n\t\t\t\t\t\t<div class=\"grid-item\">\r\n\t\t\t\t\t\t<div class=\"nuss-box\">\t\t<div class=\"nuss-image image\">\r\n\t\t\t<img decoding=\"async\"  src=\"https:\/\/intercityhotelbeijing.com\/wp-content\/uploads\/2025\/08\/IntercityHotel-Beijing-Daxing-International-Airport-Hotel-64.webp\" alt=\"IntercityHotel Beijing Daxing International Airport Hotel (64)\" \/>\t\t<\/div>\r\n\t\t\t\t<\/div>\t\t\t\t\t<\/div>\r\n\t\t\t\t\t\t<div class=\"grid-item\">\r\n\t\t\t\t\t\t<div class=\"nuss-box\">\t\t<div class=\"nuss-image image\">\r\n\t\t\t<img decoding=\"async\"  src=\"https:\/\/intercityhotelbeijing.com\/wp-content\/uploads\/2025\/08\/IntercityHotel-Beijing-Daxing-International-Airport-Hotel-50.webp\" alt=\"IntercityHotel Beijing Daxing International Airport Hotel (50)\" \/>\t\t<\/div>\r\n\t\t\t\t<\/div>\t\t\t\t\t<\/div>\r\n\t\t\t\t\t\t<div class=\"grid-item\">\r\n\t\t\t\t\t\t<div class=\"nuss-box\">\t\t<div class=\"nuss-image image\">\r\n\t\t\t<img decoding=\"async\"  src=\"https:\/\/intercityhotelbeijing.com\/wp-content\/uploads\/2025\/08\/IntercityHotel-Beijing-Daxing-International-Airport-Hotel-74.webp\" alt=\"IntercityHotel Beijing Daxing International Airport Hotel (74)\" \/>\t\t<\/div>\r\n\t\t\t\t<\/div>\t\t\t\t\t<\/div>\r\n\t\t\t\t\t\t<div class=\"grid-item\">\r\n\t\t\t\t\t\t<div class=\"nuss-box\">\t\t<div class=\"nuss-image image\">\r\n\t\t\t<img decoding=\"async\"  src=\"https:\/\/intercityhotelbeijing.com\/wp-content\/uploads\/2025\/08\/IntercityHotel-Beijing-Daxing-International-Airport-Hotel-57.webp\" alt=\"IntercityHotel Beijing Daxing International Airport Hotel (57)\" \/>\t\t<\/div>\r\n\t\t\t\t<\/div>\t\t\t\t\t<\/div>\r\n\t\t\t\t\t\t\t\r\n\t\t\t<\/div>\r\n\t\t<\/div>\r\n\t\t\t\t\t\t<\/div>\n\t\t\t\t<\/div>\n\t\t\t\t\t<\/div>\n\t\t\t\t<\/div>\n\t\t<div class=\"elementor-element elementor-element-f2b46db e-flex e-con-boxed e-con e-parent\" data-id=\"f2b46db\" data-element_type=\"container\" data-e-type=\"container\">\n\t\t\t\t\t<div class=\"e-con-inner\">\n\t\t\t\t<div class=\"elementor-element elementor-element-a3ff4ae elementor-widget elementor-widget-text-editor\" data-id=\"a3ff4ae\" data-element_type=\"widget\" data-e-type=\"widget\" data-widget_type=\"text-editor.default\">\n\t\t\t\t\t\t\t\t\t<p data-spm-anchor-id=\"a2ty_o01.29997173.0.i34.5e52c92120wETC\">Strategisch g\u00fcnstig gelegen, nur 1,8 Kilometer vom internationalen Flughafen Peking-Daxing entfernt und nahtlos an die wichtigsten Verkehrsknotenpunkte angebunden, <strong>Beijing Daxing International Airport Intercity Hotel<\/strong> ist mehr als nur ein praktischer \u00dcbernachtungsort \u2013 es ist ein dynamischer Treffpunkt f\u00fcr moderne Gesch\u00e4ftsreisende. Das Hotel wurde mit einem ausgepr\u00e4gten deutsch inspirierten Ethos von Pr\u00e4zision, Effizienz und intelligentem Design entworfen. <strong>Gesch\u00e4fts- und Tagungseinrichtungen<\/strong> sind darauf ausgelegt, Fachleuten, Unternehmern und Unternehmensteams alles zu geben, was sie f\u00fcr den Erfolg ben\u00f6tigen \u2013 ob beim Abschluss eines Gesch\u00e4fts, der Moderation einer hochrangigen Diskussion oder der Vorbereitung einer wichtigen Pr\u00e4sentation unterwegs.<\/p><p>Das hochmoderne 4-Sterne-Hotel der H World-Gruppe wurde 2024 er\u00f6ffnet und verf\u00fcgt \u00fcber 189 elegant eingerichtete Zimmer sowie eine Reihe anspruchsvoller Business-Annehmlichkeiten, die Technologie, Komfort und Funktionalit\u00e4t vereinen. Jedes Detail wurde auf Produktivit\u00e4t ausgelegt \u2013 von nahtlosen digitalen Check-in-Kiosken \u00fcber intelligente Zimmersteuerungen bis hin zur Hochgeschwindigkeitsverbindung im gesamten Geb\u00e4ude.<\/p><p>Im Mittelpunkt des Gesch\u00e4ftsangebots steht die <strong>elegante Verwaltungslounge \u201eHao Ju\u201c<\/strong>\u2013 ein eleganter Raum f\u00fcr Privatsph\u00e4re, Konzentration und professionelle Interaktion. Ob Sie eine Einzelverhandlung f\u00fchren, eine kleine Vorstandssitzung abhalten oder einfach nur eine ruhige Ecke zum E-Mail-Reading ben\u00f6tigen \u2013 Hao Ju bietet eine ruhige Atmosph\u00e4re mit beruhigender Hintergrundmusik, ergonomischen Sitzgelegenheiten und pers\u00f6nlichem Service. Die Lounge ist ideal f\u00fcr Gesch\u00e4ftsreisende, die ein gehobenes Ambiente suchen, das Klarheit und Vertrauen f\u00f6rdert.<\/p><p>F\u00fcr gr\u00f6\u00dfere Versammlungen oder formelle Treffen bietet das Hotel <strong>multifunktionale Tagungs- und Konferenzr\u00e4ume<\/strong> Ausgestattet mit modernster audiovisueller Technologie, hochaufl\u00f6senden TV-Projektionssystemen, PA- und Soundsystemen sowie zuverl\u00e4ssigem Highspeed-WLAN \u2013 f\u00fcr eine reibungslose Konnektivit\u00e4t sowohl f\u00fcr pers\u00f6nliche als auch f\u00fcr virtuelle Zusammenarbeit. Mit flexiblen Layouts und professionellen Support-Services auf Anfrage eignen sich diese R\u00e4umlichkeiten perfekt f\u00fcr Unternehmensbesprechungen, Team-Workshops oder internationale Videokonferenzen.<\/p><p>Das Hotel ist sich der Anforderungen des heutigen schnelllebigen Gesch\u00e4ftsumfelds bewusst und integriert <strong>intelligente Automatisierung und Innovation<\/strong> In jedem Aspekt des G\u00e4steerlebnisses. Die Zimmer verf\u00fcgen \u00fcber intelligente Bike-Steuerungssysteme, mit denen G\u00e4ste Beleuchtung, Klima und Unterhaltung m\u00fchelos steuern und so Komfort und Effizienz optimieren k\u00f6nnen. Gesch\u00e4ftsreisende sch\u00e4tzen die Integration von <strong>ergonomische Arbeitspl\u00e4tze, ausreichend Steckdosen und USB-Ladeports<\/strong>, sodass Sie m\u00fchelos leistungsf\u00e4hig und produktiv bleiben.<\/p><p>F\u00fcr diejenigen mit engen Zeitpl\u00e4nen bietet das Hotel <strong>umfassende Dienstleistungen zur Unternehmensunterst\u00fctzung<\/strong>, einschlie\u00dflich <strong>kostenloses Faxen und Fotokopieren<\/strong>, Express-Check-in und -Check-out sowie 24-Stunden-Rezeption mit mehrsprachigem Personal und <strong>\u00dcbersetzungstools vor Ort verf\u00fcgbar<\/strong>. Ob Sie Last-Minute-Druck, Unterst\u00fctzung bei internationalen Anrufen oder logistische Koordination ben\u00f6tigen, das engagierte Team stellt sicher, dass kein Detail \u00fcbersehen wird.<\/p><p>Reisende F\u00fchrungskr\u00e4fte werden auch die <strong>Selbstbedienungs-Hightech-Waschraum \u201eHaojing\u201c<\/strong>, das \u00fcber erstklassige gewerbliche Wasch- und Trockenger\u00e4te verf\u00fcgt mit <strong>Hochtemperatursterilisation und UV-Desinfektion<\/strong>\u2013 ideal zum Auffrischen der Business-Kleidung zwischen Meetings. Die Trennung von Wasch- und Trockenzyklen gew\u00e4hrleistet eine schonende Behandlung der Kleidungsst\u00fccke und bewahrt so ihre Qualit\u00e4t und Professionalit\u00e4t.<\/p><p>Die Erg\u00e4nzung der Gesch\u00e4ftsinfrastruktur ist <strong>\u201eHao Wei\u201c<\/strong>, das moderne Restaurant des Hotels mit deutsch inspirierter K\u00fcche, bietet t\u00e4glich von 06:30 bis 10:00 Uhr ein ausgewogenes, hochwertiges Fr\u00fchst\u00fccksbuffet \u2013 ideal, um vor einem anstrengenden Tag Kraft zu tanken. F\u00fcr eine schnelle Erfrischung zwischen den Meetings steht Ihnen das <strong>Lobbybar \u201eHao Wu\u201c<\/strong> serviert eine Auswahl an Premium-Kaffees und leichten Erfrischungen und schafft so eine entspannte und dennoch professionelle Atmosph\u00e4re f\u00fcr informelles Networking oder Einzelarbeitssitzungen.<\/p><p>Mit <strong>kostenloser Flughafen-Shuttleservice rund um die Uhr<\/strong> Mit dem Transfer vom und zum internationalen Flughafen Peking-Daxing sowie der kostenlosen Abholung vom Bahnhof Daxingjichang profitieren Gesch\u00e4ftsreisende von un\u00fcbertroffener logistischer Leichtigkeit. Sie m\u00fcssen sich keine Sorgen mehr machen, einen Flug zu verpassen oder zu sp\u00e4t zu einem Meeting zu kommen \u2013 Sie behalten die Kontrolle \u00fcber Ihren Zeitplan.<\/p><p>Ob Sie sich f\u00fcr ein kurzes Transittreffen, eine mehrt\u00e4gige Firmenveranstaltung oder einen Anschlussflug mit Arbeitsaufgaben in Peking befinden, die <strong>Beijing Daxing International Airport Intercity Hotel<\/strong> verwandelt das Konzept eines Flughafenhotels in ein wahres Business-Refugium. Hier trifft intelligentes Design auf nahtlosen Service und jede Einrichtung ist darauf ausgerichtet, Sie fit, vernetzt und bereit f\u00fcr den Erfolg zu halten.<\/p><p data-spm-anchor-id=\"a2ty_o01.29997173.0.i35.5e52c92120wETC\">Erleben Sie einen neuen Standard in der Business-Gastfreundschaft \u2013 effizient, intelligent und tadellos umgesetzt \u2013 direkt vor den Toren der chinesischen Hauptstadt.<\/p>\t\t\t\t\t\t\t\t<\/div>\n\t\t\t\t\t<\/div>\n\t\t\t\t<\/div>\n\t\t\t\t<\/div>","protected":false},"excerpt":{"rendered":"<p>Elevate Your Professional Experience at the Business Facilities of Beijing Daxing International Airport Intercity Hotel Strategically positioned just 1.8 kilometers from Beijing Daxing International Airport and seamlessly connected to major transport hubs, the Beijing Daxing International Airport Intercity Hotel is more than just a convenient overnight stop\u2014it\u2019s a dynamic hub for modern business travelers. Designed [&hellip;]<\/p>\n","protected":false},"author":1,"featured_media":0,"parent":0,"menu_order":0,"comment_status":"closed","ping_status":"closed","template":"","meta":{"footnotes":""},"class_list":["post-2109","page","type-page","status-publish","hentry","post-no-thumbnail"],"_links":{"self":[{"href":"https:\/\/intercityhotelbeijing.com\/de\/wp-json\/wp\/v2\/pages\/2109","targetHints":{"allow":["GET"]}}],"collection":[{"href":"https:\/\/intercityhotelbeijing.com\/de\/wp-json\/wp\/v2\/pages"}],"about":[{"href":"https:\/\/intercityhotelbeijing.com\/de\/wp-json\/wp\/v2\/types\/page"}],"author":[{"embeddable":true,"href":"https:\/\/intercityhotelbeijing.com\/de\/wp-json\/wp\/v2\/users\/1"}],"replies":[{"embeddable":true,"href":"https:\/\/intercityhotelbeijing.com\/de\/wp-json\/wp\/v2\/comments?post=2109"}],"version-history":[{"count":0,"href":"https:\/\/intercityhotelbeijing.com\/de\/wp-json\/wp\/v2\/pages\/2109\/revisions"}],"wp:attachment":[{"href":"https:\/\/intercityhotelbeijing.com\/de\/wp-json\/wp\/v2\/media?parent=2109"}],"curies":[{"name":"wp","href":"https:\/\/api.w.org\/{rel}","templated":true}]}}