{"id":2106,"date":"2021-03-25T04:08:26","date_gmt":"2021-03-25T04:08:26","guid":{"rendered":"http:\/\/localhost\/nuss\/?page_id=298"},"modified":"2025-12-06T07:54:43","modified_gmt":"2025-12-06T07:54:43","slug":"kundenerfahrungen-bewertungen","status":"publish","type":"page","link":"https:\/\/intercityhotelbeijing.com\/de\/kundenerfahrungen-bewertungen\/","title":{"rendered":"Kundenerfahrungen &amp; Bewertungen"},"content":{"rendered":"<div data-elementor-type=\"wp-page\" data-elementor-id=\"2106\" class=\"elementor elementor-2106\">\n\t\t\t\t\t\t<section class=\"elementor-section elementor-top-section elementor-element elementor-element-1954ffc elementor-section-boxed elementor-section-gap-beside-yes elementor-section-height-default elementor-section-height-default elementor-section-column-vertical-align-stretch\" data-id=\"1954ffc\" data-element_type=\"section\" data-e-type=\"section\">\n\t\t\t\t\t\t<div class=\"elementor-container elementor-column-gap-extended\">\n\t\t\t\t\t<div class=\"elementor-column elementor-col-100 elementor-top-column elementor-element elementor-element-86aebc5\" data-id=\"86aebc5\" data-element_type=\"column\" data-e-type=\"column\">\n\t\t\t<div class=\"elementor-widget-wrap elementor-element-populated\">\n\t\t\t\t\t\t<div class=\"elementor-element elementor-element-11803d1 elementor-widget__width-initial elementor-invisible elementor-widget elementor-widget-text-editor\" data-id=\"11803d1\" data-element_type=\"widget\" data-e-type=\"widget\" data-settings=\"{&quot;_animation&quot;:&quot;nussFadeInUp&quot;}\" data-widget_type=\"text-editor.default\">\n\t\t\t\t\t\t\t\t\t<p><strong data-spm-anchor-id=\"a2ty_o01.29997173.0.i37.5e52c92120wETC\">Au\u00dfergew\u00f6hnliche G\u00e4steerlebnisse im Beijing Daxing International Airport Intercity Hotel \u2013 wo moderner Komfort auf unvergesslichen Service trifft<\/strong><\/p>\t\t\t\t\t\t\t\t<\/div>\n\t\t\t\t\t<\/div>\n\t\t<\/div>\n\t\t\t\t\t<\/div>\n\t\t<\/section>\n\t\t<div class=\"elementor-element elementor-element-4104c05 e-flex e-con-boxed e-con e-parent\" data-id=\"4104c05\" data-element_type=\"container\" data-e-type=\"container\">\n\t\t\t\t\t<div class=\"e-con-inner\">\n\t\t\t\t<div class=\"elementor-element elementor-element-3bdb8a6 elementor-widget elementor-widget-image\" data-id=\"3bdb8a6\" data-element_type=\"widget\" data-e-type=\"widget\" data-widget_type=\"image.default\">\n\t\t\t\t\t\t\t\t\t\t\t\t\t\t\t<img fetchpriority=\"high\" decoding=\"async\" width=\"1024\" height=\"472\" src=\"https:\/\/intercityhotelbeijing.com\/wp-content\/uploads\/2025\/08\/IntercityHotel-Beijing-Reviews-1024x472.jpg\" class=\"attachment-large size-large wp-image-5721\" alt=\"\" srcset=\"https:\/\/intercityhotelbeijing.com\/wp-content\/uploads\/2025\/08\/IntercityHotel-Beijing-Reviews-1024x472.jpg 1024w, https:\/\/intercityhotelbeijing.com\/wp-content\/uploads\/2025\/08\/IntercityHotel-Beijing-Reviews-300x138.jpg 300w, https:\/\/intercityhotelbeijing.com\/wp-content\/uploads\/2025\/08\/IntercityHotel-Beijing-Reviews-768x354.jpg 768w, https:\/\/intercityhotelbeijing.com\/wp-content\/uploads\/2025\/08\/IntercityHotel-Beijing-Reviews-18x8.jpg 18w, https:\/\/intercityhotelbeijing.com\/wp-content\/uploads\/2025\/08\/IntercityHotel-Beijing-Reviews.jpg 1381w\" sizes=\"(max-width: 1024px) 100vw, 1024px\" \/>\t\t\t\t\t\t\t\t\t\t\t\t\t\t\t<\/div>\n\t\t\t\t\t<\/div>\n\t\t\t\t<\/div>\n\t\t<div class=\"elementor-element elementor-element-b28dca5 e-flex e-con-boxed e-con e-parent\" data-id=\"b28dca5\" data-element_type=\"container\" data-e-type=\"container\">\n\t\t\t\t\t<div class=\"e-con-inner\">\n\t\t\t\t<div class=\"elementor-element elementor-element-ea1961f elementor-widget elementor-widget-text-editor\" data-id=\"ea1961f\" data-element_type=\"widget\" data-e-type=\"widget\" data-widget_type=\"text-editor.default\">\n\t\t\t\t\t\t\t\t\t<p data-spm-anchor-id=\"a2ty_o01.29997173.0.i39.5e52c92120wETC\">Wenn es darum geht, das perfekte Flughafenhotel in Peking zu w\u00e4hlen, sprechen die Bewertungen der Reisenden B\u00e4nde \u2013 und gleichzeitig <strong>Beijing Daxing International Airport Intercity Hotel<\/strong>ist das Urteil eindeutig: Die G\u00e4ste bleiben nicht nur, sie sind wirklich beeindruckt. Nur <strong>1,8 km vom internationalen Flughafen Peking-Daxing entfernt<\/strong> Dieses elegante, deutsch inspirierte 4-Sterne-Hotel in der Yuanjing West 2nd Road Nr. 101 hat sich schnell zu einer erstklassigen Wahl f\u00fcr internationale und inl\u00e4ndische Reisende entwickelt und erh\u00e4lt auf f\u00fchrenden Buchungs- und Bewertungsplattformen wie <strong>Trip.com<\/strong> Und <strong>TripAdvisor<\/strong>.<\/p><p>Mit einem herausragenden <strong>9,8\/10 G\u00e4stebewertung auf Trip.com<\/strong> basierend auf \u00fcber <strong>3.455 gepr\u00fcfte Bewertungen<\/strong>Das Hotel ist ein Ma\u00dfstab f\u00fcr exzellenten Service, Sauberkeit, Lage und moderne Annehmlichkeiten. Reisende heben immer wieder die nahtlose Mischung aus <strong>intelligente Technologie, intuitives Design und herzliche Gastfreundschaft<\/strong>, was es zu einem idealen Zufluchtsort f\u00fcr Durchreisende, Gesch\u00e4ftsleute und Urlauber macht, die ein erholsames, effizientes und luxuri\u00f6ses Erlebnis in der N\u00e4he eines der futuristischsten Flugh\u00e4fen der Welt suchen.<\/p><div class=\"my-2\">\u00a0<\/div><h3>Echte Bewertungen von Reisenden: Was G\u00e4ste sagen<\/h3><p>An <strong>Trip.com<\/strong>, G\u00e4ste schw\u00e4rmen von der <strong>einwandfreie Sauberkeit (Bewertung 9,8\/10)<\/strong>, <strong>modernste Einrichtungen<\/strong>, Und <strong>hervorragender Service<\/strong>. Ein neuerer Rezensent, Pavel99, schrieb: <em>\u201eAusgezeichnet! Shuttlebus vom Flughafen, gutes Fr\u00fchst\u00fcck, Zimmer war sauber, Personal nett und h\u00f6flich.\u201c<\/em> Ein anderer Reisender, antonomik, nannte es ein \u201eWow! Was f\u00fcr ein Ort\u201c, und lobte die <strong>Sealy Silken Matratzen<\/strong>, <strong>Marken-Toilettenartikel von Appelles<\/strong>, Und <strong>Roboterbutler<\/strong> die einen Zimmerservice mit Pr\u00e4zision und Charme bieten. Die hochmodernen Zimmersteuerungen, die ger\u00e4uschlosen Klimaanlagen und die leistungsstarken Regenduschen werden h\u00e4ufig als herausragende Merkmale genannt, die das G\u00e4steerlebnis verbessern.<\/p><p>G\u00e4ste sch\u00e4tzen auch die <strong>kostenloser Flughafen-Shuttleservice rund um die Uhr<\/strong>, der effizient und p\u00fcnktlich f\u00e4hrt \u2013 entscheidend f\u00fcr Reisende mit fr\u00fchen Fl\u00fcgen oder Ank\u00fcnften sp\u00e4t in der Nacht. Ein Rezensent, der um 2 Uhr morgens ankam, bemerkte: <em>\u201eHabe sie \u00fcber die Trip-App angerufen und eine kostenlose Abholung bestellt. Problemlos. 5 Minuten zum Abendessen im BBQ-Shop. Guten Morgen, Fr\u00fchst\u00fccksbuffet.\u201c<\/em> Dieses Ma\u00df an Reaktionsf\u00e4higkeit und Zuverl\u00e4ssigkeit hat das Hotel sowohl bei Vielfliegern als auch bei Erstbesuchern in China zu einem Favoriten gemacht.<\/p><div class=\"my-2\">\u00a0<\/div><h3>Warum Reisende dieses Erlebnis lieben<\/h3><p>Der <strong>Selbstbedienungswaschk\u00fcche \u201eHao Jing\u201c<\/strong> ausgestattet mit <strong>Hochwertige gewerbliche Waschmaschinen und Trockner mit UV-Desinfektion und Hochtemperatur-Sterilisation<\/strong> hat f\u00fcr Langstreckenreisende eine bahnbrechende Neuerung gebracht. G\u00e4ste sch\u00e4tzen den Komfort und die Hygiene, insbesondere bei der Vorbereitung auf aufeinanderfolgende Meetings oder l\u00e4ngere Reisen. Die Trennung von Wasch- und Trockenzyklen sorgt f\u00fcr eine schonende Behandlung der Kleidung \u2013 keine feuchte oder zerknitterte Business-Kleidung mehr.<\/p><p>Der <strong>Executive Lounge \u201eHao Ju\u201c<\/strong> Und <strong>Lobbybar \u201eHao Wu\u201c<\/strong> bieten ruhige R\u00e4ume zum Entspannen oder zum Erledigen von Arbeit, w\u00e4hrend die <strong>modernes Fitnesscenter<\/strong> bietet einen privaten R\u00fcckzugsort zum Dehnen, Schwitzen oder Entspannen. Reisende auf <strong>TripAdvisor<\/strong> und andere Plattformen erw\u00e4hnen oft, dass diese durchdachten Annehmlichkeiten einen kurzen Zwischenstopp wie eine erholsame Auszeit erscheinen lassen.<\/p><p>Das Fr\u00fchst\u00fcck ist ein weiteres Highlight mit einem <strong>Gut zusammengestelltes Buffet von 6:30 bis 10:00 Uhr<\/strong>und bietet sowohl <strong>Westliche und chinesische Optionen<\/strong>. Die G\u00e4ste sch\u00e4tzen das gro\u00dfz\u00fcgige Zeitfenster, das Gedr\u00e4nge verhindert und ein entspanntes Essenserlebnis erm\u00f6glicht. Die Qualit\u00e4t der Zutaten, die Vielfalt der Gerichte und das saubere, moderne Ambiente des <strong>Restaurant \u201eHao Wei\u201c<\/strong> erhalten durchweg gute Noten.<\/p><div class=\"my-2\">\u00a0<\/div><h3>Konstant hohe Bewertungen in allen wichtigen Kategorien<\/h3><p>Das Hotel <strong>9,8\/10 Bewertungen in allen wichtigen Kategorien<\/strong>\u2014<strong>Sauberkeit, Ausstattung, Lage und Service<\/strong>\u2014spiegeln ein Engagement f\u00fcr Exzellenz wider, das bei jedem Gast Anklang findet. Seine <strong>N\u00e4he zum Bahnhof Daxingjichang und zur U-Bahn-Linie Daxing Airport<\/strong> macht es zu einem strategischen Knotenpunkt f\u00fcr Reisende, die in die Innenstadt von Peking oder dar\u00fcber hinaus reisen. Die Verf\u00fcgbarkeit <strong>\u00dcbersetzungstools, mehrsprachiges Personal und Self-Check-in-Kioske<\/strong> verbessert die Zug\u00e4nglichkeit f\u00fcr internationale G\u00e4ste, die mit der Landessprache oder den Apps nicht vertraut sind, weiter.<\/p><p>Sogar kleine Details \u2013 wie <strong>kostenloses WLAN, Minibars, ergonomische Arbeitspl\u00e4tze und elektronische Vorh\u00e4nge<\/strong>\u2013 werden in Rezensionen immer wieder gelobt. Die Integration von <strong>Serviceroboter<\/strong> verleiht ein futuristisches Flair und gew\u00e4hrleistet gleichzeitig eine schnelle Lieferung des N\u00f6tigsten, wobei Innovation mit Zweckm\u00e4\u00dfigkeit verbunden wird.<\/p><div class=\"my-2\">\u00a0<\/div><h3>Eine vertrauensw\u00fcrdige Wahl f\u00fcr anspruchsvolle Reisende<\/h3><p>Egal, ob Sie nach einer ruhigen Nachtruhe vor einem fr\u00fchen Flug, einem produktiven Zwischenstopp mit zuverl\u00e4ssigen Business-Services oder einem sauberen, technisch versierten R\u00fcckzugsort nach einer langen Reise suchen, die <strong>Beijing Daxing International Airport Intercity Hotel<\/strong> h\u00e4lt jedes Versprechen. Mit begeisterten Testimonials auf <strong>Trip.com<\/strong>, wachsende Anerkennung auf <strong>TripAdvisor<\/strong>und eine G\u00e4stezufriedenheitsrate von <strong>99% positives Feedback<\/strong>Kein Wunder, dass dieses Hotel schnell zum Goldstandard f\u00fcr Flughafenunterk\u00fcnfte in Peking wird.<\/p><p data-spm-anchor-id=\"a2ty_o01.29997173.0.i40.5e52c92120wETC\">Erleben Sie die Zukunft der Reisegastfreundschaft \u2013 wo <strong>intelligentes Design, deutsch inspirierte Effizienz und herzlicher Service<\/strong> Kommen Sie zusammen, um Erinnerungen zu schaffen, die vom Moment Ihrer Ankunft an beginnen. Verlassen Sie sich nicht nur auf unser Wort \u2013<strong>Lesen Sie die Bewertungen und erfahren Sie, warum Reisende dieses Hotel als \u201eneue Anlaufstelle\u201c in Peking bezeichnen.<\/strong><\/p>\t\t\t\t\t\t\t\t<\/div>\n\t\t\t\t\t<\/div>\n\t\t\t\t<\/div>\n\t\t\t\t<\/div>","protected":false},"excerpt":{"rendered":"<p>Exceptional Guest Experiences at Beijing Daxing International Airport Intercity Hotel \u2013 Where Modern Comfort Meets Unforgettable Service When it comes to choosing the perfect airport hotel in Beijing, traveler reviews speak volumes\u2014and at the Beijing Daxing International Airport Intercity Hotel, the verdict is clear: guests don\u2019t just stay, they are genuinely impressed. Located just 1.8 [&hellip;]<\/p>\n","protected":false},"author":1,"featured_media":0,"parent":0,"menu_order":0,"comment_status":"closed","ping_status":"closed","template":"","meta":{"footnotes":""},"class_list":["post-2106","page","type-page","status-publish","hentry","post-no-thumbnail"],"_links":{"self":[{"href":"https:\/\/intercityhotelbeijing.com\/de\/wp-json\/wp\/v2\/pages\/2106","targetHints":{"allow":["GET"]}}],"collection":[{"href":"https:\/\/intercityhotelbeijing.com\/de\/wp-json\/wp\/v2\/pages"}],"about":[{"href":"https:\/\/intercityhotelbeijing.com\/de\/wp-json\/wp\/v2\/types\/page"}],"author":[{"embeddable":true,"href":"https:\/\/intercityhotelbeijing.com\/de\/wp-json\/wp\/v2\/users\/1"}],"replies":[{"embeddable":true,"href":"https:\/\/intercityhotelbeijing.com\/de\/wp-json\/wp\/v2\/comments?post=2106"}],"version-history":[{"count":0,"href":"https:\/\/intercityhotelbeijing.com\/de\/wp-json\/wp\/v2\/pages\/2106\/revisions"}],"wp:attachment":[{"href":"https:\/\/intercityhotelbeijing.com\/de\/wp-json\/wp\/v2\/media?parent=2106"}],"curies":[{"name":"wp","href":"https:\/\/api.w.org\/{rel}","templated":true}]}}