{"id":2105,"date":"2021-03-24T07:25:45","date_gmt":"2021-03-24T07:25:45","guid":{"rendered":"http:\/\/localhost\/nuss\/?page_id=235"},"modified":"2025-12-06T07:54:50","modified_gmt":"2025-12-06T07:54:50","slug":"faqs","status":"publish","type":"page","link":"https:\/\/intercityhotelbeijing.com\/de\/faqs\/","title":{"rendered":"FAQs"},"content":{"rendered":"<div data-elementor-type=\"wp-page\" data-elementor-id=\"2105\" class=\"elementor elementor-2105\">\n\t\t\t\t\t\t<section class=\"elementor-section elementor-top-section elementor-element elementor-element-2a96a73 elementor-section-boxed elementor-section-gap-beside-yes elementor-section-height-default elementor-section-height-default elementor-section-column-vertical-align-stretch\" data-id=\"2a96a73\" data-element_type=\"section\" data-e-type=\"section\">\n\t\t\t\t\t\t<div class=\"elementor-container elementor-column-gap-extended\">\n\t\t\t\t\t<div class=\"elementor-column elementor-col-100 elementor-top-column elementor-element elementor-element-98ef20c\" data-id=\"98ef20c\" data-element_type=\"column\" data-e-type=\"column\">\n\t\t\t<div class=\"elementor-widget-wrap elementor-element-populated\">\n\t\t\t\t\t\t<div class=\"elementor-element elementor-element-97088c0 elementor-widget__width-initial elementor-invisible elementor-widget elementor-widget-text-editor\" data-id=\"97088c0\" data-element_type=\"widget\" data-e-type=\"widget\" data-settings=\"{&quot;_animation&quot;:&quot;nussFadeInUp&quot;}\" data-widget_type=\"text-editor.default\">\n\t\t\t\t\t\t\t\t\t<p>Nachfolgend finden Sie eine Liste der am h\u00e4ufigsten von unseren G\u00e4sten gestellten Fragen.<\/p>\t\t\t\t\t\t\t\t<\/div>\n\t\t\t\t\t<\/div>\n\t\t<\/div>\n\t\t\t\t\t<\/div>\n\t\t<\/section>\n\t\t\t\t<section class=\"elementor-section elementor-top-section elementor-element elementor-element-b184647 elementor-section-gap-beside-no elementor-section-boxed elementor-section-height-default elementor-section-height-default elementor-section-column-vertical-align-stretch\" data-id=\"b184647\" data-element_type=\"section\" data-e-type=\"section\">\n\t\t\t\t\t\t<div class=\"elementor-container elementor-column-gap-extended\">\n\t\t\t\t\t<div class=\"elementor-column elementor-col-100 elementor-top-column elementor-element elementor-element-1d49749\" data-id=\"1d49749\" data-element_type=\"column\" data-e-type=\"column\">\n\t\t\t<div class=\"elementor-widget-wrap elementor-element-populated\">\n\t\t\t\t\t\t<div class=\"elementor-element elementor-element-b986a9e elementor-invisible elementor-widget elementor-widget-nuss-heading\" data-id=\"b986a9e\" data-element_type=\"widget\" data-e-type=\"widget\" data-settings=\"{&quot;_animation&quot;:&quot;nussFadeInUp&quot;}\" data-widget_type=\"nuss-heading.default\">\n\t\t\t\t<div class=\"elementor-widget-container\">\n\t\t\t\t\t\t\t<div class=\"nuss-modern-heading\">\r\n\t\t\t\r\n\t\t\t\t\t\t<div class=\"heading-primary-wrap\">\r\n\t\t\t\t<h4 class=\"heading-primary elementor-heading-title\">H\u00e4ufig gestellte Fragen<\/h4>\t\t\t<\/div>\r\n\t\t\r\n\t\t\t\t\t\t<div class=\"heading-divider-wrap\">\r\n\t\t\t\t<div class=\"heading-divider\" style=\"left: 0px;top: 6px\"><\/div>\r\n\t\t\t<\/div>\r\n\t\r\n\t\t\t\t\t<\/div>\r\n\t\t\t\t\t<\/div>\n\t\t\t\t<\/div>\n\t\t\t\t<div class=\"elementor-element elementor-element-50f0733 elementor-invisible elementor-widget elementor-widget-heading\" data-id=\"50f0733\" data-element_type=\"widget\" data-e-type=\"widget\" data-settings=\"{&quot;_animation&quot;:&quot;nussFadeInUp&quot;}\" data-widget_type=\"heading.default\">\n\t\t\t\t\t<h2 class=\"elementor-heading-title elementor-size-default\">Fragen &amp; Antworten<\/h2>\t\t\t\t<\/div>\n\t\t\t\t<div class=\"elementor-element elementor-element-71a435e elementor-widget elementor-widget-text-editor\" data-id=\"71a435e\" data-element_type=\"widget\" data-e-type=\"widget\" data-widget_type=\"text-editor.default\">\n\t\t\t\t\t\t\t\t\t<h3><strong>1. Bietet das Hotel einen Flughafentransfer an?<\/strong><\/h3><p>Ja, das Hotel bietet <strong>kostenloser Flughafen-Shuttleservice rund um die Uhr<\/strong> zum und vom internationalen Flughafen Peking-Daxing (PKX). Shuttles sind auf Anfrage verf\u00fcgbar und k\u00f6nnen \u00fcber die Trip.com-App oder telefonisch an der Rezeption gebucht werden.<\/p><div class=\"my-2\">\u00a0<\/div><div class=\"py-2 my-3\"><hr \/><\/div><div class=\"my-2\">\u00a0<\/div><h3><strong>2. Wie weit ist das Hotel vom internationalen Flughafen Peking-Daxing entfernt?<\/strong><\/h3><p>Das Hotel ist nur <strong>1,8 km (ungef\u00e4hr 1,1 Meilen)<\/strong> von den Flughafenterminals entfernt und ist damit eines der n\u00e4chstgelegenen Hotels zu PKX.<\/p><div class=\"my-2\">\u00a0<\/div><div class=\"py-2 my-3\"><hr \/><\/div><div class=\"my-2\">\u00a0<\/div><h3><strong>3. Ist der Flughafenshuttle kostenlos?<\/strong><\/h3><p>Ja, beides <strong>Abhol- und Bring-Shuttleservice<\/strong> zum internationalen Flughafen Peking-Daxing sind v\u00f6llig kostenlos.<\/p><div class=\"my-2\">\u00a0<\/div><div class=\"py-2 my-3\"><hr \/><\/div><div class=\"my-2\">\u00a0<\/div><h3><strong>4. Wie buche ich den kostenlosen Flughafenshuttle?<\/strong><\/h3><p>Sie k\u00f6nnen den Shuttle vorab buchen \u00fcber die <strong>Trip.com-App<\/strong> nach der Buchung Ihres Aufenthalts. Senden Sie dem Hotel einfach \u00fcber die App eine Nachricht mit Ihren Flugdaten und Ihrer Ankunftszeit.<\/p><div class=\"my-2\">\u00a0<\/div><div class=\"py-2 my-3\"><hr \/><\/div><div class=\"my-2\">\u00a0<\/div><h3><strong>5. Was sind die Check-in- und Check-out-Zeiten?<\/strong><\/h3><ul><li><strong>Einchecken:<\/strong> Nach <strong>14:00 (14:00 Uhr)<\/strong><\/li><li><strong>Kasse:<\/strong> Vor <strong>14:00 (14:00 Uhr)<\/strong><br \/>Ein fr\u00fcher Check-in oder ein sp\u00e4ter Check-out ist auf Anfrage und je nach Verf\u00fcgbarkeit m\u00f6glich.<\/li><\/ul><div class=\"my-2\">\u00a0<\/div><div class=\"py-2 my-3\"><hr \/><\/div><div class=\"my-2\">\u00a0<\/div><h3><strong>6. Gibt es eine 24-Stunden-Rezeption?<\/strong><\/h3><p>Ja, das Hotel verf\u00fcgt \u00fcber eine <strong>24-Stunden-Rezeption<\/strong> mit mehrsprachigem Personal und Self-Check-in-Automaten f\u00fcr eine reibungslose Ankunft zu jeder Zeit.<\/p><div class=\"my-2\">\u00a0<\/div><div class=\"py-2 my-3\"><hr \/><\/div><div class=\"my-2\">\u00a0<\/div><h3><strong>7. Verf\u00fcgt das Hotel \u00fcber kostenloses WLAN?<\/strong><\/h3><p>Ja, <strong>kostenloses Highspeed-WLAN<\/strong> ist in allen G\u00e4stezimmern und \u00f6ffentlichen Bereichen verf\u00fcgbar.<\/p><div class=\"my-2\">\u00a0<\/div><div class=\"py-2 my-3\"><hr \/><\/div><div class=\"my-2\">\u00a0<\/div><h3><strong>8. Ist das Fr\u00fchst\u00fcck inbegriffen?<\/strong><\/h3><p>Das Fr\u00fchst\u00fcck ist nicht automatisch inklusive, kann aber vor Ort erworben werden.<\/p><ul><li><strong>Typ:<\/strong> Buffet (westliche und chinesische Optionen)<\/li><li><strong>Preis:<\/strong> 78 CNY pro Erwachsenem (ca. $10,87)<\/li><li><strong>Kinder unter 1,2 m:<\/strong> Frei<\/li><li><strong>\u00d6ffnungszeiten:<\/strong> 06:30 \u2013 10:00 t\u00e4glich<\/li><\/ul><div class=\"my-2\">\u00a0<\/div><div class=\"py-2 my-3\"><hr \/><\/div><div class=\"my-2\">\u00a0<\/div><h3><strong>9. Um wie viel Uhr wird das Fr\u00fchst\u00fcck serviert?<\/strong><\/h3><p>Das Fr\u00fchst\u00fcck wird serviert von <strong>06:30 bis 10:00 Uhr<\/strong>, wodurch ein gro\u00dfes Zeitfenster f\u00fcr Fr\u00fchfl\u00fcge und Langschl\u00e4fer geschaffen wird.<\/p><div class=\"my-2\">\u00a0<\/div><div class=\"py-2 my-3\"><hr \/><\/div><div class=\"my-2\">\u00a0<\/div><h3><strong>10. Gibt es im Hotel ein Restaurant?<\/strong><\/h3><p>Ja, das hoteleigene Restaurant <strong>\u201eHao Wei\u201c<\/strong> serviert ein modernes Fr\u00fchst\u00fccksbuffet mit chinesischen und saisonalen Themen, darunter auch deutsch inspirierte Gerichte. Abendessen wird nicht serviert, aber nahe gelegene Restaurants sind zu Fu\u00df erreichbar.<\/p><div class=\"my-2\">\u00a0<\/div><div class=\"py-2 my-3\"><hr \/><\/div><div class=\"my-2\">\u00a0<\/div><h3><strong>11. Gibt es eine Lobbybar oder ein Caf\u00e9?<\/strong><\/h3><p>Ja, die <strong>Lobbybar \u201eHao Wu\u201c<\/strong> bietet seinen G\u00e4sten eine Auswahl an Premium-Kaffee und leichten Erfrischungen.<\/p><div class=\"my-2\">\u00a0<\/div><div class=\"py-2 my-3\"><hr \/><\/div><div class=\"my-2\">\u00a0<\/div><h3><strong>12. Gibt es in der N\u00e4he Restaurants?<\/strong><\/h3><p>Ja, mehrere lokale Restaurants und Grilll\u00e4den befinden sich in einem <strong>1 km zu Fu\u00df<\/strong>, einschlie\u00dflich Optionen f\u00fcr Mahlzeiten sp\u00e4t in der Nacht.<\/p><div class=\"my-2\">\u00a0<\/div><div class=\"py-2 my-3\"><hr \/><\/div><div class=\"my-2\">\u00a0<\/div><h3><strong>13. Verf\u00fcgt das Hotel \u00fcber ein Fitnesscenter?<\/strong><\/h3><p>Ja, die <strong>Fitnessraum \u201eHaojing\u201c<\/strong> steht registrierten G\u00e4sten rund um die Uhr zur Verf\u00fcgung und bietet moderne Ausstattung in einer sauberen, privaten Umgebung.<\/p><div class=\"my-2\">\u00a0<\/div><div class=\"py-2 my-3\"><hr \/><\/div><div class=\"my-2\">\u00a0<\/div><h3><strong>14. Gibt es einen W\u00e4scheservice?<\/strong><\/h3><p>Ja, das Hotel verf\u00fcgt \u00fcber ein <strong>Selbstbedienungs-Multifunktionswaschraum (\u201eHaojing\u201c)<\/strong> mit hochwertigen gewerblichen Waschmaschinen und Trocknern. Es umfasst <strong>Hochtemperatur- + UV-Desinfektion<\/strong> und ist <strong>kostenlos<\/strong> f\u00fcr G\u00e4ste.<\/p><div class=\"my-2\">\u00a0<\/div><div class=\"py-2 my-3\"><hr \/><\/div><div class=\"my-2\">\u00a0<\/div><h3><strong>15. Kann ich mein Haustier mitbringen?<\/strong><\/h3><p>NEIN, <strong>Haustiere sind nicht erlaubt<\/strong>. Jedoch, <strong>Assistenztiere<\/strong> sind auf Anfrage gestattet.<\/p><div class=\"my-2\">\u00a0<\/div><div class=\"py-2 my-3\"><hr \/><\/div><div class=\"my-2\">\u00a0<\/div><h3><strong>16. Sind Kinder erlaubt?<\/strong><\/h3><p>Ja, Kinder sind willkommen.<\/p><ul><li><strong>Kinder im Alter von 0\u201317 Jahren<\/strong> k\u00f6nnen kostenlos \u00fcbernachten, wenn kein Zustellbett ben\u00f6tigt wird.<\/li><li><strong>Zustellbetten<\/strong> sind f\u00fcr 150 CNY pro Person und Nacht erh\u00e4ltlich.<\/li><\/ul><div class=\"my-2\">\u00a0<\/div><div class=\"py-2 my-3\"><hr \/><\/div><div class=\"my-2\">\u00a0<\/div><h3><strong>17. Gibt es Parkpl\u00e4tze?<\/strong><\/h3><p>Ja, <strong>\u00f6ffentliche Parkpl\u00e4tze vor Ort<\/strong> ist gegen Geb\u00fchr erh\u00e4ltlich:<\/p><ul><li><strong>100 CNY pro Tag<\/strong> (ca. $13.93)<\/li><li>Begrenzte Pl\u00e4tze, keine Reservierung erforderlich<\/li><\/ul><div class=\"my-2\">\u00a0<\/div><div class=\"py-2 my-3\"><hr \/><\/div><div class=\"my-2\">\u00a0<\/div><h3><strong>18. Welche Smart-Features gibt es in den Zimmern?<\/strong><\/h3><p>Zimmerausstattung <strong>Fahrrad vollintelligente Steuerungssysteme<\/strong>, einschlie\u00dflich:<\/p><ul><li>Elektronische Vorh\u00e4nge<\/li><li>Klima- und Lichtsteuerung \u00fcber Panel<\/li><li>Sealy Silken Matratzen<\/li><li>Toilettenartikel der Marke Appelles<\/li><li>Delong Hei\u00dfwasserkessel<\/li><li>TV-Projektionssysteme<\/li><\/ul><div class=\"my-2\">\u00a0<\/div><div class=\"py-2 my-3\"><hr \/><\/div><div class=\"my-2\">\u00a0<\/div><h3><strong>19. Gibt es Serviceroboter im Hotel?<\/strong><\/h3><p>Ja, <strong>Roboterbutler<\/strong> werden zur Bereitstellung von Artikeln und Annehmlichkeiten des Zimmerservice verwendet und verleihen dem G\u00e4steservice eine futuristische und effiziente Note.<\/p><div class=\"my-2\">\u00a0<\/div><div class=\"py-2 my-3\"><hr \/><\/div><div class=\"my-2\">\u00a0<\/div><h3><strong>20. Ist das Hotel f\u00fcr Gesch\u00e4ftsreisende geeignet?<\/strong><\/h3><p>Absolut. Das Hotel ist speziell f\u00fcr Gesch\u00e4ftsreisende konzipiert und bietet:<\/p><ul><li><strong>\u201eHao Ju\u201c Executive Lounge<\/strong> f\u00fcr Meetings<\/li><li>Fax- und Kopierdienste (kostenlos)<\/li><li>Verf\u00fcgbare \u00dcbersetzungstools<\/li><li>24\/7 Zugang zu Fitness und W\u00e4scheservice<\/li><li>Express-Check-in\/-out und Selbstbedienungskioske<\/li><\/ul><div class=\"my-2\">\u00a0<\/div><div class=\"py-2 my-3\"><hr \/><\/div><div class=\"my-2\">\u00a0<\/div><p data-spm-anchor-id=\"a2ty_o01.29997173.0.i43.5e52c92120wETC\">Mit seinem <strong>9,8\/10 G\u00e4stebewertung auf Trip.com<\/strong>, modernste Annehmlichkeiten und unschlagbare N\u00e4he zum Flughafen, dem <strong>Beijing Daxing International Airport Intercity Hotel<\/strong> ist die erste Wahl f\u00fcr Reisende, die Komfort, Bequemlichkeit und Innovation suchen \u2013 und das alles nur wenige Minuten von einem der modernsten Luftfahrtdrehkreuze der Welt entfernt.<\/p>\t\t\t\t\t\t\t\t<\/div>\n\t\t\t\t\t<\/div>\n\t\t<\/div>\n\t\t\t\t\t<\/div>\n\t\t<\/section>\n\t\t\t\t<\/div>","protected":false},"excerpt":{"rendered":"<p>Below, you will find a list of the questions most frequently asked by our guests. FAQ&#8217;S Questions &amp; Answers 1. Does the hotel offer airport shuttle service? Yes, the hotel provides free 24\/7 airport shuttle service to and from Beijing Daxing International Airport (PKX). Shuttles are available on demand and can be booked via the [&hellip;]<\/p>\n","protected":false},"author":1,"featured_media":0,"parent":0,"menu_order":0,"comment_status":"closed","ping_status":"closed","template":"","meta":{"footnotes":""},"class_list":["post-2105","page","type-page","status-publish","hentry","post-no-thumbnail"],"_links":{"self":[{"href":"https:\/\/intercityhotelbeijing.com\/de\/wp-json\/wp\/v2\/pages\/2105","targetHints":{"allow":["GET"]}}],"collection":[{"href":"https:\/\/intercityhotelbeijing.com\/de\/wp-json\/wp\/v2\/pages"}],"about":[{"href":"https:\/\/intercityhotelbeijing.com\/de\/wp-json\/wp\/v2\/types\/page"}],"author":[{"embeddable":true,"href":"https:\/\/intercityhotelbeijing.com\/de\/wp-json\/wp\/v2\/users\/1"}],"replies":[{"embeddable":true,"href":"https:\/\/intercityhotelbeijing.com\/de\/wp-json\/wp\/v2\/comments?post=2105"}],"version-history":[{"count":0,"href":"https:\/\/intercityhotelbeijing.com\/de\/wp-json\/wp\/v2\/pages\/2105\/revisions"}],"wp:attachment":[{"href":"https:\/\/intercityhotelbeijing.com\/de\/wp-json\/wp\/v2\/media?parent=2105"}],"curies":[{"name":"wp","href":"https:\/\/api.w.org\/{rel}","templated":true}]}}