{"id":2104,"date":"2021-03-23T09:33:48","date_gmt":"2021-03-23T09:33:48","guid":{"rendered":"http:\/\/localhost\/nuss\/?page_id=167"},"modified":"2025-12-06T07:54:57","modified_gmt":"2025-12-06T07:54:57","slug":"unsere-geschichte","status":"publish","type":"page","link":"https:\/\/intercityhotelbeijing.com\/de\/unsere-geschichte\/","title":{"rendered":"Unsere Geschichte"},"content":{"rendered":"<div data-elementor-type=\"wp-page\" data-elementor-id=\"2104\" class=\"elementor elementor-2104\">\n\t\t\t\t\t\t<section class=\"elementor-section elementor-top-section elementor-element elementor-element-8f5bb9d elementor-section-boxed elementor-section-gap-beside-yes elementor-section-height-default elementor-section-height-default elementor-section-column-vertical-align-stretch\" data-id=\"8f5bb9d\" data-element_type=\"section\" data-e-type=\"section\">\n\t\t\t\t\t\t<div class=\"elementor-container elementor-column-gap-extended\">\n\t\t\t\t\t<div class=\"elementor-column elementor-col-100 elementor-top-column elementor-element elementor-element-7ec4215\" data-id=\"7ec4215\" data-element_type=\"column\" data-e-type=\"column\">\n\t\t\t<div class=\"elementor-widget-wrap elementor-element-populated\">\n\t\t\t\t\t\t<div class=\"elementor-element elementor-element-edd9d03 elementor-widget__width-initial elementor-invisible elementor-widget elementor-widget-text-editor\" data-id=\"edd9d03\" data-element_type=\"widget\" data-e-type=\"widget\" data-settings=\"{&quot;_animation&quot;:&quot;nussFadeInUp&quot;}\" data-widget_type=\"text-editor.default\">\n\t\t\t\t\t\t\t\t\t<p>Wo deutsche Pr\u00e4zision auf Pekings Gastfreundschaft trifft<\/p>\t\t\t\t\t\t\t\t<\/div>\n\t\t\t\t\t<\/div>\n\t\t<\/div>\n\t\t\t\t\t<\/div>\n\t\t<\/section>\n\t\t\t\t<section class=\"elementor-section elementor-top-section elementor-element elementor-element-fcc2c5b elementor-section-boxed elementor-section-gap-beside-yes elementor-section-height-default elementor-section-height-default elementor-section-column-vertical-align-stretch\" data-id=\"fcc2c5b\" data-element_type=\"section\" data-e-type=\"section\">\n\t\t\t\t\t\t<div class=\"elementor-container elementor-column-gap-extended\">\n\t\t\t\t\t<div class=\"elementor-column elementor-col-100 elementor-top-column elementor-element elementor-element-2f7d653\" data-id=\"2f7d653\" data-element_type=\"column\" data-e-type=\"column\">\n\t\t\t<div class=\"elementor-widget-wrap elementor-element-populated\">\n\t\t\t\t\t\t<div class=\"elementor-element elementor-element-1b172b9 elementor-invisible elementor-widget elementor-widget-heading\" data-id=\"1b172b9\" data-element_type=\"widget\" data-e-type=\"widget\" data-settings=\"{&quot;_animation&quot;:&quot;nussFadeInUp&quot;}\" data-widget_type=\"heading.default\">\n\t\t\t\t\t<h3 class=\"elementor-heading-title elementor-size-default\">Seit 2024<\/h3>\t\t\t\t<\/div>\n\t\t\t\t<div class=\"elementor-element elementor-element-f2402d7 elementor-invisible elementor-widget elementor-widget-text-editor\" data-id=\"f2402d7\" data-element_type=\"widget\" data-e-type=\"widget\" data-settings=\"{&quot;_animation&quot;:&quot;nussFadeInUp&quot;}\" data-widget_type=\"text-editor.default\">\n\t\t\t\t\t\t\t\t\t<p>Im Herzen eines der futuristischsten Luftfahrtzentren der Welt liegt eine Geschichte von Innovation, Komfort und nahtlosem Reisen \u2013 willkommen im <strong>Beijing Daxing International Airport Intercity Hotel<\/strong>, ein Reiseziel, das aus der k\u00fchnen Vision entstanden ist, das Flughafenhotel-Erlebnis neu zu definieren.<\/p><p>Ge\u00f6ffnet in <strong>2024<\/strong>, unser Hotel ist mehr als nur ein Ort zum Ausruhen zwischen den Fl\u00fcgen. Es ist der H\u00f6hepunkt einer Philosophie, die verwurzelt ist in <strong>Deutsch inspirierte Effizienz, intelligentes Design und herzliche Gastfreundschaft<\/strong>\u2013 ein Konzept, das zum Leben erweckt wurde von <strong>H Welt<\/strong>, eine der f\u00fchrenden Hotelgruppen Chinas, in Zusammenarbeit mit internationalen Exzellenzstandards. Nur <strong>1,8 km vom internationalen Flughafen Peking-Daxing (PKX) entfernt<\/strong> bei <strong>Nr. 101, Yuanjing West 2nd Road, Bezirk Daxing<\/strong>, wir stehen an der Schnittstelle zwischen globaler Konnektivit\u00e4t und modernem Stadtleben und bieten Reisenden einen Zufluchtsort, an dem Technologie und Ruhe nebeneinander existieren.<\/p><div class=\"my-2\">\u00a0<\/div><h3>Eine Vision, die aus den Bed\u00fcrfnissen der Reisenden geboren wurde<\/h3><p>Die Idee f\u00fcr das Beijing Daxing International Airport Intercity Hotel begann mit einer einfachen Frage: <em>Was w\u00e4re, wenn ein Flughafenhotel mehr tun k\u00f6nnte, als nur ein Bett anzubieten?<\/em> Was w\u00e4re, wenn es die Bed\u00fcrfnisse des modernen Reisenden vorhersehen k\u00f6nnte \u2013 sei es ein Gesch\u00e4ftsmann auf dem Weg zu einem Meeting, eine Familie auf einer transkontinentalen Reise oder ein alleinreisender Abenteurer, der zwischen den Zielen eine Pause einlegt?<\/p><p>Aus dieser Vision heraus haben wir einen Raum geschaffen, der nicht nur G\u00e4ste beherbergt, sondern <em>erhebt<\/em> ihre Erfahrung. Inspiration aus <strong>Deutsche Ingenieurskunst und minimalistische \u00c4sthetik<\/strong>Wir haben jedes Detail mit Bedacht gestaltet \u2013 klare Linien, intuitive Layouts und intelligente Systeme, die Ihnen die Kontrolle \u00fcber alles geben. Das Ergebnis ist ein Hotel, das sich sowohl futuristisch als auch vertraut, effizient und dennoch warm anf\u00fchlt.<\/p><div class=\"my-2\">\u00a0<\/div><h3>Das Herzst\u00fcck intelligenter Gastfreundschaft<\/h3><p>Von dem Moment an, in dem Sie ankommen, entfaltet sich unsere Geschichte durch Innovation. Die G\u00e4ste werden begr\u00fc\u00dft von <strong>Self-Check-in-Automaten<\/strong> und ein <strong>24-Stunden-Rezeption<\/strong> Mit mehrsprachigem Personal und \u00dcbersetzungstools ist eine reibungslose Kommunikation mit internationalen Besuchern gew\u00e4hrleistet. Doch die wahre Magie liegt im Detail: <strong>Bike vollintelligente Raumsteuerung<\/strong> Sie k\u00f6nnen Beleuchtung, Klima und elektronische Vorh\u00e4nge mit einer Ber\u00fchrung regulieren, w\u00e4hrend <strong>Sealy Silken Matratzen<\/strong> Und <strong>Appelles Premium-Toilettenartikel<\/strong> sorgen f\u00fcr einen erholsamen Schlaf.<\/p><p>Unser Engagement f\u00fcr Komfort geht \u00fcber den Raum hinaus. Die <strong>\u201eHao Jing\u201c multifunktionale Waschk\u00fcche<\/strong> verf\u00fcgt \u00fcber hochwertige gewerbliche Waschmaschinen und Trockner mit <strong>UV-Desinfektion und Hochtemperatur-Sterilisation<\/strong>, eine Premiere in der Flughafen-Gastronomie. Es geht nicht nur um W\u00e4sche \u2013 es ist beruhigend zu wissen, dass Ihre Kleidung mit der gleichen Sorgfalt gepflegt wird wie jeder andere Aspekt Ihres Aufenthalts.<\/p><p>Und dann gibt es noch die <strong>Roboterbutler<\/strong>\u2013 eine einzigartige Kombination aus futuristischem Flair und praktischem Service. Diese autonomen Helfer gleiten durch die G\u00e4nge und liefern mit leiser Effizienz Zimmerservice, Handt\u00fccher und Annehmlichkeiten und verleihen dem Alltag ein Gef\u00fchl des Staunens.<\/p><div class=\"my-2\">\u00a0<\/div><h3>Eine kulinarische und gesellschaftliche Reise<\/h3><p>Unsere Geschichte wird auch durch Geschmack und Verbindung erz\u00e4hlt. Die <strong>Restaurant \u201eHao Wei\u201c<\/strong> spiegelt unser deutsches Erbe mit saisonalen Men\u00fcs wider, die sich verbinden <strong>Chinesische Tradition und europ\u00e4ische Handwerkskunst<\/strong>, bietet ein Fr\u00fchst\u00fccksbuffet, das Reisende immer wieder f\u00fcr seine Vielfalt und Qualit\u00e4t loben. Von dampfenden Dim Sum \u00fcber frisches Geb\u00e4ck bis hin zu importiertem deutschen Aufschnitt schl\u00e4gt jeder Bissen eine Br\u00fccke zwischen den Kulturen.<\/p><p>Am Abend <strong>Lobbybar \u201eHao Wu\u201c<\/strong> wird zu einem Zufluchtsort f\u00fcr ruhige Besinnung oder zwanglose Gespr\u00e4che und serviert fachm\u00e4nnisch gebr\u00fchten Kaffee und leichte Erfrischungen. F\u00fcr Gesch\u00e4ftsreisende ist die <strong>Executive Lounge \u201eHao Ju\u201c<\/strong> bietet einen eleganten Raum f\u00fcr Besprechungen oder konzentriertes Arbeiten, wo beruhigende Musik und aufmerksamer Service eine Atmosph\u00e4re ruhiger Produktivit\u00e4t schaffen.<\/p><div class=\"my-2\">\u00a0<\/div><h3>Entwickelt f\u00fcr den modernen Reisenden<\/h3><p>Wir verstehen, dass die G\u00e4ste von heute nicht nur auf der Durchreise sind - sie suchen <strong>Wert, Effizienz und unvergessliche Erlebnisse<\/strong>Deshalb bieten wir <strong>kostenloser Flughafen-Shuttleservice rund um die Uhr<\/strong>, <strong>kostenloses Highspeed-WLAN<\/strong>, A <strong>24-Stunden-Fitnesscenter<\/strong>, Und <strong>kostenlose Fax- und Kopierdienste<\/strong> f\u00fcr alle, die Arbeit und Reisen unter einen Hut bringen m\u00fcssen. Egal, ob Sie zwei Stunden oder zwei N\u00e4chte hier sind, wir haben jeden Service so konzipiert, dass Ihre Zeit ber\u00fccksichtigt wird und Ihre Reise angenehmer wird.<\/p><p>Unser Standort \u2013 nur wenige Minuten von <strong>Bahnhof Daxingjichang<\/strong> und die <strong>U-Bahn-Linie Flughafen Daxing<\/strong>\u2013 bringt Sie au\u00dferdem ins Zentrum des wachsenden Verkehrsnetzes von Peking und macht uns nicht nur zu einem Tor zum Flughafen, sondern auch zu einem strategischen Ausgangspunkt f\u00fcr die Erkundung der Stadt und dar\u00fcber hinaus.<\/p><div class=\"my-2\">\u00a0<\/div><h3>Ein neues Kapitel im Reisen<\/h3><p>Das Beijing Daxing International Airport Intercity Hotel ist mehr als nur ein Zwischenstopp. Es ist ein <strong>ein neues Kapitel in der Entwicklung der Reisegastfreundschaft<\/strong>\u2013 eines, in dem intelligente Technologie, kulturelle Fusion und g\u00e4steorientiertes Design zusammenkommen, um etwas wirklich Einzigartiges zu schaffen.<\/p><p>Wir sind stolz, Teil der Geschichte von Pekings Wachstum als Weltstadt zu sein, und noch stolzer, Teil zu sein von <em>dein<\/em> Reise. Egal, ob Sie Ihr Abenteuer beginnen, beenden oder kurz unterbrechen, wir laden Sie ein, ein Hotel zu erleben, das Ihre Erwartungen nicht nur erf\u00fcllt, sondern neu interpretiert.<\/p><p data-spm-anchor-id=\"a2ty_o01.29997173.0.i54.5e52c92120wETC\">Dies ist unsere Geschichte. Und jetzt liegt es an Ihnen, sie zu leben.<\/p>\t\t\t\t\t\t\t\t<\/div>\n\t\t\t\t\t<\/div>\n\t\t<\/div>\n\t\t\t\t\t<\/div>\n\t\t<\/section>\n\t\t\t\t<\/div>","protected":false},"excerpt":{"rendered":"<p>Where German precision meets beijing\u2019s spirit of hospitality Since 2024 At the heart of one of the world\u2019s most futuristic aviation hubs lies a story of innovation, comfort, and seamless travel\u2014welcome to the Beijing Daxing International Airport Intercity Hotel, a destination born from a bold vision to redefine the airport hotel experience. Opened in 2024, [&hellip;]<\/p>\n","protected":false},"author":1,"featured_media":0,"parent":0,"menu_order":0,"comment_status":"closed","ping_status":"closed","template":"","meta":{"footnotes":""},"class_list":["post-2104","page","type-page","status-publish","hentry","post-no-thumbnail"],"_links":{"self":[{"href":"https:\/\/intercityhotelbeijing.com\/de\/wp-json\/wp\/v2\/pages\/2104","targetHints":{"allow":["GET"]}}],"collection":[{"href":"https:\/\/intercityhotelbeijing.com\/de\/wp-json\/wp\/v2\/pages"}],"about":[{"href":"https:\/\/intercityhotelbeijing.com\/de\/wp-json\/wp\/v2\/types\/page"}],"author":[{"embeddable":true,"href":"https:\/\/intercityhotelbeijing.com\/de\/wp-json\/wp\/v2\/users\/1"}],"replies":[{"embeddable":true,"href":"https:\/\/intercityhotelbeijing.com\/de\/wp-json\/wp\/v2\/comments?post=2104"}],"version-history":[{"count":0,"href":"https:\/\/intercityhotelbeijing.com\/de\/wp-json\/wp\/v2\/pages\/2104\/revisions"}],"wp:attachment":[{"href":"https:\/\/intercityhotelbeijing.com\/de\/wp-json\/wp\/v2\/media?parent=2104"}],"curies":[{"name":"wp","href":"https:\/\/api.w.org\/{rel}","templated":true}]}}